{"id":8049,"date":"2024-12-13T21:09:50","date_gmt":"2024-12-13T19:09:50","guid":{"rendered":"https:\/\/geliai.lt\/?post_type=product&#038;p=8049"},"modified":"2026-02-26T18:43:09","modified_gmt":"2026-02-26T16:43:09","slug":"monarx-naiv-185-geelikynsilakka","status":"publish","type":"product","link":"https:\/\/geliai.lt\/fi\/parduotuve\/geliniai-lakai\/monarx-naive-185-gelinis-nagu-lakas\/","title":{"rendered":"Monarx Naive 185 \u2013 Geelilakka"},"content":{"rendered":"","protected":false},"excerpt":{"rendered":"<h5>Geelilakka \u2013 Monarx Naive 185<\/h5>\n<p>Violetti hybridikynsilakka \u2013 mihin sit\u00e4 k\u00e4ytet\u00e4\u00e4n?<\/p>\n<p>Violetti hybridikynsilakka &quot;Naive 185&quot; on loistava valinta naisille, jotka pit\u00e4v\u00e4t kirkkaasta ja ilmeikk\u00e4\u00e4st\u00e4 manikyyrist\u00e4. T\u00e4m\u00e4n v\u00e4rin valitsevat varmasti naiset, jotka tuntevat vahvuutensa ja puolustavat rohkeasti heikompiaan.<\/p>\n<p>Violetti manikyyri miellytt\u00e4\u00e4 erityisesti niit\u00e4, jotka rakastavat j\u00e4rjestyst\u00e4, oikeudellisia asiakirjoja ja pienell\u00e4 pr\u00e4nt\u00e4ttyj\u00e4 asiakirjoja. T\u00e4m\u00e4 v\u00e4ri ei ainoastaan korosta luonnettasi, vaan antaa my\u00f6s imagolle eleganssia ja itseluottamusta.<\/p>\n<p>Uskalla valita Naive 185, v\u00e4ri, joka heijastaa voimaa ja hienovaraisuutta samassa!<\/p>","protected":false},"featured_media":15761,"comment_status":"open","ping_status":"closed","template":"","meta":[],"product_brand":[290],"product_cat":[178,218,580],"product_tag":[],"class_list":{"0":"post-8049","1":"product","2":"type-product","3":"status-publish","4":"has-post-thumbnail","6":"product_brand-monarx-nails","7":"product_cat-geliniai-lakai","8":"product_cat-good-vibes-collection","9":"product_cat-nagu-prieziura","11":"first","12":"outofstock","13":"shipping-taxable","14":"purchasable","15":"product-type-simple"},"_links":{"self":[{"href":"https:\/\/geliai.lt\/fi\/wp-json\/wp\/v2\/product\/8049","targetHints":{"allow":["GET"]}}],"collection":[{"href":"https:\/\/geliai.lt\/fi\/wp-json\/wp\/v2\/product"}],"about":[{"href":"https:\/\/geliai.lt\/fi\/wp-json\/wp\/v2\/types\/product"}],"replies":[{"embeddable":true,"href":"https:\/\/geliai.lt\/fi\/wp-json\/wp\/v2\/comments?post=8049"}],"version-history":[{"count":3,"href":"https:\/\/geliai.lt\/fi\/wp-json\/wp\/v2\/product\/8049\/revisions"}],"predecessor-version":[{"id":15762,"href":"https:\/\/geliai.lt\/fi\/wp-json\/wp\/v2\/product\/8049\/revisions\/15762"}],"wp:featuredmedia":[{"embeddable":true,"href":"https:\/\/geliai.lt\/fi\/wp-json\/wp\/v2\/media\/15761"}],"wp:attachment":[{"href":"https:\/\/geliai.lt\/fi\/wp-json\/wp\/v2\/media?parent=8049"}],"wp:term":[{"taxonomy":"product_brand","embeddable":true,"href":"https:\/\/geliai.lt\/fi\/wp-json\/wp\/v2\/product_brand?post=8049"},{"taxonomy":"product_cat","embeddable":true,"href":"https:\/\/geliai.lt\/fi\/wp-json\/wp\/v2\/product_cat?post=8049"},{"taxonomy":"product_tag","embeddable":true,"href":"https:\/\/geliai.lt\/fi\/wp-json\/wp\/v2\/product_tag?post=8049"}],"curies":[{"name":"wp","href":"https:\/\/api.w.org\/{rel}","templated":true}]}}