{"id":8032,"date":"2024-12-13T18:08:23","date_gmt":"2024-12-13T16:08:23","guid":{"rendered":"https:\/\/geliai.lt\/?post_type=product&#038;p=8032"},"modified":"2026-02-26T18:47:44","modified_gmt":"2026-02-26T16:47:44","slug":"monarx-grossamer-178-geelikynsilakka","status":"publish","type":"product","link":"https:\/\/geliai.lt\/fi\/parduotuve\/geliniai-lakai\/monarx-grossamer-178-gelinis-nagu-lakas\/","title":{"rendered":"Monarx Grossamer 178 \u2013 Geelikynsilakka"},"content":{"rendered":"","protected":false},"excerpt":{"rendered":"<h5>Geelikynsilakka \u2013 Monarx Grossamer 178<\/h5>\n<p>Grossamer 178 vaalea hybridi-kynsilakka on loistava valinta naisille, jotka rakastavat ilmeikk\u00e4it\u00e4 ja ainutlaatuisia manikyyrej\u00e4. Jos suosikkiv\u00e4risi tuovat mieleen mehukkaita hedelmi\u00e4, t\u00e4st\u00e4 vaaleasta s\u00e4vyst\u00e4 tulee ehdottomasti kev\u00e4\u00e4n ja kes\u00e4n suosikkisi.<\/p>\n<p>Vaalea s\u00e4vy sopii t\u00e4ydellisesti l\u00e4mpimiin kev\u00e4t- ja kes\u00e4p\u00e4iviin, tuoden tyyliisi pehmeytt\u00e4 ja eleganssia. T\u00e4m\u00e4 s\u00e4vy t\u00e4ydent\u00e4\u00e4 t\u00e4ydellisesti sek\u00e4 arkip\u00e4iv\u00e4n ett\u00e4 eksklusiivisia tyylej\u00e4 antaen kynsille keveytt\u00e4 ja raikkautta.<\/p>\n<p>Nauti hell\u00e4varaisesta ja virkist\u00e4v\u00e4st\u00e4 Grossamer 178 -vaaleas\u00e4vymanikyyrist\u00e4!<\/p>","protected":false},"featured_media":15771,"comment_status":"open","ping_status":"closed","template":"","meta":[],"product_brand":[290],"product_cat":[178,268,580],"product_tag":[],"class_list":{"0":"post-8032","1":"product","2":"type-product","3":"status-publish","4":"has-post-thumbnail","6":"product_brand-monarx-nails","7":"product_cat-geliniai-lakai","8":"product_cat-girl-spring-collection","9":"product_cat-nagu-prieziura","11":"first","12":"outofstock","13":"shipping-taxable","14":"purchasable","15":"product-type-simple"},"_links":{"self":[{"href":"https:\/\/geliai.lt\/fi\/wp-json\/wp\/v2\/product\/8032","targetHints":{"allow":["GET"]}}],"collection":[{"href":"https:\/\/geliai.lt\/fi\/wp-json\/wp\/v2\/product"}],"about":[{"href":"https:\/\/geliai.lt\/fi\/wp-json\/wp\/v2\/types\/product"}],"replies":[{"embeddable":true,"href":"https:\/\/geliai.lt\/fi\/wp-json\/wp\/v2\/comments?post=8032"}],"version-history":[{"count":3,"href":"https:\/\/geliai.lt\/fi\/wp-json\/wp\/v2\/product\/8032\/revisions"}],"predecessor-version":[{"id":15772,"href":"https:\/\/geliai.lt\/fi\/wp-json\/wp\/v2\/product\/8032\/revisions\/15772"}],"wp:featuredmedia":[{"embeddable":true,"href":"https:\/\/geliai.lt\/fi\/wp-json\/wp\/v2\/media\/15771"}],"wp:attachment":[{"href":"https:\/\/geliai.lt\/fi\/wp-json\/wp\/v2\/media?parent=8032"}],"wp:term":[{"taxonomy":"product_brand","embeddable":true,"href":"https:\/\/geliai.lt\/fi\/wp-json\/wp\/v2\/product_brand?post=8032"},{"taxonomy":"product_cat","embeddable":true,"href":"https:\/\/geliai.lt\/fi\/wp-json\/wp\/v2\/product_cat?post=8032"},{"taxonomy":"product_tag","embeddable":true,"href":"https:\/\/geliai.lt\/fi\/wp-json\/wp\/v2\/product_tag?post=8032"}],"curies":[{"name":"wp","href":"https:\/\/api.w.org\/{rel}","templated":true}]}}