{"id":7979,"date":"2024-12-13T15:17:51","date_gmt":"2024-12-13T13:17:51","guid":{"rendered":"https:\/\/geliai.lt\/?post_type=product&#038;p=7979"},"modified":"2026-02-26T18:48:48","modified_gmt":"2026-02-26T16:48:48","slug":"monarx-chaos-192-geelikynsilakka","status":"publish","type":"product","link":"https:\/\/geliai.lt\/fi\/parduotuve\/furia-collection\/monarx-chaos-192-gelinis-nagu-lakas\/","title":{"rendered":"Monarx CHAOS 192 \u2013 Geelikynsilakka"},"content":{"rendered":"","protected":false},"excerpt":{"rendered":"<h5>Geelikynsilakka \u2013 Monarx CHAOS 192<\/h5>\n<p>Monarx FURIA -malliston tummat s\u00e4vyt mahdollistavat t\u00e4ydellisen manikyyrin luomisen, joka tekee vaikutuksen kest\u00e4vyydell\u00e4\u00e4n ja kauniilla v\u00e4rill\u00e4\u00e4n. N\u00e4m\u00e4 ainutlaatuiset s\u00e4vyt n\u00e4ytt\u00e4v\u00e4t upeilta kaiken pituisilla ja muotoisilla kynsill\u00e4. Mitk\u00e4 v\u00e4rit valitset?<\/p>","protected":false},"featured_media":15786,"comment_status":"open","ping_status":"closed","template":"","meta":[],"product_brand":[290],"product_cat":[267,178,580],"product_tag":[],"class_list":{"0":"post-7979","1":"product","2":"type-product","3":"status-publish","4":"has-post-thumbnail","6":"product_brand-monarx-nails","7":"product_cat-furia-collection","8":"product_cat-geliniai-lakai","9":"product_cat-nagu-prieziura","11":"first","12":"outofstock","13":"shipping-taxable","14":"purchasable","15":"product-type-simple"},"_links":{"self":[{"href":"https:\/\/geliai.lt\/fi\/wp-json\/wp\/v2\/product\/7979","targetHints":{"allow":["GET"]}}],"collection":[{"href":"https:\/\/geliai.lt\/fi\/wp-json\/wp\/v2\/product"}],"about":[{"href":"https:\/\/geliai.lt\/fi\/wp-json\/wp\/v2\/types\/product"}],"replies":[{"embeddable":true,"href":"https:\/\/geliai.lt\/fi\/wp-json\/wp\/v2\/comments?post=7979"}],"version-history":[{"count":3,"href":"https:\/\/geliai.lt\/fi\/wp-json\/wp\/v2\/product\/7979\/revisions"}],"predecessor-version":[{"id":15787,"href":"https:\/\/geliai.lt\/fi\/wp-json\/wp\/v2\/product\/7979\/revisions\/15787"}],"wp:featuredmedia":[{"embeddable":true,"href":"https:\/\/geliai.lt\/fi\/wp-json\/wp\/v2\/media\/15786"}],"wp:attachment":[{"href":"https:\/\/geliai.lt\/fi\/wp-json\/wp\/v2\/media?parent=7979"}],"wp:term":[{"taxonomy":"product_brand","embeddable":true,"href":"https:\/\/geliai.lt\/fi\/wp-json\/wp\/v2\/product_brand?post=7979"},{"taxonomy":"product_cat","embeddable":true,"href":"https:\/\/geliai.lt\/fi\/wp-json\/wp\/v2\/product_cat?post=7979"},{"taxonomy":"product_tag","embeddable":true,"href":"https:\/\/geliai.lt\/fi\/wp-json\/wp\/v2\/product_tag?post=7979"}],"curies":[{"name":"wp","href":"https:\/\/api.w.org\/{rel}","templated":true}]}}