{"id":7498,"date":"2024-11-18T15:29:48","date_gmt":"2024-11-18T13:29:48","guid":{"rendered":"https:\/\/geliai.lt\/?post_type=product&#038;p=7498"},"modified":"2026-02-20T12:45:58","modified_gmt":"2026-02-20T10:45:58","slug":"ammattitason-kynsinauhojen-sakset-x-linja-5-hengelle-18-mm-pienet","status":"publish","type":"product","link":"https:\/\/geliai.lt\/fi\/parduotuve\/instrumentai\/profesionalios-odeles-zirklutes-x-line-5-asmenys-18-mm-small\/","title":{"rendered":"Ammattimaiset kynsinauhasakset X-line 5"},"content":{"rendered":"<p>HEAD Beauty Tools pyrkii yhdist\u00e4m\u00e4\u00e4n estetiikan, toimivuuden ja korkeimmat laatustandardit, mik\u00e4 tekee saksistamme luotettavan valinnan ammattilaisille, jotka arvostavat laatua ja ammattitaitoa.<\/p>\n<p>HEAD Beauty Tools \u2013 Ammattimaiset kynsinauhasakset X-line 5, 18 mm ter\u00e4, pienet<br \/>\nSX-5-18<\/p>","protected":false},"excerpt":{"rendered":"<h5>Ammattimaiset kynsinauhasakset<\/h5>\n<p>HEAD Beauty Tools on korkealaatuisten kauneusty\u00f6kalujen valmistaja, joka on erikoistunut ammattimaisten saksien, manikyyri- ja pedikyyrity\u00f6kalujen kehitt\u00e4miseen. Tuotteemme erottuvat edukseen paitsi toiminnallisuudellaan, my\u00f6s tarkalla muotoilullaan, joka vastaa k\u00e4sity\u00f6l\u00e4isten korkeimpiin vaatimuksiin.<\/p>\n<p>Sakset on valmistettu k\u00e4ytt\u00e4en edistyneint\u00e4 teknologiaa ja korkealaatuista l\u00e4\u00e4ketieteellist\u00e4 ruostumatonta ter\u00e4st\u00e4, mik\u00e4 takaa ty\u00f6kalujen kest\u00e4vyyden ja korroosionkest\u00e4vyyden. Ergonominen muotoilu takaa maksimaalisen mukavuuden ty\u00f6skentelyn aikana, joten ty\u00f6kalumme sopivat sek\u00e4 aloittelijoille ett\u00e4 kokeneille k\u00e4sity\u00f6l\u00e4isille.<\/p>","protected":false},"featured_media":15815,"comment_status":"open","ping_status":"closed","template":"","meta":[],"product_brand":[294],"product_cat":[288,256],"product_tag":[],"class_list":{"0":"post-7498","1":"product","2":"type-product","3":"status-publish","4":"has-post-thumbnail","6":"product_brand-head-the-beauty-tools","7":"product_cat-instrumentai","8":"product_cat-zirklutes","10":"first","11":"instock","12":"shipping-taxable","13":"purchasable","14":"product-type-simple"},"_links":{"self":[{"href":"https:\/\/geliai.lt\/fi\/wp-json\/wp\/v2\/product\/7498","targetHints":{"allow":["GET"]}}],"collection":[{"href":"https:\/\/geliai.lt\/fi\/wp-json\/wp\/v2\/product"}],"about":[{"href":"https:\/\/geliai.lt\/fi\/wp-json\/wp\/v2\/types\/product"}],"replies":[{"embeddable":true,"href":"https:\/\/geliai.lt\/fi\/wp-json\/wp\/v2\/comments?post=7498"}],"version-history":[{"count":3,"href":"https:\/\/geliai.lt\/fi\/wp-json\/wp\/v2\/product\/7498\/revisions"}],"predecessor-version":[{"id":15816,"href":"https:\/\/geliai.lt\/fi\/wp-json\/wp\/v2\/product\/7498\/revisions\/15816"}],"wp:featuredmedia":[{"embeddable":true,"href":"https:\/\/geliai.lt\/fi\/wp-json\/wp\/v2\/media\/15815"}],"wp:attachment":[{"href":"https:\/\/geliai.lt\/fi\/wp-json\/wp\/v2\/media?parent=7498"}],"wp:term":[{"taxonomy":"product_brand","embeddable":true,"href":"https:\/\/geliai.lt\/fi\/wp-json\/wp\/v2\/product_brand?post=7498"},{"taxonomy":"product_cat","embeddable":true,"href":"https:\/\/geliai.lt\/fi\/wp-json\/wp\/v2\/product_cat?post=7498"},{"taxonomy":"product_tag","embeddable":true,"href":"https:\/\/geliai.lt\/fi\/wp-json\/wp\/v2\/product_tag?post=7498"}],"curies":[{"name":"wp","href":"https:\/\/api.w.org\/{rel}","templated":true}]}}