{"id":7457,"date":"2024-11-18T09:42:34","date_gmt":"2024-11-18T07:42:34","guid":{"rendered":"https:\/\/geliai.lt\/?post_type=product&#038;p=7457"},"modified":"2026-02-20T13:24:44","modified_gmt":"2026-02-20T11:24:44","slug":"ammattitason-kynsinauhojen-leikkurit-x-linja-2-l-105-mm-yksilolliset-9-mm-matala-kanta","status":"publish","type":"product","link":"https:\/\/geliai.lt\/fi\/parduotuve\/instrumentai\/profesionalios-odeliu-znyplutes-x-line-2-l-105-mm-asmenys-9-mm-low-heel\/","title":{"rendered":"Ammattimaiset kynsinauhaleikkurit X-line 2"},"content":{"rendered":"<p>Ammattimaiset kynsinauhaleikkurit &quot;X-line 2&quot;, pituus 105 mm, ter\u00e4 9 mm, matala kanta\u201e<br \/>\nNX-2-9<\/p>","protected":false},"excerpt":{"rendered":"<h5>Ammattimaiset kynsinauhaleikkurit X-line 2<\/h5>\n<p>Head Beautyn ammattilaistason kynsisakset - valmistettu ruostumattomasta ter\u00e4ksest\u00e4, mik\u00e4 takaa pitk\u00e4n k\u00e4ytt\u00f6i\u00e4n ja luotettavuuden. Ergonomiset, mattapintaisella ulkopinnalla ja kiilt\u00e4v\u00e4ll\u00e4 sis\u00e4kahvoilla varustetut leikkurit tarjoavat mukavan ja tarkan k\u00e4yt\u00f6n. Kahvojen sulava ja pehme\u00e4 sulkeutuminen, ihanteellinen pienille k\u00e4sille. T\u00e4ydelliset ammattilaisille, varmistaen korkean tarkkuuden ja k\u00e4ytt\u00f6mukavuuden.<\/p>","protected":false},"featured_media":15833,"comment_status":"open","ping_status":"closed","template":"","meta":[],"product_brand":[294],"product_cat":[288,257],"product_tag":[],"class_list":{"0":"post-7457","1":"product","2":"type-product","3":"status-publish","4":"has-post-thumbnail","6":"product_brand-head-the-beauty-tools","7":"product_cat-instrumentai","8":"product_cat-znyples","10":"first","11":"instock","12":"shipping-taxable","13":"purchasable","14":"product-type-simple"},"_links":{"self":[{"href":"https:\/\/geliai.lt\/fi\/wp-json\/wp\/v2\/product\/7457","targetHints":{"allow":["GET"]}}],"collection":[{"href":"https:\/\/geliai.lt\/fi\/wp-json\/wp\/v2\/product"}],"about":[{"href":"https:\/\/geliai.lt\/fi\/wp-json\/wp\/v2\/types\/product"}],"replies":[{"embeddable":true,"href":"https:\/\/geliai.lt\/fi\/wp-json\/wp\/v2\/comments?post=7457"}],"version-history":[{"count":3,"href":"https:\/\/geliai.lt\/fi\/wp-json\/wp\/v2\/product\/7457\/revisions"}],"predecessor-version":[{"id":15834,"href":"https:\/\/geliai.lt\/fi\/wp-json\/wp\/v2\/product\/7457\/revisions\/15834"}],"wp:featuredmedia":[{"embeddable":true,"href":"https:\/\/geliai.lt\/fi\/wp-json\/wp\/v2\/media\/15833"}],"wp:attachment":[{"href":"https:\/\/geliai.lt\/fi\/wp-json\/wp\/v2\/media?parent=7457"}],"wp:term":[{"taxonomy":"product_brand","embeddable":true,"href":"https:\/\/geliai.lt\/fi\/wp-json\/wp\/v2\/product_brand?post=7457"},{"taxonomy":"product_cat","embeddable":true,"href":"https:\/\/geliai.lt\/fi\/wp-json\/wp\/v2\/product_cat?post=7457"},{"taxonomy":"product_tag","embeddable":true,"href":"https:\/\/geliai.lt\/fi\/wp-json\/wp\/v2\/product_tag?post=7457"}],"curies":[{"name":"wp","href":"https:\/\/api.w.org\/{rel}","templated":true}]}}