{"id":7445,"date":"2024-11-17T21:35:06","date_gmt":"2024-11-17T19:35:06","guid":{"rendered":"https:\/\/geliai.lt\/?post_type=product&#038;p=7445"},"modified":"2026-03-09T20:54:21","modified_gmt":"2026-03-09T18:54:21","slug":"deimantinis-antgalis-liepsna-astrus-raudonas-l-80-mm-o18-mm","status":"publish","type":"product","link":"https:\/\/geliai.lt\/fi\/parduotuve\/antgaliai\/deimantinis-antgalis-liepsna-astrus-raudonas-l-80-mm-o18-mm\/","title":{"rendered":"Deimantinis antgalis \u201eLiepsna\u201c L- 8,0 mm, 1,8 mm &#8211; 2,3mm"},"content":{"rendered":"<p>\u0160is antgalis pasi\u017eymi \u0161velniu raudonu grubumu, kuris leid\u017eia saugiai ir tiksliai atlikti \u012fvairias maniki\u016bro ir pediki\u016bro proced\u016bras. Idealiai tinka tiek pradedantiesiems, tiek profesionalams, u\u017etikrinant auk\u0161t\u0105 kokyb\u0119 ir ilgaam\u017ei\u0161kum\u0105.<br \/>\nHBD-243RD.018XL<br \/>\nHBD-243RD.021XL<br \/>\nHBD-243RD.023XL<\/p>","protected":false},"excerpt":{"rendered":"<h5>Timanttiter\u00e4 &quot;Liekki&quot;\u201e<\/h5>\n<p>The Beauty Tools \u2013 Deimantiniai antgaliai nepriekai\u0161tingai odeli\u0173 prie\u017ei\u016brai<\/p>\n<p>The Beauty Tools pristato profesionalius deimantinius antgalius, skirtus odeli\u0173 aplink nagus tvarkymui. Pagaminti i\u0161 auk\u0161tos kokyb\u0117s med\u017eiag\u0173 su kruop\u0161\u010diai parinktu mi\u0161iniu, \u0161ie antgaliai pasi\u017eymi ilgaam\u017ei\u0161kumu, a\u0161trumu ir tikslumu. Puikus sprendimas tiek profesionaliam, tiek kasdieniam naudojimui.<\/p>","protected":false},"featured_media":15836,"comment_status":"open","ping_status":"closed","template":"","meta":[],"product_brand":[294],"product_cat":[258,259,288],"product_tag":[],"class_list":{"0":"post-7445","1":"product","2":"type-product","3":"status-publish","4":"has-post-thumbnail","6":"product_brand-head-the-beauty-tools","7":"product_cat-antgaliai","8":"product_cat-deimantiniai-antgaliai","9":"product_cat-instrumentai","11":"first","12":"outofstock","13":"sale","14":"shipping-taxable","15":"purchasable","16":"product-type-variable"},"_links":{"self":[{"href":"https:\/\/geliai.lt\/fi\/wp-json\/wp\/v2\/product\/7445","targetHints":{"allow":["GET"]}}],"collection":[{"href":"https:\/\/geliai.lt\/fi\/wp-json\/wp\/v2\/product"}],"about":[{"href":"https:\/\/geliai.lt\/fi\/wp-json\/wp\/v2\/types\/product"}],"replies":[{"embeddable":true,"href":"https:\/\/geliai.lt\/fi\/wp-json\/wp\/v2\/comments?post=7445"}],"version-history":[{"count":4,"href":"https:\/\/geliai.lt\/fi\/wp-json\/wp\/v2\/product\/7445\/revisions"}],"predecessor-version":[{"id":15837,"href":"https:\/\/geliai.lt\/fi\/wp-json\/wp\/v2\/product\/7445\/revisions\/15837"}],"wp:featuredmedia":[{"embeddable":true,"href":"https:\/\/geliai.lt\/fi\/wp-json\/wp\/v2\/media\/15836"}],"wp:attachment":[{"href":"https:\/\/geliai.lt\/fi\/wp-json\/wp\/v2\/media?parent=7445"}],"wp:term":[{"taxonomy":"product_brand","embeddable":true,"href":"https:\/\/geliai.lt\/fi\/wp-json\/wp\/v2\/product_brand?post=7445"},{"taxonomy":"product_cat","embeddable":true,"href":"https:\/\/geliai.lt\/fi\/wp-json\/wp\/v2\/product_cat?post=7445"},{"taxonomy":"product_tag","embeddable":true,"href":"https:\/\/geliai.lt\/fi\/wp-json\/wp\/v2\/product_tag?post=7445"}],"curies":[{"name":"wp","href":"https:\/\/api.w.org\/{rel}","templated":true}]}}