{"id":7417,"date":"2024-11-17T12:22:14","date_gmt":"2024-11-17T10:22:14","guid":{"rendered":"https:\/\/geliai.lt\/?post_type=product&#038;p=7417"},"modified":"2026-02-26T18:52:19","modified_gmt":"2026-02-26T16:52:19","slug":"monarx-fanialue-109","status":"publish","type":"product","link":"https:\/\/geliai.lt\/fi\/parduotuve\/geliniai-lakai\/monarx-fan-zone-109\/","title":{"rendered":"Monarx Fan Zone 109 - Geelikynsilakkaus"},"content":{"rendered":"","protected":false},"excerpt":{"rendered":"<h5>Geelilakka \u2013 Monarx Fan Zone 109<\/h5>\n<p>Aprikoosin s\u00e4vy, joka ilment\u00e4\u00e4 kev\u00e4\u00e4n raikkautta ja elinvoimaa, on t\u00e4ydellinen valinta sek\u00e4 minimalistisiin ett\u00e4 leikkisiin kynsilakkoihin. Fan Zone -hybridikynsilakka n\u00e4ytt\u00e4\u00e4 upealta sek\u00e4 sile\u00e4ll\u00e4 pinnalla ett\u00e4 pohjana luoville ja kev\u00e4isist\u00e4 inspiraatioistaan henkeville koristeille.<\/p>\n<p>Anna manikyyrillesi ainutlaatuinen l\u00e4mmin hehku Fan Zonen avulla!<\/p>","protected":false},"featured_media":16640,"comment_status":"open","ping_status":"closed","template":"","meta":[],"product_brand":[290],"product_cat":[178,580,273],"product_tag":[],"class_list":{"0":"post-7417","1":"product","2":"type-product","3":"status-publish","4":"has-post-thumbnail","6":"product_brand-monarx-nails","7":"product_cat-geliniai-lakai","8":"product_cat-nagu-prieziura","9":"product_cat-romantic-collection","11":"first","12":"outofstock","13":"shipping-taxable","14":"purchasable","15":"product-type-simple"},"_links":{"self":[{"href":"https:\/\/geliai.lt\/fi\/wp-json\/wp\/v2\/product\/7417","targetHints":{"allow":["GET"]}}],"collection":[{"href":"https:\/\/geliai.lt\/fi\/wp-json\/wp\/v2\/product"}],"about":[{"href":"https:\/\/geliai.lt\/fi\/wp-json\/wp\/v2\/types\/product"}],"replies":[{"embeddable":true,"href":"https:\/\/geliai.lt\/fi\/wp-json\/wp\/v2\/comments?post=7417"}],"version-history":[{"count":2,"href":"https:\/\/geliai.lt\/fi\/wp-json\/wp\/v2\/product\/7417\/revisions"}],"predecessor-version":[{"id":16641,"href":"https:\/\/geliai.lt\/fi\/wp-json\/wp\/v2\/product\/7417\/revisions\/16641"}],"wp:featuredmedia":[{"embeddable":true,"href":"https:\/\/geliai.lt\/fi\/wp-json\/wp\/v2\/media\/16640"}],"wp:attachment":[{"href":"https:\/\/geliai.lt\/fi\/wp-json\/wp\/v2\/media?parent=7417"}],"wp:term":[{"taxonomy":"product_brand","embeddable":true,"href":"https:\/\/geliai.lt\/fi\/wp-json\/wp\/v2\/product_brand?post=7417"},{"taxonomy":"product_cat","embeddable":true,"href":"https:\/\/geliai.lt\/fi\/wp-json\/wp\/v2\/product_cat?post=7417"},{"taxonomy":"product_tag","embeddable":true,"href":"https:\/\/geliai.lt\/fi\/wp-json\/wp\/v2\/product_tag?post=7417"}],"curies":[{"name":"wp","href":"https:\/\/api.w.org\/{rel}","templated":true}]}}