{"id":7393,"date":"2024-11-16T20:24:36","date_gmt":"2024-11-16T18:24:36","guid":{"rendered":"https:\/\/geliai.lt\/?post_type=product&#038;p=7393"},"modified":"2026-02-26T19:10:34","modified_gmt":"2026-02-26T17:10:34","slug":"monarkki-chia-05","status":"publish","type":"product","link":"https:\/\/geliai.lt\/fi\/parduotuve\/chia-collection\/monarx-chia-05\/","title":{"rendered":"Monarx CHIA 05 \u2013 Geelilakka"},"content":{"rendered":"","protected":false},"excerpt":{"rendered":"<h5>Geelilakka \u2013 Monarx CHIA 05<\/h5>\n<p>CHIA-malliston pastelliv\u00e4rit antavat sinun nauttia optimismista ja energiasta t\u00e4ynn\u00e4 olevasta kev\u00e4isest\u00e4 manikyyrist\u00e4.<br \/>\n9 rajoitetun er\u00e4n chia-efektill\u00e4 varustettua v\u00e4ri\u00e4 mahdollistavat ainutlaatuisten kynsimallien luomisen ilman ylim\u00e4\u00e4r\u00e4isi\u00e4 koriste-elementtej\u00e4.<\/p>\n<p>CHIA-malliston Monarx-hybridilakat takaavat virheett\u00f6m\u00e4n manikyyrin, joka on kest\u00e4v\u00e4 ja kirkkaan kaunis. Pastelliv\u00e4rit n\u00e4ytt\u00e4v\u00e4t upeilta kaikenpituisilla ja -muotoisilla kynsill\u00e4. Kokeile klassista pastelliv\u00e4rien yhdistelm\u00e4\u00e4 ainutlaatuisella, chia-maisella efektill\u00e4.<\/p>","protected":false},"featured_media":7394,"comment_status":"open","ping_status":"closed","template":"","meta":[],"product_brand":[290],"product_cat":[274,178,580],"product_tag":[],"class_list":{"0":"post-7393","1":"product","2":"type-product","3":"status-publish","4":"has-post-thumbnail","6":"product_brand-monarx-nails","7":"product_cat-chia-collection","8":"product_cat-geliniai-lakai","9":"product_cat-nagu-prieziura","11":"first","12":"outofstock","13":"shipping-taxable","14":"purchasable","15":"product-type-simple"},"_links":{"self":[{"href":"https:\/\/geliai.lt\/fi\/wp-json\/wp\/v2\/product\/7393","targetHints":{"allow":["GET"]}}],"collection":[{"href":"https:\/\/geliai.lt\/fi\/wp-json\/wp\/v2\/product"}],"about":[{"href":"https:\/\/geliai.lt\/fi\/wp-json\/wp\/v2\/types\/product"}],"replies":[{"embeddable":true,"href":"https:\/\/geliai.lt\/fi\/wp-json\/wp\/v2\/comments?post=7393"}],"version-history":[{"count":2,"href":"https:\/\/geliai.lt\/fi\/wp-json\/wp\/v2\/product\/7393\/revisions"}],"predecessor-version":[{"id":16654,"href":"https:\/\/geliai.lt\/fi\/wp-json\/wp\/v2\/product\/7393\/revisions\/16654"}],"wp:featuredmedia":[{"embeddable":true,"href":"https:\/\/geliai.lt\/fi\/wp-json\/wp\/v2\/media\/7394"}],"wp:attachment":[{"href":"https:\/\/geliai.lt\/fi\/wp-json\/wp\/v2\/media?parent=7393"}],"wp:term":[{"taxonomy":"product_brand","embeddable":true,"href":"https:\/\/geliai.lt\/fi\/wp-json\/wp\/v2\/product_brand?post=7393"},{"taxonomy":"product_cat","embeddable":true,"href":"https:\/\/geliai.lt\/fi\/wp-json\/wp\/v2\/product_cat?post=7393"},{"taxonomy":"product_tag","embeddable":true,"href":"https:\/\/geliai.lt\/fi\/wp-json\/wp\/v2\/product_tag?post=7393"}],"curies":[{"name":"wp","href":"https:\/\/api.w.org\/{rel}","templated":true}]}}