{"id":7170,"date":"2024-10-23T20:55:29","date_gmt":"2024-10-23T17:55:29","guid":{"rendered":"https:\/\/geliai.lt\/?post_type=product&#038;p=7170"},"modified":"2026-02-26T19:15:34","modified_gmt":"2026-02-26T17:15:34","slug":"monarx-riddle-141","status":"publish","type":"product","link":"https:\/\/geliai.lt\/fi\/parduotuve\/aurora-collection\/monarx-riddle-141\/","title":{"rendered":"Monarx Riddle 141 - Geelikynsilakkaus"},"content":{"rendered":"","protected":false},"excerpt":{"rendered":"<h5>Gelinis nag\u0173 lakas &#8211; Monarx Riddle 141<\/h5>\n<p>Lumoava sininen kova\u00e4\u00e4niseen musiikkiin ja kirkkaisiin tunteisiin. Neonv\u00e4rit eiv\u00e4t ole koskaan olleet n\u00e4in leikkisi\u00e4 ja ilmeikk\u00e4it\u00e4! Uppoudu juhlien energiseen ja hulluun tunnelmaan ja anna t\u00e4m\u00e4n v\u00e4rin inspiroida sinua luomaan rohkeimpia manikyyrej\u00e4, ainutlaatuisia muotoja ja hienovaraisia liukuv\u00e4rej\u00e4. Hybrid Riddle -lakka on t\u00e4ydellinen valinta sek\u00e4 aloittelijoille ett\u00e4 ammattilaisille, jotka etsiv\u00e4t luovaa vapautta.<\/p>","protected":false},"featured_media":16688,"comment_status":"open","ping_status":"closed","template":"","meta":[],"product_brand":[290],"product_cat":[252,178,580],"product_tag":[],"class_list":{"0":"post-7170","1":"product","2":"type-product","3":"status-publish","4":"has-post-thumbnail","6":"product_brand-monarx-nails","7":"product_cat-aurora-collection","8":"product_cat-geliniai-lakai","9":"product_cat-nagu-prieziura","11":"first","12":"instock","13":"shipping-taxable","14":"purchasable","15":"product-type-simple"},"_links":{"self":[{"href":"https:\/\/geliai.lt\/fi\/wp-json\/wp\/v2\/product\/7170","targetHints":{"allow":["GET"]}}],"collection":[{"href":"https:\/\/geliai.lt\/fi\/wp-json\/wp\/v2\/product"}],"about":[{"href":"https:\/\/geliai.lt\/fi\/wp-json\/wp\/v2\/types\/product"}],"replies":[{"embeddable":true,"href":"https:\/\/geliai.lt\/fi\/wp-json\/wp\/v2\/comments?post=7170"}],"version-history":[{"count":3,"href":"https:\/\/geliai.lt\/fi\/wp-json\/wp\/v2\/product\/7170\/revisions"}],"predecessor-version":[{"id":16689,"href":"https:\/\/geliai.lt\/fi\/wp-json\/wp\/v2\/product\/7170\/revisions\/16689"}],"wp:featuredmedia":[{"embeddable":true,"href":"https:\/\/geliai.lt\/fi\/wp-json\/wp\/v2\/media\/16688"}],"wp:attachment":[{"href":"https:\/\/geliai.lt\/fi\/wp-json\/wp\/v2\/media?parent=7170"}],"wp:term":[{"taxonomy":"product_brand","embeddable":true,"href":"https:\/\/geliai.lt\/fi\/wp-json\/wp\/v2\/product_brand?post=7170"},{"taxonomy":"product_cat","embeddable":true,"href":"https:\/\/geliai.lt\/fi\/wp-json\/wp\/v2\/product_cat?post=7170"},{"taxonomy":"product_tag","embeddable":true,"href":"https:\/\/geliai.lt\/fi\/wp-json\/wp\/v2\/product_tag?post=7170"}],"curies":[{"name":"wp","href":"https:\/\/api.w.org\/{rel}","templated":true}]}}