{"id":7136,"date":"2024-10-23T13:51:20","date_gmt":"2024-10-23T10:51:20","guid":{"rendered":"https:\/\/geliai.lt\/?post_type=product&#038;p=7136"},"modified":"2026-02-26T19:19:42","modified_gmt":"2026-02-26T17:19:42","slug":"monarx-amber-157","status":"publish","type":"product","link":"https:\/\/geliai.lt\/fi\/parduotuve\/geliniai-lakai\/monarx-amber-157\/","title":{"rendered":"Monarx Amber 157 \u2013 Geelilakka"},"content":{"rendered":"","protected":false},"excerpt":{"rendered":"<h5>Gelinis nag\u0173 lakas &#8211; Monarx Amber 157<\/h5>\n<p>\u0160is sodriai rudas su raudonomis natomis \u201eAmber\u201c nag\u0173 lakas yra toks \u0161iltas ir jaukus, kaip j\u016bs\u0173 m\u0117gstamiausio vaikyst\u0117s me\u0161kiuko kailis! Kremin\u0117s konsistencijos lakas suteikia nagams prabang\u0173, \u0161velniai blizgant\u012f pavir\u0161i\u0173, idealiai tinka \u0161altoms dienoms, kai norisi jaukumo ir \u0161ilumos.<\/p>\n<p>Su \u201eAmber\u201c nag\u0173 laku j\u016bs\u0173 maniki\u016bras taps tikru komforto ir stiliaus deriniu!<\/p>","protected":false},"featured_media":16709,"comment_status":"open","ping_status":"closed","template":"","meta":[],"product_brand":[290],"product_cat":[178,251,580],"product_tag":[],"class_list":{"0":"post-7136","1":"product","2":"type-product","3":"status-publish","4":"has-post-thumbnail","6":"product_brand-monarx-nails","7":"product_cat-geliniai-lakai","8":"product_cat-lipstick-collection","9":"product_cat-nagu-prieziura","11":"first","12":"instock","13":"shipping-taxable","14":"purchasable","15":"product-type-simple"},"_links":{"self":[{"href":"https:\/\/geliai.lt\/fi\/wp-json\/wp\/v2\/product\/7136","targetHints":{"allow":["GET"]}}],"collection":[{"href":"https:\/\/geliai.lt\/fi\/wp-json\/wp\/v2\/product"}],"about":[{"href":"https:\/\/geliai.lt\/fi\/wp-json\/wp\/v2\/types\/product"}],"replies":[{"embeddable":true,"href":"https:\/\/geliai.lt\/fi\/wp-json\/wp\/v2\/comments?post=7136"}],"version-history":[{"count":3,"href":"https:\/\/geliai.lt\/fi\/wp-json\/wp\/v2\/product\/7136\/revisions"}],"predecessor-version":[{"id":16710,"href":"https:\/\/geliai.lt\/fi\/wp-json\/wp\/v2\/product\/7136\/revisions\/16710"}],"wp:featuredmedia":[{"embeddable":true,"href":"https:\/\/geliai.lt\/fi\/wp-json\/wp\/v2\/media\/16709"}],"wp:attachment":[{"href":"https:\/\/geliai.lt\/fi\/wp-json\/wp\/v2\/media?parent=7136"}],"wp:term":[{"taxonomy":"product_brand","embeddable":true,"href":"https:\/\/geliai.lt\/fi\/wp-json\/wp\/v2\/product_brand?post=7136"},{"taxonomy":"product_cat","embeddable":true,"href":"https:\/\/geliai.lt\/fi\/wp-json\/wp\/v2\/product_cat?post=7136"},{"taxonomy":"product_tag","embeddable":true,"href":"https:\/\/geliai.lt\/fi\/wp-json\/wp\/v2\/product_tag?post=7136"}],"curies":[{"name":"wp","href":"https:\/\/api.w.org\/{rel}","templated":true}]}}