{"id":7123,"date":"2024-10-22T22:09:19","date_gmt":"2024-10-22T19:09:19","guid":{"rendered":"https:\/\/geliai.lt\/?post_type=product&#038;p=7123"},"modified":"2026-02-26T19:21:14","modified_gmt":"2026-02-26T17:21:14","slug":"monarx-lining-154","status":"publish","type":"product","link":"https:\/\/geliai.lt\/fi\/parduotuve\/geliniai-lakai\/monarx-lining-154\/","title":{"rendered":"Monarx Lining 154 \u2013 Geelikynsilakka"},"content":{"rendered":"","protected":false},"excerpt":{"rendered":"<h5>Gelinis nag\u0173 lakas &#8211; Monarx Lining 154<\/h5>\n<p>Daryk tai, ko nedaro niekas kitas. B\u016bkite k\u016brybingi savaip ir leiskite savo nagams tapti tikru \u0161edevru. \u0160is sultingas uog\u0173 atspalvis taps j\u016bs\u0173 dr\u0105sos ir unikalumo \u0161altiniu. \u201eLining\u201c hibridinis lakas yra puikus pasirinkimas tiek pradedantiesiems, tiek profesionalams, suteikiantis ne tik nepriekai\u0161ting\u0105 rezultat\u0105, bet ir ilgalaik\u012f blizges\u012f.<\/p>\n<p>Papuo\u0161kite savo nagus \u0161iuo i\u0161skirtiniu uog\u0173 ton\u0173 lako atspalviu ir i\u0161siskirkite kiekviename \u017eingsnyje!<\/p>","protected":false},"featured_media":16719,"comment_status":"open","ping_status":"closed","template":"","meta":[],"product_brand":[290],"product_cat":[178,251,580],"product_tag":[],"class_list":{"0":"post-7123","1":"product","2":"type-product","3":"status-publish","4":"has-post-thumbnail","6":"product_brand-monarx-nails","7":"product_cat-geliniai-lakai","8":"product_cat-lipstick-collection","9":"product_cat-nagu-prieziura","11":"first","12":"instock","13":"shipping-taxable","14":"purchasable","15":"product-type-simple"},"_links":{"self":[{"href":"https:\/\/geliai.lt\/fi\/wp-json\/wp\/v2\/product\/7123","targetHints":{"allow":["GET"]}}],"collection":[{"href":"https:\/\/geliai.lt\/fi\/wp-json\/wp\/v2\/product"}],"about":[{"href":"https:\/\/geliai.lt\/fi\/wp-json\/wp\/v2\/types\/product"}],"replies":[{"embeddable":true,"href":"https:\/\/geliai.lt\/fi\/wp-json\/wp\/v2\/comments?post=7123"}],"version-history":[{"count":3,"href":"https:\/\/geliai.lt\/fi\/wp-json\/wp\/v2\/product\/7123\/revisions"}],"predecessor-version":[{"id":16758,"href":"https:\/\/geliai.lt\/fi\/wp-json\/wp\/v2\/product\/7123\/revisions\/16758"}],"wp:featuredmedia":[{"embeddable":true,"href":"https:\/\/geliai.lt\/fi\/wp-json\/wp\/v2\/media\/16719"}],"wp:attachment":[{"href":"https:\/\/geliai.lt\/fi\/wp-json\/wp\/v2\/media?parent=7123"}],"wp:term":[{"taxonomy":"product_brand","embeddable":true,"href":"https:\/\/geliai.lt\/fi\/wp-json\/wp\/v2\/product_brand?post=7123"},{"taxonomy":"product_cat","embeddable":true,"href":"https:\/\/geliai.lt\/fi\/wp-json\/wp\/v2\/product_cat?post=7123"},{"taxonomy":"product_tag","embeddable":true,"href":"https:\/\/geliai.lt\/fi\/wp-json\/wp\/v2\/product_tag?post=7123"}],"curies":[{"name":"wp","href":"https:\/\/api.w.org\/{rel}","templated":true}]}}