{"id":7107,"date":"2024-10-22T20:53:46","date_gmt":"2024-10-22T17:53:46","guid":{"rendered":"https:\/\/geliai.lt\/?post_type=product&#038;p=7107"},"modified":"2026-02-26T19:23:55","modified_gmt":"2026-02-26T17:23:55","slug":"monarx-salaisuus-125","status":"publish","type":"product","link":"https:\/\/geliai.lt\/fi\/parduotuve\/geliniai-lakai\/monarx-secret-125\/","title":{"rendered":"Monarx Secret 125 \u2013 Geelikynsilakka"},"content":{"rendered":"","protected":false},"excerpt":{"rendered":"<h5>Geelikynsilakka \u2013 Monarx Secret 125<\/h5>\n<p>Sytyt\u00e4 suosikkihittisi tanssilattialla ja h\u00e4ik\u00e4ise kaikki kirkkaan safiirinhohtoisella Secret Hybrid -kynsilakalla. T\u00e4m\u00e4 intensiivinen ja s\u00e4teilev\u00e4 s\u00e4vy sopii t\u00e4ydellisesti niille, jotka haluavat erottua joukosta ja luoda ikimuistoisen ilmeen.<\/p>\n<p>\u201eSecret Hybrid -kynsilakka on ihanteellinen valinta niin aloittelijoille kuin ammattilaisillekin, sill\u00e4 se tarjoaa virheett\u00f6mi\u00e4 tuloksia ja pitk\u00e4kestoisen kiillon. Ole huomion keskipisteen\u00e4 t\u00e4ll\u00e4 safiirinv\u00e4risell\u00e4 mestariteoksella!<\/p>","protected":false},"featured_media":16728,"comment_status":"open","ping_status":"closed","template":"","meta":[],"product_brand":[290],"product_cat":[178,250,580],"product_tag":[],"class_list":{"0":"post-7107","1":"product","2":"type-product","3":"status-publish","4":"has-post-thumbnail","6":"product_brand-monarx-nails","7":"product_cat-geliniai-lakai","8":"product_cat-hollywood-collection","9":"product_cat-nagu-prieziura","11":"first","12":"outofstock","13":"shipping-taxable","14":"purchasable","15":"product-type-simple"},"_links":{"self":[{"href":"https:\/\/geliai.lt\/fi\/wp-json\/wp\/v2\/product\/7107","targetHints":{"allow":["GET"]}}],"collection":[{"href":"https:\/\/geliai.lt\/fi\/wp-json\/wp\/v2\/product"}],"about":[{"href":"https:\/\/geliai.lt\/fi\/wp-json\/wp\/v2\/types\/product"}],"replies":[{"embeddable":true,"href":"https:\/\/geliai.lt\/fi\/wp-json\/wp\/v2\/comments?post=7107"}],"version-history":[{"count":3,"href":"https:\/\/geliai.lt\/fi\/wp-json\/wp\/v2\/product\/7107\/revisions"}],"predecessor-version":[{"id":16729,"href":"https:\/\/geliai.lt\/fi\/wp-json\/wp\/v2\/product\/7107\/revisions\/16729"}],"wp:featuredmedia":[{"embeddable":true,"href":"https:\/\/geliai.lt\/fi\/wp-json\/wp\/v2\/media\/16728"}],"wp:attachment":[{"href":"https:\/\/geliai.lt\/fi\/wp-json\/wp\/v2\/media?parent=7107"}],"wp:term":[{"taxonomy":"product_brand","embeddable":true,"href":"https:\/\/geliai.lt\/fi\/wp-json\/wp\/v2\/product_brand?post=7107"},{"taxonomy":"product_cat","embeddable":true,"href":"https:\/\/geliai.lt\/fi\/wp-json\/wp\/v2\/product_cat?post=7107"},{"taxonomy":"product_tag","embeddable":true,"href":"https:\/\/geliai.lt\/fi\/wp-json\/wp\/v2\/product_tag?post=7107"}],"curies":[{"name":"wp","href":"https:\/\/api.w.org\/{rel}","templated":true}]}}