{"id":7050,"date":"2024-10-19T12:41:18","date_gmt":"2024-10-19T09:41:18","guid":{"rendered":"https:\/\/geliai.lt\/?post_type=product&#038;p=7050"},"modified":"2026-02-26T18:02:54","modified_gmt":"2026-02-26T16:02:54","slug":"kynsi-ja-kynsinauhaoljy","status":"publish","type":"product","link":"https:\/\/geliai.lt\/fi\/parduotuve\/aromatic-89-produkcija\/nagu-ir-odeliu-aliejus\/","title":{"rendered":"Kynsi- ja kynsinauha\u00f6ljy Aromatic 89"},"content":{"rendered":"<div class=\"product-description\">\n<h2>Vahvistava ja ravitseva kynsi- ja kynsinauha\u00f6ljy<\/h2>\n<p>Hajustettu kynsi- ja kynsinauha\u00f6ljy on tuote, joka on suunniteltu korjaamaan ja vahvistamaan vaurioituneita kynsi\u00e4, pehment\u00e4m\u00e4\u00e4n kynsinauhoja ja helpottamaan niiden p\u00e4ivitt\u00e4ist\u00e4 hoitoa. T\u00e4m\u00e4 \u00f6ljy ei ainoastaan hoita kynsien terveytt\u00e4, vaan tarjoaa my\u00f6s miellytt\u00e4v\u00e4n, pitk\u00e4kestoisen tuoksun.<\/p>\n<h3>Luonnollinen koostumus ja miellytt\u00e4v\u00e4 tuoksu<\/h3>\n<p>Koostumuksessa olevat luonnolliset manteli-, maissi-, oliivi- ja jojoba\u00f6ljyt vaikuttavat monimutkaisesti:<\/p>\n<ul>\n<li>Palauttaa, ravitsee ja vahvistaa kynsi\u00e4.<\/li>\n<li>Kosteuttaa ja pehment\u00e4\u00e4 kynsinauhoja.<\/li>\n<li>Antaa raikkaan ja miellytt\u00e4v\u00e4n tuoksun.<\/li>\n<\/ul>\n<h3>K\u00e4ytt\u00f6tarkoitukset ja hy\u00f6dyt<\/h3>\n<p>T\u00e4m\u00e4 \u00f6ljy sopii t\u00e4ydellisesti sek\u00e4 ammattik\u00e4ytt\u00f6\u00f6n manikyyrin tai pedikyyrin j\u00e4lkeen kauneushoitoloissa ett\u00e4 p\u00e4ivitt\u00e4iseen hoitoon kotona. S\u00e4\u00e4nn\u00f6llinen k\u00e4ytt\u00f6 varmistaa, ett\u00e4 kynnet ovat vahvemmat ja terveemm\u00e4t, ja kynsinauhat pehmenev\u00e4t, jolloin ne on helpompi poistaa.<\/p>\n<p>On suositeltavaa levitt\u00e4\u00e4 p\u00e4ivitt\u00e4in puhtaille ja kuiville kynsille ja kynsinauhoille. Odota, kunnes \u00f6ljy on t\u00e4ysin imeytynyt.<\/p>\n<h3>Ainesosat<\/h3>\n<p>Prunus Amygdalus Dulcis Oil, Zea Mays -alkio\u00f6ljy, Olea Europeae -hedelm\u00e4\u00f6ljy, Persea Gratissima -\u00f6ljy, Simmondsia Chinensis -siemen\u00f6ljy, tokoferyyliasetaatti, retinyylipalmitaatti, hajuvesi.<\/p>\n<\/div>","protected":false},"excerpt":{"rendered":"<h5>Kynsi- ja kynsinauha\u00f6ljy<\/h5>\n<p>Jos haaveilet vahvoista ja terveist\u00e4 kynsist\u00e4 sek\u00e4 t\u00e4ydellisesti hoidetuista kynsinauhoista niiden ymp\u00e4rill\u00e4, t\u00e4m\u00e4 kynsi- ja kynsinauha\u00f6ljy on t\u00e4ydellinen ratkaisu. Se on korkealaatuinen tuote, joka palauttaa ja vahvistaa kynsi\u00e4, pehment\u00e4\u00e4 kynsinauhoja hell\u00e4varaisesti, ja luonnollinen koostumus takaa pitk\u00e4aikaisen kynsienhoidon. Etsitp\u00e4 sitten tuotetta henkil\u00f6kohtaiseen k\u00e4ytt\u00f6\u00f6n tai ammattimaiseen manikyyri-\/pedikyyriin, t\u00e4m\u00e4 \u00f6ljy auttaa sinua luomaan t\u00e4ydellisen n\u00e4k\u00f6iset kynnet ja antaa sinulle miellytt\u00e4v\u00e4n tuoksun.<\/p>","protected":false},"featured_media":7051,"comment_status":"open","ping_status":"closed","template":"","meta":[],"product_brand":[295],"product_cat":[225,572,232,595],"product_tag":[],"class_list":{"0":"post-7050","1":"product","2":"type-product","3":"status-publish","4":"has-post-thumbnail","6":"product_brand-89-aromatic","7":"product_cat-aromatic-89-produkcija","8":"product_cat-kuno-prieziura","9":"product_cat-nagams-odelems","10":"product_cat-namams","12":"first","13":"instock","14":"sale","15":"shipping-taxable","16":"purchasable","17":"product-type-simple"},"_links":{"self":[{"href":"https:\/\/geliai.lt\/fi\/wp-json\/wp\/v2\/product\/7050","targetHints":{"allow":["GET"]}}],"collection":[{"href":"https:\/\/geliai.lt\/fi\/wp-json\/wp\/v2\/product"}],"about":[{"href":"https:\/\/geliai.lt\/fi\/wp-json\/wp\/v2\/types\/product"}],"replies":[{"embeddable":true,"href":"https:\/\/geliai.lt\/fi\/wp-json\/wp\/v2\/comments?post=7050"}],"version-history":[{"count":1,"href":"https:\/\/geliai.lt\/fi\/wp-json\/wp\/v2\/product\/7050\/revisions"}],"predecessor-version":[{"id":10417,"href":"https:\/\/geliai.lt\/fi\/wp-json\/wp\/v2\/product\/7050\/revisions\/10417"}],"wp:featuredmedia":[{"embeddable":true,"href":"https:\/\/geliai.lt\/fi\/wp-json\/wp\/v2\/media\/7051"}],"wp:attachment":[{"href":"https:\/\/geliai.lt\/fi\/wp-json\/wp\/v2\/media?parent=7050"}],"wp:term":[{"taxonomy":"product_brand","embeddable":true,"href":"https:\/\/geliai.lt\/fi\/wp-json\/wp\/v2\/product_brand?post=7050"},{"taxonomy":"product_cat","embeddable":true,"href":"https:\/\/geliai.lt\/fi\/wp-json\/wp\/v2\/product_cat?post=7050"},{"taxonomy":"product_tag","embeddable":true,"href":"https:\/\/geliai.lt\/fi\/wp-json\/wp\/v2\/product_tag?post=7050"}],"curies":[{"name":"wp","href":"https:\/\/api.w.org\/{rel}","templated":true}]}}