{"id":6892,"date":"2024-10-18T00:28:20","date_gmt":"2024-10-17T21:28:20","guid":{"rendered":"https:\/\/geliai.lt\/?post_type=product&#038;p=6892"},"modified":"2026-04-17T14:55:20","modified_gmt":"2026-04-17T11:55:20","slug":"roikkuva-paperinen-ilmanraikastin","status":"publish","type":"product","link":"https:\/\/geliai.lt\/fi\/parduotuve\/aromatic-89-produkcija\/kabinamas-popierinis-oro-gaiviklis\/","title":{"rendered":"Aromatic 89 \u2013 Ripustettava paperinen ilmanraikastin"},"content":{"rendered":"","protected":false},"excerpt":{"rendered":"<p>Jokainen tuoksu on asiantuntevasti suunniteltu heijastamaan dynaamista el\u00e4m\u00e4ntapaa, antaen sinulle energiaa ja mielialaa milloin tahansa. Nauti matkastasi Aromatic 89:n kanssa \u2013 anna itsesi uppoutua ainutlaatuisiin hetkiin, joissa tuoksut her\u00e4tt\u00e4v\u00e4t muistoja henkiin ja luovat uusia tarinoita. Tee jokaisesta matkasta nautinto ja l\u00f6yd\u00e4, kuinka tuoksut voivat lis\u00e4t\u00e4 ilon ja harmonian hetki\u00e4 el\u00e4m\u00e4\u00e4si.<\/p>\n<p>Lyhyesti roikkuvasta paperi-ilmanraikastimesta:<\/p>\n<p>\u25cfTiivistetty tuoksu;<br \/>\n\u25cfKertak\u00e4ytt\u00f6paperia;<br \/>\n\u25cf Voimakkaampia hajuja tuntuu, kun ilma liikkuu;<br \/>\n\u25cf Voimakkaat ja pitk\u00e4kestoiset tuoksut jopa 20 p\u00e4iv\u00e4\u00e4;<br \/>\n\u25cfPakattu mustaan pakkaukseen;<br \/>\n\u25cfValmistettu Liettuassa.<\/p>","protected":false},"featured_media":6893,"comment_status":"open","ping_status":"closed","template":"","meta":[],"product_brand":[295],"product_cat":[225,595],"product_tag":[],"class_list":{"0":"post-6892","1":"product","2":"type-product","3":"status-publish","4":"has-post-thumbnail","6":"product_brand-89-aromatic","7":"product_cat-aromatic-89-produkcija","8":"product_cat-namams","10":"first","11":"instock","12":"sale","13":"shipping-taxable","14":"purchasable","15":"product-type-variable"},"_links":{"self":[{"href":"https:\/\/geliai.lt\/fi\/wp-json\/wp\/v2\/product\/6892","targetHints":{"allow":["GET"]}}],"collection":[{"href":"https:\/\/geliai.lt\/fi\/wp-json\/wp\/v2\/product"}],"about":[{"href":"https:\/\/geliai.lt\/fi\/wp-json\/wp\/v2\/types\/product"}],"replies":[{"embeddable":true,"href":"https:\/\/geliai.lt\/fi\/wp-json\/wp\/v2\/comments?post=6892"}],"version-history":[{"count":1,"href":"https:\/\/geliai.lt\/fi\/wp-json\/wp\/v2\/product\/6892\/revisions"}],"predecessor-version":[{"id":11567,"href":"https:\/\/geliai.lt\/fi\/wp-json\/wp\/v2\/product\/6892\/revisions\/11567"}],"wp:featuredmedia":[{"embeddable":true,"href":"https:\/\/geliai.lt\/fi\/wp-json\/wp\/v2\/media\/6893"}],"wp:attachment":[{"href":"https:\/\/geliai.lt\/fi\/wp-json\/wp\/v2\/media?parent=6892"}],"wp:term":[{"taxonomy":"product_brand","embeddable":true,"href":"https:\/\/geliai.lt\/fi\/wp-json\/wp\/v2\/product_brand?post=6892"},{"taxonomy":"product_cat","embeddable":true,"href":"https:\/\/geliai.lt\/fi\/wp-json\/wp\/v2\/product_cat?post=6892"},{"taxonomy":"product_tag","embeddable":true,"href":"https:\/\/geliai.lt\/fi\/wp-json\/wp\/v2\/product_tag?post=6892"}],"curies":[{"name":"wp","href":"https:\/\/api.w.org\/{rel}","templated":true}]}}