{"id":6744,"date":"2024-10-15T21:16:43","date_gmt":"2024-10-15T18:16:43","guid":{"rendered":"https:\/\/geliai.lt\/?post_type=product&#038;p=6744"},"modified":"2026-02-26T19:26:18","modified_gmt":"2026-02-26T17:26:18","slug":"monarkkitomaatti-114","status":"publish","type":"product","link":"https:\/\/geliai.lt\/fi\/parduotuve\/geliniai-lakai\/monarx-tomato-114\/","title":{"rendered":"Monarx Tomato 114 \u2013 geelikynsilakka"},"content":{"rendered":"","protected":false},"excerpt":{"rendered":"<h5>Geelikynsilakka \u2013 Monarx Tomato 114<\/h5>\n<p>Tomato hybrid -kynsilakan mehukasta ja herkullista v\u00e4ri\u00e4 ei todellakaan kannata j\u00e4tt\u00e4\u00e4 v\u00e4liin. T\u00e4m\u00e4 t\u00e4ytel\u00e4inen punainen v\u00e4ri antaa kynsille ainutlaatuisen vieh\u00e4tyksen ja energian, jota haluat kokea joka p\u00e4iv\u00e4. Valitse Tomato ja nauti intensiivisest\u00e4 v\u00e4rist\u00e4, joka rikastuttaa tyyli\u00e4si ja paljastaa rohkeutesi!<\/p>","protected":false},"featured_media":16745,"comment_status":"open","ping_status":"closed","template":"","meta":[],"product_brand":[290],"product_cat":[178,214,580],"product_tag":[],"class_list":{"0":"post-6744","1":"product","2":"type-product","3":"status-publish","4":"has-post-thumbnail","6":"product_brand-monarx-nails","7":"product_cat-geliniai-lakai","8":"product_cat-love-story-collection","9":"product_cat-nagu-prieziura","11":"first","12":"outofstock","13":"shipping-taxable","14":"purchasable","15":"product-type-simple"},"_links":{"self":[{"href":"https:\/\/geliai.lt\/fi\/wp-json\/wp\/v2\/product\/6744","targetHints":{"allow":["GET"]}}],"collection":[{"href":"https:\/\/geliai.lt\/fi\/wp-json\/wp\/v2\/product"}],"about":[{"href":"https:\/\/geliai.lt\/fi\/wp-json\/wp\/v2\/types\/product"}],"replies":[{"embeddable":true,"href":"https:\/\/geliai.lt\/fi\/wp-json\/wp\/v2\/comments?post=6744"}],"version-history":[{"count":3,"href":"https:\/\/geliai.lt\/fi\/wp-json\/wp\/v2\/product\/6744\/revisions"}],"predecessor-version":[{"id":16746,"href":"https:\/\/geliai.lt\/fi\/wp-json\/wp\/v2\/product\/6744\/revisions\/16746"}],"wp:featuredmedia":[{"embeddable":true,"href":"https:\/\/geliai.lt\/fi\/wp-json\/wp\/v2\/media\/16745"}],"wp:attachment":[{"href":"https:\/\/geliai.lt\/fi\/wp-json\/wp\/v2\/media?parent=6744"}],"wp:term":[{"taxonomy":"product_brand","embeddable":true,"href":"https:\/\/geliai.lt\/fi\/wp-json\/wp\/v2\/product_brand?post=6744"},{"taxonomy":"product_cat","embeddable":true,"href":"https:\/\/geliai.lt\/fi\/wp-json\/wp\/v2\/product_cat?post=6744"},{"taxonomy":"product_tag","embeddable":true,"href":"https:\/\/geliai.lt\/fi\/wp-json\/wp\/v2\/product_tag?post=6744"}],"curies":[{"name":"wp","href":"https:\/\/api.w.org\/{rel}","templated":true}]}}