{"id":6687,"date":"2024-10-14T23:38:42","date_gmt":"2024-10-14T20:38:42","guid":{"rendered":"https:\/\/geliai.lt\/?post_type=product&#038;p=6687"},"modified":"2026-02-26T19:35:45","modified_gmt":"2026-02-26T17:35:45","slug":"monarkin-euforia-118","status":"publish","type":"product","link":"https:\/\/geliai.lt\/fi\/parduotuve\/geliniai-lakai\/monarx-euphoria-118\/","title":{"rendered":"Monarx Euphoria 118 \u2013 Geelilakka"},"content":{"rendered":"<ul>\n<li>\n<p data-path-to-node=\"2,0,0\"><b data-path-to-node=\"2,0,0\" data-index-in-node=\"0\">Turvallisuutta ilman kompromisseja<\/b> \u2013 Hema- ja TPO-vapaa koostumus ilman haitallisia monomeerej\u00e4, suunniteltu minimoimaan allergioiden riski\u00e4 ja varmistamaan turvallinen ty\u00f6skentely.<\/p>\n<\/li>\n<li>\n<p data-path-to-node=\"2,1,0\"><b data-path-to-node=\"2,1,0\" data-index-in-node=\"0\">Korkea pigmentti<\/b> \u2013 t\u00e4ytel\u00e4inen v\u00e4ri peitt\u00e4\u00e4 kynsilevyn tasaisesti, ei kutistu kuivuessaan ja mahdollistaa virheett\u00f6m\u00e4n lopputuloksen.<\/p>\n<\/li>\n<li>\n<p data-path-to-node=\"2,2,0\"><b data-path-to-node=\"2,2,0\" data-index-in-node=\"0\">Ammattimainen johtaminen<\/b> \u2013 optimaalinen koostumus antaa lakan tasoittua itsest\u00e4\u00e4n ja varmistaa pitk\u00e4kestoisen manikyyrin, joka kest\u00e4\u00e4 jopa 4 viikkoa lohkeilematta tai halkeilematta.<\/p>\n<\/li>\n<\/ul>","protected":false},"excerpt":{"rendered":"<h5>Geelilakka \u2013 Monarx Euphoria 118<\/h5>\n<p>\u201eEuphoria on hybridikyll\u00e4styslakka, joka yhdist\u00e4\u00e4 ultrafeminiinisen, tumman viininpunaisen s\u00e4vyn. T\u00e4m\u00e4 viettelev\u00e4 s\u00e4vy tuo mieleen kuivan punaviinin, jonka vieh\u00e4tysvoimaa yksik\u00e4\u00e4n kauneudenharrastaja ei voi vastustaa. Tunne, kuinka t\u00e4m\u00e4 v\u00e4ri kiihdytt\u00e4\u00e4 syd\u00e4mensykett\u00e4 ja antaa sinulle rohkeutta loistaa jokaisella askeleella. Anna Euphorian tulla salaper\u00e4isen vieh\u00e4tysvoimasi symboliksi!<\/p>","protected":false},"featured_media":15845,"comment_status":"open","ping_status":"closed","template":"","meta":[],"product_brand":[290],"product_cat":[178,214,580],"product_tag":[],"class_list":{"0":"post-6687","1":"product","2":"type-product","3":"status-publish","4":"has-post-thumbnail","6":"product_brand-monarx-nails","7":"product_cat-geliniai-lakai","8":"product_cat-love-story-collection","9":"product_cat-nagu-prieziura","11":"first","12":"outofstock","13":"shipping-taxable","14":"purchasable","15":"product-type-simple"},"_links":{"self":[{"href":"https:\/\/geliai.lt\/fi\/wp-json\/wp\/v2\/product\/6687","targetHints":{"allow":["GET"]}}],"collection":[{"href":"https:\/\/geliai.lt\/fi\/wp-json\/wp\/v2\/product"}],"about":[{"href":"https:\/\/geliai.lt\/fi\/wp-json\/wp\/v2\/types\/product"}],"replies":[{"embeddable":true,"href":"https:\/\/geliai.lt\/fi\/wp-json\/wp\/v2\/comments?post=6687"}],"version-history":[{"count":3,"href":"https:\/\/geliai.lt\/fi\/wp-json\/wp\/v2\/product\/6687\/revisions"}],"predecessor-version":[{"id":15846,"href":"https:\/\/geliai.lt\/fi\/wp-json\/wp\/v2\/product\/6687\/revisions\/15846"}],"wp:featuredmedia":[{"embeddable":true,"href":"https:\/\/geliai.lt\/fi\/wp-json\/wp\/v2\/media\/15845"}],"wp:attachment":[{"href":"https:\/\/geliai.lt\/fi\/wp-json\/wp\/v2\/media?parent=6687"}],"wp:term":[{"taxonomy":"product_brand","embeddable":true,"href":"https:\/\/geliai.lt\/fi\/wp-json\/wp\/v2\/product_brand?post=6687"},{"taxonomy":"product_cat","embeddable":true,"href":"https:\/\/geliai.lt\/fi\/wp-json\/wp\/v2\/product_cat?post=6687"},{"taxonomy":"product_tag","embeddable":true,"href":"https:\/\/geliai.lt\/fi\/wp-json\/wp\/v2\/product_tag?post=6687"}],"curies":[{"name":"wp","href":"https:\/\/api.w.org\/{rel}","templated":true}]}}