{"id":17022,"date":"2026-04-21T15:06:43","date_gmt":"2026-04-21T12:06:43","guid":{"rendered":"https:\/\/geliai.lt\/?post_type=product&#038;p=17022"},"modified":"2026-04-29T12:29:59","modified_gmt":"2026-04-29T09:29:59","slug":"ballerina-gel-2","status":"publish","type":"product","link":"https:\/\/geliai.lt\/fi\/parduotuve\/ballerina-geliai\/ballerina-gel-2\/","title":{"rendered":"Ballerina Gel 2 \u2013 rakennegeeli kynsien pidennykseen"},"content":{"rendered":"<h2 data-section-id=\"1prouec\" data-start=\"1002\" data-end=\"1038\">\ud83d\udc8e Miksi valita Ballerina?<\/h2>\n<p data-start=\"1040\" data-end=\"1068\">N\u00e4m\u00e4 geelit mahdollistavat:<\/p>\n<ul data-start=\"1069\" data-end=\"1198\">\n<li data-section-id=\"1gagm2\" data-start=\"1069\" data-end=\"1111\">eritt\u00e4in siistin ja ammattimaisen lopputuloksen<\/li>\n<li data-section-id=\"1ul7juv\" data-start=\"1112\" data-end=\"1157\">luonnollisen, mutta ylellisen vaikutelman<\/li>\n<li data-section-id=\"tyc166\" data-start=\"1158\" data-end=\"1198\">nopeampaa ty\u00f6skentely\u00e4 kevyen muotoiltavuuden ansiosta<\/li>\n<\/ul>\n<p data-start=\"1200\" data-end=\"1270\">Erinomainen valinta sek\u00e4 aloittelijoille ett\u00e4 ammattilaisille.<\/p>\n<h2 data-section-id=\"isjk5o\" data-start=\"636\" data-end=\"664\">\u2728 T\u00e4rkeimm\u00e4t edut<\/h2>\n<p data-start=\"666\" data-end=\"995\">\u2022 hienovarainen, tyylik\u00e4s kiiltoefekti<br data-start=\"708\" data-end=\"711\" \/>\u2022 sopii erinomaisesti ranskalaiseen manikyyriin ja luonnollisiin tyyleihin<br data-start=\"762\" data-end=\"765\" \/>\u2022 ihanteellisesti soveltuvat ty\u00f6skentelyyn Dual Form -muottien kanssa<br data-start=\"810\" data-end=\"813\" \/>\u2022 itsest\u00e4\u00e4n tasoittuva (self-leveling) koostumus<br data-start=\"861\" data-end=\"864\" \/>\u2022 keskivahva, helposti hallittava koostumus<br data-start=\"915\" data-end=\"918\" \/>\u2022 minimaalinen viilaus muotoilun j\u00e4lkeen<br data-start=\"954\" data-end=\"957\" \/>\u2022 tasainen levitys, ei valu kynsinauhoille<\/p>","protected":false},"excerpt":{"rendered":"<h3>Ballerina Gel (ilman HEMAa ja TPOta)<\/h3>\n<p data-start=\"202\" data-end=\"443\">Ballerina-geelisarja on hienostuneen kauneuden ja eleganssin yhdistelm\u00e4, joka on suunniteltu virheett\u00f6miin kynsityyleihin. N\u00e4m\u00e4 geelit erottuvat kevyell\u00e4 ja pehme\u00e4ll\u00e4 kiillollaan, joka antaa kynsille erityist\u00e4 hienostuneisuutta ja luonnollista ylellisyytt\u00e4.<\/p>\n<p data-start=\"445\" data-end=\"629\">Hienovaraisen s\u00e4vyns\u00e4 ja kevyen shimmer-efektins\u00e4 ansiosta Ballerina-geelit sopivat t\u00e4ydellisesti sek\u00e4 klassiseen ett\u00e4 moderniin ranskalaiseen manikyyriin sek\u00e4 luonnollisen ilmeen yst\u00e4ville.<\/p>","protected":false},"featured_media":17023,"comment_status":"open","ping_status":"closed","template":"","meta":[],"product_brand":[290],"product_cat":[598,180,580],"product_tag":[],"class_list":{"0":"post-17022","1":"product","2":"type-product","3":"status-publish","4":"has-post-thumbnail","6":"product_brand-monarx-nails","7":"product_cat-ballerina-geliai","8":"product_cat-gelio-sistema","9":"product_cat-nagu-prieziura","11":"first","12":"instock","13":"shipping-taxable","14":"purchasable","15":"product-type-variable"},"_links":{"self":[{"href":"https:\/\/geliai.lt\/fi\/wp-json\/wp\/v2\/product\/17022","targetHints":{"allow":["GET"]}}],"collection":[{"href":"https:\/\/geliai.lt\/fi\/wp-json\/wp\/v2\/product"}],"about":[{"href":"https:\/\/geliai.lt\/fi\/wp-json\/wp\/v2\/types\/product"}],"replies":[{"embeddable":true,"href":"https:\/\/geliai.lt\/fi\/wp-json\/wp\/v2\/comments?post=17022"}],"version-history":[{"count":1,"href":"https:\/\/geliai.lt\/fi\/wp-json\/wp\/v2\/product\/17022\/revisions"}],"predecessor-version":[{"id":17026,"href":"https:\/\/geliai.lt\/fi\/wp-json\/wp\/v2\/product\/17022\/revisions\/17026"}],"wp:featuredmedia":[{"embeddable":true,"href":"https:\/\/geliai.lt\/fi\/wp-json\/wp\/v2\/media\/17023"}],"wp:attachment":[{"href":"https:\/\/geliai.lt\/fi\/wp-json\/wp\/v2\/media?parent=17022"}],"wp:term":[{"taxonomy":"product_brand","embeddable":true,"href":"https:\/\/geliai.lt\/fi\/wp-json\/wp\/v2\/product_brand?post=17022"},{"taxonomy":"product_cat","embeddable":true,"href":"https:\/\/geliai.lt\/fi\/wp-json\/wp\/v2\/product_cat?post=17022"},{"taxonomy":"product_tag","embeddable":true,"href":"https:\/\/geliai.lt\/fi\/wp-json\/wp\/v2\/product_tag?post=17022"}],"curies":[{"name":"wp","href":"https:\/\/api.w.org\/{rel}","templated":true}]}}