{"id":16612,"date":"2026-02-25T14:02:25","date_gmt":"2026-02-25T12:02:25","guid":{"rendered":"https:\/\/geliai.lt\/?post_type=product&#038;p=16612"},"modified":"2026-03-03T09:41:12","modified_gmt":"2026-03-03T07:41:12","slug":"kynsiasiantuntija-40-100-180-karkeus","status":"publish","type":"product","link":"https:\/\/geliai.lt\/fi\/parduotuve\/dildes\/nagams-expert-40-100-180-grit\/","title":{"rendered":"Veneenmuotoinen mineraaliviila EXPERT 40, karkeus 100\/180"},"content":{"rendered":"<p><strong>T\u00e4rkeimm\u00e4t ominaisuudet:<\/strong><br data-start=\"20\" data-end=\"23\" \/>\u2022 Mineraalikynsiviila.<br data-start=\"49\" data-end=\"52\" \/>\u2022 Puolikuun muotoinen.<br data-start=\"81\" data-end=\"84\" \/>\u2022 Kaksi ty\u00f6puolta: karkeus 100\/180.<br data-start=\"116\" data-end=\"119\" \/>\u2022 100 grit \u2013 tekokynsien pituuden ja muodon lis\u00e4\u00e4miseen.<br data-start=\"175\" data-end=\"178\" \/>\u2022 180 grit \u2013 luonnon- ja tekokynsien ty\u00f6st\u00e4miseen.<br data-start=\"236\" data-end=\"239\" \/>\u2022 Kaareva puoli \u2013 sopii kynsirajojesi ja kynsinauhojen hoitoon.<br data-start=\"297\" data-end=\"300\" \/>\u2022 Suora puoli \u2013 kynnen vapaan reunan muotoiluun.<br data-start=\"352\" data-end=\"355\" \/>\u2022 Mahdollistaa luonnon- ja tekokynsien muodon tarkan s\u00e4\u00e4t\u00e4misen vahingoittamatta kynsilevy\u00e4 tai aiheuttamatta mikrohalkeamia.<br data-start=\"473\" data-end=\"476\" \/>\u2022 Sopii manikyyriin ja pedikyyriin.<br data-start=\"509\" data-end=\"512\" \/>\u2022 Koko: 162 \u00d7 25 mm.<br data-start=\"533\" data-end=\"536\" \/>\u2022 Erityinen pinnoite est\u00e4\u00e4 hiomatarvikkeen tukkeutumisen orgaanisella p\u00f6lyll\u00e4 k\u00e4yt\u00f6n aikana.<br data-start=\"626\" data-end=\"629\" \/>\u2022 Pieni vaahtokerros v\u00e4hent\u00e4\u00e4 kynsilevyyn kohdistuvaa painetta.<br data-start=\"696\" data-end=\"699\" \/>\u2022 Joustava muovipohja.<br data-start=\"725\" data-end=\"728\" \/>\u2022 Korkealaatuinen Expert White -hioma-aine s\u00e4ilytt\u00e4\u00e4 ominaisuutensa pitk\u00e4\u00e4n.<br data-start=\"796\" data-end=\"799\" \/>\u2022 Pakkaus sis\u00e4lt\u00e4\u00e4 yhden kappaleen.<br data-start=\"819\" data-end=\"822\" \/>\u2022 Vain kertak\u00e4ytt\u00f6\u00f6n.<\/p>","protected":false},"excerpt":{"rendered":"<h4>Veneen muotoinen mineraalikynsiviila<\/h4>\n<p>Staleks veneenmuotoinen mineraalikynsiviila EXPERT 40 (karkeus 100\/180) on ammattimainen yksiosainen viila, jossa on kaksi hiomapuolta. Se on suunniteltu sek\u00e4 luonnon- ett\u00e4 tekokynsien muotoiluun ja k\u00e4sittelyyn. Kaareva muoto mahdollistaa tarkan ty\u00f6skentelyn kynsinauhojen ja kynsirajojen kanssa, kun taas suora puoli auttaa antamaan kynnen reunalle halutun muodon. Erityinen pinnoite est\u00e4\u00e4 hioma-aineen tukkeutumisen, ja vaahtokerros v\u00e4hent\u00e4\u00e4 kynsilevyyn kohdistuvaa painetta varmistaen mukavan ja turvallisen k\u00e4yt\u00f6n manikyyri- ja pedikyyritoimenpiteiss\u00e4.<\/p>","protected":false},"featured_media":16613,"comment_status":"open","ping_status":"closed","template":"","meta":[],"product_brand":[591],"product_cat":[300,288],"product_tag":[],"class_list":{"0":"post-16612","1":"product","2":"type-product","3":"status-publish","4":"has-post-thumbnail","6":"product_brand-staleks","7":"product_cat-dildes","8":"product_cat-instrumentai","10":"first","11":"instock","12":"shipping-taxable","13":"purchasable","14":"product-type-simple"},"_links":{"self":[{"href":"https:\/\/geliai.lt\/fi\/wp-json\/wp\/v2\/product\/16612","targetHints":{"allow":["GET"]}}],"collection":[{"href":"https:\/\/geliai.lt\/fi\/wp-json\/wp\/v2\/product"}],"about":[{"href":"https:\/\/geliai.lt\/fi\/wp-json\/wp\/v2\/types\/product"}],"replies":[{"embeddable":true,"href":"https:\/\/geliai.lt\/fi\/wp-json\/wp\/v2\/comments?post=16612"}],"version-history":[{"count":1,"href":"https:\/\/geliai.lt\/fi\/wp-json\/wp\/v2\/product\/16612\/revisions"}],"predecessor-version":[{"id":16615,"href":"https:\/\/geliai.lt\/fi\/wp-json\/wp\/v2\/product\/16612\/revisions\/16615"}],"wp:featuredmedia":[{"embeddable":true,"href":"https:\/\/geliai.lt\/fi\/wp-json\/wp\/v2\/media\/16613"}],"wp:attachment":[{"href":"https:\/\/geliai.lt\/fi\/wp-json\/wp\/v2\/media?parent=16612"}],"wp:term":[{"taxonomy":"product_brand","embeddable":true,"href":"https:\/\/geliai.lt\/fi\/wp-json\/wp\/v2\/product_brand?post=16612"},{"taxonomy":"product_cat","embeddable":true,"href":"https:\/\/geliai.lt\/fi\/wp-json\/wp\/v2\/product_cat?post=16612"},{"taxonomy":"product_tag","embeddable":true,"href":"https:\/\/geliai.lt\/fi\/wp-json\/wp\/v2\/product_tag?post=16612"}],"curies":[{"name":"wp","href":"https:\/\/api.w.org\/{rel}","templated":true}]}}