{"id":16481,"date":"2026-02-24T17:38:01","date_gmt":"2026-02-24T15:38:01","guid":{"rendered":"https:\/\/geliai.lt\/?post_type=product&#038;p=16481"},"modified":"2026-02-24T17:40:34","modified_gmt":"2026-02-24T15:40:34","slug":"expert-40-180-240-karkeus-25-kpl","status":"publish","type":"product","link":"https:\/\/geliai.lt\/fi\/parduotuve\/dildes\/expert-40-180-240-grit-25-vnt\/","title":{"rendered":"Veneenmuotoinen mineraaliviila EXPERT 40 180\/240 karkeus (25 kpl)"},"content":{"rendered":"<p><strong data-start=\"0\" data-end=\"23\" data-is-only-node=\"\">T\u00e4rkeimm\u00e4t ominaisuudet<\/strong><br data-start=\"23\" data-end=\"26\" \/>\u2022 Veneenmuotoinen mineraalikynsiviila.<br data-start=\"66\" data-end=\"69\" \/>\u2022 Kaksi ty\u00f6tasoa \u2013 karkeus 180\/240.<br data-start=\"105\" data-end=\"108\" \/>\u2022 180 grit \u2013 tekokynsien pituuden ja muodon antamiseen.<br data-start=\"170\" data-end=\"173\" \/>\u2022 240 karkeus \u2013 luonnon- ja tekokynsien hiomiseen ja valmisteluun pinnoitusta varten.<br data-start=\"255\" data-end=\"258\" \/>\u2022 Kaareva puoli \u2013 erilaisiin viilauslinjoihin ja kynsinauhoille.<br data-start=\"325\" data-end=\"328\" \/>\u2022 Leve\u00e4mpi reuna \u2013 kynnen vapaan reunan muotoiluun.<br data-start=\"382\" data-end=\"385\" \/>\u2022 Mahdollistaa luonnollisten ja tekokynsien muodon hell\u00e4varaisen s\u00e4\u00e4t\u00e4misen vahingoittamatta levy\u00e4 tai aiheuttamatta mikrohalkeamia.<br data-start=\"489\" data-end=\"492\" \/>\u2022 Manikyyriin ja pedikyyriin.<br data-start=\"526\" data-end=\"529\" \/>\u2022 Koko: 162 \u00d7 25 mm.<br data-start=\"550\" data-end=\"553\" \/>\u2022 Erityinen pinnoite suojaa hioma-ainetta orgaanisen p\u00f6lyn tukkeutumiselta.<br data-start=\"624\" data-end=\"627\" \/>\u2022 Ohut vaahtokerros v\u00e4hent\u00e4\u00e4 kynsilevyyn kohdistuvaa painetta.<br data-start=\"691\" data-end=\"694\" \/>\u2022 Joustava muovipohja.<br data-start=\"727\" data-end=\"730\" \/>\u2022 Korkealaatuinen hioma-aine s\u00e4ilytt\u00e4\u00e4 ominaisuutensa pitk\u00e4\u00e4n.<br data-start=\"780\" data-end=\"783\" \/>\u2022 Pakkaus sis\u00e4lt\u00e4\u00e4 25 kappaletta.<br data-start=\"804\" data-end=\"807\" \/>\u2022 Kertak\u00e4ytt\u00f6inen.<\/p>","protected":false},"excerpt":{"rendered":"<h4>Veneenmuotoinen mineraalikynsiviila EXPERT 40<\/h4>\n<p>Veneenmuotoinen mineraalikynsiviila EXPERT 40. 180\/240 karkeus (25 kpl.) - ammattilaistason viila, jossa on kaksi hiomapintaa. 180 karkeus sopii t\u00e4ydellisesti luonnon- ja tekokynsien muotoiluun ja 240 karkeus hell\u00e4varaiseen hiontaan ja pinnoituksen valmisteluun. Ergonominen veneenmuoto mahdollistaa kulmien ja kynsinauhojen mukavan k\u00e4sittelyn, ja erityinen hiomapinnoite est\u00e4\u00e4 orgaanisen p\u00f6lyn tukkeutumisen. Ohut vaahtokerros v\u00e4hent\u00e4\u00e4 kynsilevyyn kohdistuvaa painetta ja tarjoaa mukavan ty\u00f6skentelyn manikyyriss\u00e4 ja pedikyyriss\u00e4. Pakkauksessa - 25 kpl, kertak\u00e4ytt\u00f6isi\u00e4.<\/p>","protected":false},"featured_media":16482,"comment_status":"open","ping_status":"closed","template":"","meta":[],"product_brand":[591],"product_cat":[300,288],"product_tag":[],"class_list":{"0":"post-16481","1":"product","2":"type-product","3":"status-publish","4":"has-post-thumbnail","6":"product_brand-staleks","7":"product_cat-dildes","8":"product_cat-instrumentai","10":"first","11":"instock","12":"shipping-taxable","13":"purchasable","14":"product-type-simple"},"_links":{"self":[{"href":"https:\/\/geliai.lt\/fi\/wp-json\/wp\/v2\/product\/16481","targetHints":{"allow":["GET"]}}],"collection":[{"href":"https:\/\/geliai.lt\/fi\/wp-json\/wp\/v2\/product"}],"about":[{"href":"https:\/\/geliai.lt\/fi\/wp-json\/wp\/v2\/types\/product"}],"replies":[{"embeddable":true,"href":"https:\/\/geliai.lt\/fi\/wp-json\/wp\/v2\/comments?post=16481"}],"version-history":[{"count":2,"href":"https:\/\/geliai.lt\/fi\/wp-json\/wp\/v2\/product\/16481\/revisions"}],"predecessor-version":[{"id":16486,"href":"https:\/\/geliai.lt\/fi\/wp-json\/wp\/v2\/product\/16481\/revisions\/16486"}],"wp:featuredmedia":[{"embeddable":true,"href":"https:\/\/geliai.lt\/fi\/wp-json\/wp\/v2\/media\/16482"}],"wp:attachment":[{"href":"https:\/\/geliai.lt\/fi\/wp-json\/wp\/v2\/media?parent=16481"}],"wp:term":[{"taxonomy":"product_brand","embeddable":true,"href":"https:\/\/geliai.lt\/fi\/wp-json\/wp\/v2\/product_brand?post=16481"},{"taxonomy":"product_cat","embeddable":true,"href":"https:\/\/geliai.lt\/fi\/wp-json\/wp\/v2\/product_cat?post=16481"},{"taxonomy":"product_tag","embeddable":true,"href":"https:\/\/geliai.lt\/fi\/wp-json\/wp\/v2\/product_tag?post=16481"}],"curies":[{"name":"wp","href":"https:\/\/api.w.org\/{rel}","templated":true}]}}