{"id":16476,"date":"2026-02-24T17:17:24","date_gmt":"2026-02-24T15:17:24","guid":{"rendered":"https:\/\/geliai.lt\/?post_type=product&#038;p=16476"},"modified":"2026-02-24T17:20:05","modified_gmt":"2026-02-24T15:20:05","slug":"expert-40-180-180-karkeus-25-kpl","status":"publish","type":"product","link":"https:\/\/geliai.lt\/fi\/parduotuve\/dildes\/expert-40-180-180-grit-25-vnt\/","title":{"rendered":"Veneenmuotoinen mineraaliviila EXPERT 40 180\/180 karkeus (25 kpl)"},"content":{"rendered":"<p><strong data-start=\"0\" data-end=\"23\" data-is-only-node=\"\">T\u00e4rkeimm\u00e4t ominaisuudet<\/strong><br data-start=\"23\" data-end=\"26\" \/>\u2022 Veneenmuotoinen mineraalikynsiviila.<br data-start=\"66\" data-end=\"69\" \/>\u2022 Kaksi ty\u00f6tasoa \u2013 karkeus 180\/180.<br data-start=\"105\" data-end=\"108\" \/>\u2022 180 grit \u2013 teko- ja luonnonkynsien ty\u00f6st\u00e4miseen.<br data-start=\"169\" data-end=\"172\" \/>\u2022 Kaareva puoli \u2013 erilaisiin viilauslinjoihin ja kynsinauhoille.<br data-start=\"239\" data-end=\"242\" \/>\u2022 Leve\u00e4mpi reuna \u2013 kynnen vapaan reunan muotoiluun.<br data-start=\"296\" data-end=\"299\" \/>\u2022 Mahdollistaa luonnollisten ja tekokynsien muodon hell\u00e4varaisen s\u00e4\u00e4t\u00e4misen vahingoittamatta levy\u00e4 tai aiheuttamatta mikrohalkeamia.<br data-start=\"403\" data-end=\"406\" \/>\u2022 Manikyyriin ja pedikyyriin.<br data-start=\"440\" data-end=\"443\" \/>\u2022 Koko: 162 \u00d7 25 mm.<br data-start=\"464\" data-end=\"467\" \/>\u2022 Erityinen pinnoite suojaa hioma-ainetta orgaanisen p\u00f6lyn tukkeutumiselta.<br data-start=\"538\" data-end=\"541\" \/>\u2022 Ohut vaahtokerros v\u00e4hent\u00e4\u00e4 kynsilevyyn kohdistuvaa painetta.<br data-start=\"605\" data-end=\"608\" \/>\u2022 Joustava muovipohja.<br data-start=\"641\" data-end=\"644\" \/>\u2022 Korkealaatuinen hioma-aine s\u00e4ilytt\u00e4\u00e4 ominaisuutensa pitk\u00e4\u00e4n.<br data-start=\"694\" data-end=\"697\" \/>\u2022 Pakkaus sis\u00e4lt\u00e4\u00e4 25 kappaletta.<br data-start=\"718\" data-end=\"721\" \/>\u2022 Kertak\u00e4ytt\u00f6inen.<\/p>","protected":false},"excerpt":{"rendered":"<h4>Veneenmuotoinen mineraalikynsiviila EXPERT<\/h4>\n<p>Veneenmuotoinen mineraaliviila EXPERT 40. 180\/180 karkeus (25 kpl.) - ammattitason viilat, joissa on 180 karkeuden hiomapaperi molemmilla puolilla. Suunniteltu luonnon- ja tekokynsien ty\u00f6st\u00e4miseen ja muotoiluun. Kaareva muoto mahdollistaa erilaisten kulmien ja sivualueiden tarkan viilaamisen, erityinen pinnoite est\u00e4\u00e4 hiomapaperin tukkeutumisen orgaaniseen p\u00f6lyyn ja ohut vaahtokerros v\u00e4hent\u00e4\u00e4 kynsilevyyn kohdistuvaa painetta. Pakkaus sis\u00e4lt\u00e4\u00e4 25 kpl, kertak\u00e4ytt\u00f6isi\u00e4, sopivia manikyyriin ja pedikyyriin.<\/p>","protected":false},"featured_media":16477,"comment_status":"open","ping_status":"closed","template":"","meta":[],"product_brand":[591],"product_cat":[300,288],"product_tag":[],"class_list":{"0":"post-16476","1":"product","2":"type-product","3":"status-publish","4":"has-post-thumbnail","6":"product_brand-staleks","7":"product_cat-dildes","8":"product_cat-instrumentai","10":"first","11":"instock","12":"shipping-taxable","13":"purchasable","14":"product-type-simple"},"_links":{"self":[{"href":"https:\/\/geliai.lt\/fi\/wp-json\/wp\/v2\/product\/16476","targetHints":{"allow":["GET"]}}],"collection":[{"href":"https:\/\/geliai.lt\/fi\/wp-json\/wp\/v2\/product"}],"about":[{"href":"https:\/\/geliai.lt\/fi\/wp-json\/wp\/v2\/types\/product"}],"replies":[{"embeddable":true,"href":"https:\/\/geliai.lt\/fi\/wp-json\/wp\/v2\/comments?post=16476"}],"version-history":[{"count":1,"href":"https:\/\/geliai.lt\/fi\/wp-json\/wp\/v2\/product\/16476\/revisions"}],"predecessor-version":[{"id":16478,"href":"https:\/\/geliai.lt\/fi\/wp-json\/wp\/v2\/product\/16476\/revisions\/16478"}],"wp:featuredmedia":[{"embeddable":true,"href":"https:\/\/geliai.lt\/fi\/wp-json\/wp\/v2\/media\/16477"}],"wp:attachment":[{"href":"https:\/\/geliai.lt\/fi\/wp-json\/wp\/v2\/media?parent=16476"}],"wp:term":[{"taxonomy":"product_brand","embeddable":true,"href":"https:\/\/geliai.lt\/fi\/wp-json\/wp\/v2\/product_brand?post=16476"},{"taxonomy":"product_cat","embeddable":true,"href":"https:\/\/geliai.lt\/fi\/wp-json\/wp\/v2\/product_cat?post=16476"},{"taxonomy":"product_tag","embeddable":true,"href":"https:\/\/geliai.lt\/fi\/wp-json\/wp\/v2\/product_tag?post=16476"}],"curies":[{"name":"wp","href":"https:\/\/api.w.org\/{rel}","templated":true}]}}