{"id":16471,"date":"2026-02-24T16:57:34","date_gmt":"2026-02-24T14:57:34","guid":{"rendered":"https:\/\/geliai.lt\/?post_type=product&#038;p=16471"},"modified":"2026-02-24T17:00:10","modified_gmt":"2026-02-24T15:00:10","slug":"expert-40-150-180-karkeus-25-kpl","status":"publish","type":"product","link":"https:\/\/geliai.lt\/fi\/parduotuve\/dildes\/expert-40-150-180-grit-25-vnt\/","title":{"rendered":"Veneenmuotoinen mineraaliviila EXPERT 40 150\/180 karkeus (25 kpl)"},"content":{"rendered":"<p><strong data-start=\"0\" data-end=\"23\" data-is-only-node=\"\">T\u00e4rkeimm\u00e4t ominaisuudet<\/strong><br data-start=\"23\" data-end=\"26\" \/>\u2022 Veneenmuotoinen mineraalikynsiviila.<br data-start=\"66\" data-end=\"69\" \/>\u2022 Kaksi ty\u00f6tasoa \u2013 karkeus 150\/180.<br data-start=\"105\" data-end=\"108\" \/>\u2022 150 karkeutta \u2013 tekokynsien pituuden ja paksuuden viilaamiseen sek\u00e4 viimeistelyyn.<br data-start=\"197\" data-end=\"200\" \/>\u2022 180 grit \u2013 teko- ja luonnonkynsien ty\u00f6st\u00e4miseen.<br data-start=\"261\" data-end=\"264\" \/>\u2022 Kaareva puoli \u2013 erilaisiin viilauslinjoihin ja kynsinauhoille.<br data-start=\"331\" data-end=\"334\" \/>\u2022 Leve\u00e4mpi reuna \u2013 kynnen vapaan reunan muotoiluun.<br data-start=\"388\" data-end=\"391\" \/>\u2022 Mahdollistaa luonnollisten ja tekokynsien muodon hell\u00e4varaisen s\u00e4\u00e4t\u00e4misen vahingoittamatta levy\u00e4 tai aiheuttamatta mikrohalkeamia.<br data-start=\"495\" data-end=\"498\" \/>\u2022 Manikyyriin ja pedikyyriin.<br data-start=\"532\" data-end=\"535\" \/>\u2022 Koko: 162 \u00d7 25 mm.<br data-start=\"556\" data-end=\"559\" \/>\u2022 Erityinen pinnoite suojaa hioma-ainetta orgaanisen p\u00f6lyn tukkeutumiselta.<br data-start=\"630\" data-end=\"633\" \/>\u2022 Ohut vaahtokerros v\u00e4hent\u00e4\u00e4 kynsilevyyn kohdistuvaa painetta.<br data-start=\"697\" data-end=\"700\" \/>\u2022 Joustava muovipohja.<br data-start=\"733\" data-end=\"736\" \/>\u2022 Korkealaatuinen hioma-aine s\u00e4ilytt\u00e4\u00e4 ominaisuutensa pitk\u00e4\u00e4n.<br data-start=\"786\" data-end=\"789\" \/>\u2022 Pakkaus sis\u00e4lt\u00e4\u00e4 25 kappaletta.<br data-start=\"810\" data-end=\"813\" \/>\u2022 Kertak\u00e4ytt\u00f6inen.<\/p>","protected":false},"excerpt":{"rendered":"<h4>Veneenmuotoinen mineraalikynsiviila EXPERT 40<\/h4>\n<p>Veneenmuotoinen mineraaliviila EXPERT 40. 150\/180 karkeus (25 kpl.) - ammattitason kynsiviila kahdella hiomapinnalla (150 ja 180 karkeus). Suunniteltu tekokynsien pituuden ja paksuuden ty\u00f6st\u00e4miseen sek\u00e4 luonnollisten kynsien muotoiluun ja hell\u00e4varaiseen ty\u00f6st\u00e4miseen. Ergonominen veneenmuoto mahdollistaa eri kulmien ja sivualueiden tarkan viilaamisen, erityinen hiomapinnoite est\u00e4\u00e4 orgaanisen p\u00f6lyn tarttumisen ja ohut vaahtokerros v\u00e4hent\u00e4\u00e4 kynsilevyyn kohdistuvaa painetta. Pakkaus sis\u00e4lt\u00e4\u00e4 25 kpl, kertak\u00e4ytt\u00f6iseen manikyyriin ja pedikyyriin.<\/p>","protected":false},"featured_media":16472,"comment_status":"open","ping_status":"closed","template":"","meta":[],"product_brand":[591],"product_cat":[300,288],"product_tag":[],"class_list":{"0":"post-16471","1":"product","2":"type-product","3":"status-publish","4":"has-post-thumbnail","6":"product_brand-staleks","7":"product_cat-dildes","8":"product_cat-instrumentai","10":"first","11":"instock","12":"shipping-taxable","13":"purchasable","14":"product-type-simple"},"_links":{"self":[{"href":"https:\/\/geliai.lt\/fi\/wp-json\/wp\/v2\/product\/16471","targetHints":{"allow":["GET"]}}],"collection":[{"href":"https:\/\/geliai.lt\/fi\/wp-json\/wp\/v2\/product"}],"about":[{"href":"https:\/\/geliai.lt\/fi\/wp-json\/wp\/v2\/types\/product"}],"replies":[{"embeddable":true,"href":"https:\/\/geliai.lt\/fi\/wp-json\/wp\/v2\/comments?post=16471"}],"version-history":[{"count":1,"href":"https:\/\/geliai.lt\/fi\/wp-json\/wp\/v2\/product\/16471\/revisions"}],"predecessor-version":[{"id":16473,"href":"https:\/\/geliai.lt\/fi\/wp-json\/wp\/v2\/product\/16471\/revisions\/16473"}],"wp:featuredmedia":[{"embeddable":true,"href":"https:\/\/geliai.lt\/fi\/wp-json\/wp\/v2\/media\/16472"}],"wp:attachment":[{"href":"https:\/\/geliai.lt\/fi\/wp-json\/wp\/v2\/media?parent=16471"}],"wp:term":[{"taxonomy":"product_brand","embeddable":true,"href":"https:\/\/geliai.lt\/fi\/wp-json\/wp\/v2\/product_brand?post=16471"},{"taxonomy":"product_cat","embeddable":true,"href":"https:\/\/geliai.lt\/fi\/wp-json\/wp\/v2\/product_cat?post=16471"},{"taxonomy":"product_tag","embeddable":true,"href":"https:\/\/geliai.lt\/fi\/wp-json\/wp\/v2\/product_tag?post=16471"}],"curies":[{"name":"wp","href":"https:\/\/api.w.org\/{rel}","templated":true}]}}