{"id":16429,"date":"2026-02-24T14:39:31","date_gmt":"2026-02-24T12:39:31","guid":{"rendered":"https:\/\/geliai.lt\/?post_type=product&#038;p=16429"},"modified":"2026-02-24T14:40:35","modified_gmt":"2026-02-24T12:40:35","slug":"dilde-expert-40-80-100-grit-25-vnt","status":"publish","type":"product","link":"https:\/\/geliai.lt\/fi\/parduotuve\/dildes\/dilde-expert-40-80-100-grit-25-vnt\/","title":{"rendered":"Veneenmuotoinen mineraaliviila EXPERT 40 80\/100 karkeus (25 kpl)"},"content":{"rendered":"<p><strong>T\u00e4rkeimm\u00e4t ominaisuudet<\/strong><br data-start=\"19\" data-end=\"22\" \/>\u2022 Mineralin\u0117 nag\u0173 dild\u0117.<br data-start=\"46\" data-end=\"49\" \/>\u2022 Laivelio formos.<br data-start=\"67\" data-end=\"70\" \/>\u2022 Dvi darbo pavir\u0161iaus pus\u0117s: 80\/100 grit.<br data-start=\"112\" data-end=\"115\" \/>\u2022 80 grit \u2013 abrazyvas, skirtas dirbtini\u0173 nag\u0173 (akrilas, gelis) apdorojimui ir didesnio kiekio med\u017eiagos pa\u0161alinimui.<br data-start=\"242\" data-end=\"245\" \/>\u2022 100 grit \u2013 kietas abrazyvas dirbtiniams nagams formuoti, ilgio korekcijai ir pavir\u0161iaus paruo\u0161imui prie\u0161 priauginim\u0105.<br data-start=\"364\" data-end=\"367\" \/>\u2022 I\u0161lenkta pus\u0117 \u2013 tinka \u012fvairiems kampams ir odeli\u0173 apdorojimui.<br data-start=\"431\" data-end=\"434\" \/>\u2022 Tiesi pus\u0117 \u2013 nag\u0173 laisvojo kra\u0161to formavimui.<br data-start=\"481\" data-end=\"484\" \/>\u2022 Leid\u017eia \u0161velniai koreguoti nat\u016brali\u0173 ir dirbtini\u0173 nag\u0173 form\u0105 be nago plok\u0161tel\u0117s pa\u017eeidimo ar mikro\u012ftr\u016bkim\u0173.<br data-start=\"593\" data-end=\"596\" \/>\u2022 Manikyyriin ja pedikyyriin.<br data-start=\"630\" data-end=\"633\" \/>\u2022 Koko: 162 \u00d7 25 mm.<br data-start=\"654\" data-end=\"657\" \/>\u2022 Speciali danga neleid\u017eia abrazyvui u\u017esikim\u0161ti organin\u0117mis dulk\u0117mis.<br data-start=\"726\" data-end=\"729\" \/>\u2022 Ohut vaahtokerros v\u00e4hent\u00e4\u00e4 kynsilevyyn kohdistuvaa painetta.<br data-start=\"793\" data-end=\"796\" \/>\u2022 Korkealaatuinen hioma-aine s\u00e4ilytt\u00e4\u00e4 ominaisuutensa pitk\u00e4\u00e4n.<br data-start=\"851\" data-end=\"854\" \/>\u2022 Pakkaus: 25 kpl.<br data-start=\"874\" data-end=\"877\" \/>\u2022 Vain kertak\u00e4ytt\u00f6\u00f6n.<\/p>","protected":false},"excerpt":{"rendered":"<h4>Veneenmuotoinen mineraaliviila EXPERT 40<\/h4>\n<p>Ammattimainen veneenmuotoinen mineraaliviila EXPERT 40 (karkeus 80\/100) - suunniteltu luonnon- ja tekokynsien muotoiluun ja korjaukseen. Viilan kaareva muoto sopii erinomaisesti kynsinauhojen ja kynnen sivualueiden k\u00e4sittelyyn, ja leve\u00e4mpi reuna mahdollistaa kynnen vapaan reunan hell\u00e4varaisen muotoilun. Korkealaatuinen hioma-aine, jossa on erityinen pinnoite, est\u00e4\u00e4 orgaanisen p\u00f6lyn tukkeutumisen, ja ohut vaahtokerros v\u00e4hent\u00e4\u00e4 kynsilevyyn kohdistuvaa painetta. Kertak\u00e4ytt\u00f6iset, 25 kpl pakkauksessa, suunniteltu hygieeniseen ty\u00f6skentelyyn manikyyrin ja pedikyyrin aikana.<\/p>","protected":false},"featured_media":16430,"comment_status":"open","ping_status":"closed","template":"","meta":[],"product_brand":[591],"product_cat":[300,288],"product_tag":[],"class_list":{"0":"post-16429","1":"product","2":"type-product","3":"status-publish","4":"has-post-thumbnail","6":"product_brand-staleks","7":"product_cat-dildes","8":"product_cat-instrumentai","10":"first","11":"instock","12":"shipping-taxable","13":"purchasable","14":"product-type-simple"},"_links":{"self":[{"href":"https:\/\/geliai.lt\/fi\/wp-json\/wp\/v2\/product\/16429","targetHints":{"allow":["GET"]}}],"collection":[{"href":"https:\/\/geliai.lt\/fi\/wp-json\/wp\/v2\/product"}],"about":[{"href":"https:\/\/geliai.lt\/fi\/wp-json\/wp\/v2\/types\/product"}],"replies":[{"embeddable":true,"href":"https:\/\/geliai.lt\/fi\/wp-json\/wp\/v2\/comments?post=16429"}],"version-history":[{"count":1,"href":"https:\/\/geliai.lt\/fi\/wp-json\/wp\/v2\/product\/16429\/revisions"}],"predecessor-version":[{"id":16433,"href":"https:\/\/geliai.lt\/fi\/wp-json\/wp\/v2\/product\/16429\/revisions\/16433"}],"wp:featuredmedia":[{"embeddable":true,"href":"https:\/\/geliai.lt\/fi\/wp-json\/wp\/v2\/media\/16430"}],"wp:attachment":[{"href":"https:\/\/geliai.lt\/fi\/wp-json\/wp\/v2\/media?parent=16429"}],"wp:term":[{"taxonomy":"product_brand","embeddable":true,"href":"https:\/\/geliai.lt\/fi\/wp-json\/wp\/v2\/product_brand?post=16429"},{"taxonomy":"product_cat","embeddable":true,"href":"https:\/\/geliai.lt\/fi\/wp-json\/wp\/v2\/product_cat?post=16429"},{"taxonomy":"product_tag","embeddable":true,"href":"https:\/\/geliai.lt\/fi\/wp-json\/wp\/v2\/product_tag?post=16429"}],"curies":[{"name":"wp","href":"https:\/\/api.w.org\/{rel}","templated":true}]}}