{"id":16406,"date":"2026-02-24T12:47:42","date_gmt":"2026-02-24T10:47:42","guid":{"rendered":"https:\/\/geliai.lt\/?post_type=product&#038;p=16406"},"modified":"2026-02-24T13:05:42","modified_gmt":"2026-02-24T11:05:42","slug":"papmam-exclusive-20-25-kpl","status":"publish","type":"product","link":"https:\/\/geliai.lt\/fi\/parduotuve\/dildes\/papmam-exclusive-20-25-vnt\/","title":{"rendered":"Kertak\u00e4ytt\u00f6viilat papmAm EXCLUSIVE 20 (25 kpl)"},"content":{"rendered":"<p><strong>T\u00e4rkeimm\u00e4t ominaisuudet<\/strong><br data-start=\"19\" data-end=\"22\" \/>\u2022 PapmAm Soft \u2013 kertak\u00e4ytt\u00f6iset hiomaviilat, joissa on pehme\u00e4 vaahtomuovikerros, ilman liimaa, asetetaan alustalle.<br data-start=\"153\" data-end=\"156\" \/>\u2022 Muoto: suora.<br data-start=\"171\" data-end=\"174\" \/>\u2022 Ohut vaahtokerros v\u00e4hent\u00e4\u00e4 kynsilevyyn kohdistuvaa painetta.<br data-start=\"238\" data-end=\"241\" \/>\u2022 Ihanteellinen pohjalle kooltaan, joten se pit\u00e4\u00e4 tukevasti kiinni.<br data-start=\"302\" data-end=\"305\" \/>\u2022 Turvallinen pehme\u00e4 viilareuna, joka on valmistettu ymp\u00e4rist\u00f6yst\u00e4v\u00e4llisest\u00e4 paperista.<br data-start=\"412\" data-end=\"415\" \/>\u2022 Helppo kiinnitt\u00e4\u00e4 ja irrottaa alustasta, ei j\u00e4t\u00e4 liimaj\u00e4\u00e4mi\u00e4 k\u00e4yt\u00f6n j\u00e4lkeen.<br data-start=\"503\" data-end=\"506\" \/>\u2022 Korkealaatuinen sveitsil\u00e4inen premium-hiomatarvike Exclusive \u2013 korkea kulutuskest\u00e4vyys.<br data-start=\"597\" data-end=\"600\" \/>\u2022 Hiomakarkeus: 100 karkeutta \u2013 kynsien pituuden ja muodon antamiseen, 180 karkeutta \u2013 luonnon- ja tekokynsien korjaamiseen ja muotoiluun.<br data-start=\"724\" data-end=\"727\" \/>\u2022 Ei hajoa k\u00e4yt\u00f6n aikana.<br data-start=\"753\" data-end=\"756\" \/>\u2022 Sopii suorille jalustoille: MBE-20, SPBE-20, WBE-20.<br data-start=\"809\" data-end=\"812\" \/>\u2022 Tarkoitettu kertak\u00e4ytt\u00f6\u00f6n manikyyriin ja pedikyyriin.<br data-start=\"871\" data-end=\"874\" \/>\u2022 Tiedostokoko: 140 \u00d7 20 mm.<br data-start=\"902\" data-end=\"905\" \/>\u2022 Pakkaus: 25 kpl.<\/p>\n<p>Koodi: DFCX-20-240\/25<\/p>","protected":false},"excerpt":{"rendered":"<h4>Kertak\u00e4ytt\u00f6viilat papmAm EXCLUSIVE 20<\/h4>\n<p>Kertak\u00e4ytt\u00f6iset PapmAm Soft -viilat pehme\u00e4ll\u00e4 vaahtomuovikerroksella Exclusive 20 (25 kpl) - on helppo asettaa suorille pohjille, tarjoavat vakaan tarttuvuuden ja v\u00e4hent\u00e4v\u00e4t kynsilevyyn kohdistuvaa painetta. Korkealaatuisesta hioma-aineesta valmistetut viilat eiv\u00e4t j\u00e4t\u00e4 liimaj\u00e4\u00e4mi\u00e4 ja ovat turvallisia k\u00e4ytt\u00e4\u00e4, joten ne sopivat t\u00e4ydellisesti luonnon- ja tekokynsien muotoiluun ja korjaamiseen ammattimaisessa manikyyriss\u00e4 ja pedikyyriss\u00e4.<\/p>","protected":false},"featured_media":16408,"comment_status":"open","ping_status":"closed","template":"","meta":[],"product_brand":[591],"product_cat":[300,288],"product_tag":[],"class_list":{"0":"post-16406","1":"product","2":"type-product","3":"status-publish","4":"has-post-thumbnail","6":"product_brand-staleks","7":"product_cat-dildes","8":"product_cat-instrumentai","10":"first","11":"instock","12":"shipping-taxable","13":"purchasable","14":"product-type-simple"},"_links":{"self":[{"href":"https:\/\/geliai.lt\/fi\/wp-json\/wp\/v2\/product\/16406","targetHints":{"allow":["GET"]}}],"collection":[{"href":"https:\/\/geliai.lt\/fi\/wp-json\/wp\/v2\/product"}],"about":[{"href":"https:\/\/geliai.lt\/fi\/wp-json\/wp\/v2\/types\/product"}],"replies":[{"embeddable":true,"href":"https:\/\/geliai.lt\/fi\/wp-json\/wp\/v2\/comments?post=16406"}],"version-history":[{"count":2,"href":"https:\/\/geliai.lt\/fi\/wp-json\/wp\/v2\/product\/16406\/revisions"}],"predecessor-version":[{"id":16411,"href":"https:\/\/geliai.lt\/fi\/wp-json\/wp\/v2\/product\/16406\/revisions\/16411"}],"wp:featuredmedia":[{"embeddable":true,"href":"https:\/\/geliai.lt\/fi\/wp-json\/wp\/v2\/media\/16408"}],"wp:attachment":[{"href":"https:\/\/geliai.lt\/fi\/wp-json\/wp\/v2\/media?parent=16406"}],"wp:term":[{"taxonomy":"product_brand","embeddable":true,"href":"https:\/\/geliai.lt\/fi\/wp-json\/wp\/v2\/product_brand?post=16406"},{"taxonomy":"product_cat","embeddable":true,"href":"https:\/\/geliai.lt\/fi\/wp-json\/wp\/v2\/product_cat?post=16406"},{"taxonomy":"product_tag","embeddable":true,"href":"https:\/\/geliai.lt\/fi\/wp-json\/wp\/v2\/product_tag?post=16406"}],"curies":[{"name":"wp","href":"https:\/\/api.w.org\/{rel}","templated":true}]}}