{"id":16395,"date":"2026-02-24T11:31:12","date_gmt":"2026-02-24T09:31:12","guid":{"rendered":"https:\/\/geliai.lt\/?post_type=product&#038;p=16395"},"modified":"2026-02-24T11:31:13","modified_gmt":"2026-02-24T09:31:13","slug":"painike-smart-51-tyyppi-3","status":"publish","type":"product","link":"https:\/\/geliai.lt\/fi\/parduotuve\/instrumentai\/stumiklis-smart-51-type-3\/","title":{"rendered":"Manikyyrin ty\u00f6nt\u00e4j\u00e4 SMART 51 TYPE 3 (py\u00f6re\u00e4 leve\u00e4 ty\u00f6nt\u00e4j\u00e4 ja kynnenpoistoaine)"},"content":{"rendered":"<p><strong>T\u00e4rkeimm\u00e4t ominaisuudet<\/strong><br data-start=\"19\" data-end=\"22\" \/>\u2022 Manikyyrin ty\u00f6nt\u00e4j\u00e4 (py\u00f6re\u00e4 leve\u00e4 ty\u00f6nt\u00e4j\u00e4 + kynnenpoistoaine).<br data-start=\"87\" data-end=\"90\" \/>\u2022 Ty\u00f6nt\u00f6osa on suunniteltu nostamaan ja ty\u00f6nt\u00e4m\u00e4\u00e4n kynsinauhoja taaksep\u00e4in.<br data-start=\"148\" data-end=\"151\" \/>\u2022 Kynsienpuhdistimen ty\u00f6osa on suunniteltu poistamaan kuivaa ihoa kynsilevyst\u00e4, sivusuunnassa kynsinauhoista ja vapaasta reunasta.<br data-start=\"266\" data-end=\"269\" \/>\u2022 Kapea, hieman kaareva kynsienpuhdistusk\u00e4rki \u2013 ihanteellinen ammattimaisiin manikyyreihin ja pedikyyreihin.<br data-start=\"372\" data-end=\"375\" \/>\u2022 Kahvan halkaisija: 6 mm; mattapintainen, aallotettu pinta est\u00e4\u00e4 liukumisen ja varmistaa tukevan otteen.<br data-start=\"486\" data-end=\"489\" \/>\u2022 Kokonaispituus: 145 mm; mukava k\u00e4ytt\u00e4\u00e4 sek\u00e4 oikealla ett\u00e4 vasemmalla k\u00e4dell\u00e4.<br data-start=\"559\" data-end=\"562\" \/>\u2022 Valmistettu korkealaatuisesta ruostumattomasta ter\u00e4ksest\u00e4 - kest\u00e4v\u00e4.<br data-start=\"629\" data-end=\"632\" \/>\u2022 Kaikenlaiset sterilointi- ja desinfiointimenetelm\u00e4t ovat mahdollisia s\u00e4\u00e4nt\u00f6j\u00e4 noudattaen ja sertifioituja tuotteita k\u00e4ytt\u00e4en.<br data-start=\"739\" data-end=\"742\" \/>\u2022 Suositellaan ammattimaiseen manikyyriin ja pedikyyriin.<\/p>","protected":false},"excerpt":{"rendered":"<h4>Manikyyrin ty\u00f6nt\u00e4j\u00e4 SMART 51 TYPE 3<\/h4>\n<p>Ammattimainen manikyyrin ty\u00f6nt\u00e4j\u00e4 SMART 51 TYPE 3 - kaksipuolinen ty\u00f6kalu, jossa on py\u00f6re\u00e4 leve\u00e4 ty\u00f6nt\u00e4j\u00e4 kynsinauhojen nostamiseen ja kapea puhdistusty\u00f6kalu kuivan ihon ja lian poistamiseen kynnen pinnalta. Tukeva ruostumattomasta ter\u00e4ksest\u00e4 valmistettu muotoilu mattapintaisilla uurretuilla kahvoilla tarjoaa mukavan otteen, ja yleiskoko mahdollistaa k\u00e4yt\u00f6n sek\u00e4 oikealla ett\u00e4 vasemmalla k\u00e4dell\u00e4, sopii ammattimaiseen manikyyriin ja pedikyyriin.<\/p>","protected":false},"featured_media":16396,"comment_status":"open","ping_status":"closed","template":"","meta":[],"product_brand":[591],"product_cat":[288,260],"product_tag":[],"class_list":{"0":"post-16395","1":"product","2":"type-product","3":"status-publish","4":"has-post-thumbnail","6":"product_brand-staleks","7":"product_cat-instrumentai","8":"product_cat-odeliu-atstumikliai","10":"first","11":"instock","12":"shipping-taxable","13":"purchasable","14":"product-type-simple"},"_links":{"self":[{"href":"https:\/\/geliai.lt\/fi\/wp-json\/wp\/v2\/product\/16395","targetHints":{"allow":["GET"]}}],"collection":[{"href":"https:\/\/geliai.lt\/fi\/wp-json\/wp\/v2\/product"}],"about":[{"href":"https:\/\/geliai.lt\/fi\/wp-json\/wp\/v2\/types\/product"}],"replies":[{"embeddable":true,"href":"https:\/\/geliai.lt\/fi\/wp-json\/wp\/v2\/comments?post=16395"}],"version-history":[{"count":1,"href":"https:\/\/geliai.lt\/fi\/wp-json\/wp\/v2\/product\/16395\/revisions"}],"predecessor-version":[{"id":16400,"href":"https:\/\/geliai.lt\/fi\/wp-json\/wp\/v2\/product\/16395\/revisions\/16400"}],"wp:featuredmedia":[{"embeddable":true,"href":"https:\/\/geliai.lt\/fi\/wp-json\/wp\/v2\/media\/16396"}],"wp:attachment":[{"href":"https:\/\/geliai.lt\/fi\/wp-json\/wp\/v2\/media?parent=16395"}],"wp:term":[{"taxonomy":"product_brand","embeddable":true,"href":"https:\/\/geliai.lt\/fi\/wp-json\/wp\/v2\/product_brand?post=16395"},{"taxonomy":"product_cat","embeddable":true,"href":"https:\/\/geliai.lt\/fi\/wp-json\/wp\/v2\/product_cat?post=16395"},{"taxonomy":"product_tag","embeddable":true,"href":"https:\/\/geliai.lt\/fi\/wp-json\/wp\/v2\/product_tag?post=16395"}],"curies":[{"name":"wp","href":"https:\/\/api.w.org\/{rel}","templated":true}]}}