{"id":16346,"date":"2026-02-23T20:11:05","date_gmt":"2026-02-23T18:11:05","guid":{"rendered":"https:\/\/geliai.lt\/?post_type=product&#038;p=16346"},"modified":"2026-03-05T22:10:23","modified_gmt":"2026-03-05T20:10:23","slug":"odeliu-zirklutes-eksklusiivinen-20-vartta","status":"publish","type":"product","link":"https:\/\/geliai.lt\/fi\/parduotuve\/instrumentai\/odeliu-zirklutes-exclusive-20-staleks\/","title":{"rendered":"Ammattimaiset kynsinauhojen sakset EXCLUSIVE 20 TYYPPI 1 (magnolia)"},"content":{"rendered":"<p><strong>T\u00e4rkeimm\u00e4t ominaisuudet<\/strong><br data-start=\"19\" data-end=\"22\" \/>\u2022 Ainutlaatuinen kahvan muoto.<br data-start=\"49\" data-end=\"52\" \/>\u2022 T\u00e4ydellinen tasapaino leikkauspinnan paksuuden ja ter\u00e4vyyden v\u00e4lill\u00e4.<br data-start=\"113\" data-end=\"116\" \/>\u2022 Kapeat k\u00e4rjet.<br data-start=\"134\" data-end=\"137\" \/>\u2022 Klassinen ter\u00e4n kaari (R300 mm).<br data-start=\"173\" data-end=\"176\" \/>\u2022 Lyhennettyjen kahvojen ansiosta liikkeet ovat tarkempia.<br data-start=\"230\" data-end=\"233\" \/>\u2022 Manuaalinen teroitus mikroskoopilla.<br data-start=\"278\" data-end=\"281\" \/>\u2022 Kiillotettu leikkuureuna kirurgisen tarkkaan kynsinauhojen siistimiseen.<br data-start=\"346\" data-end=\"349\" \/>\u2022 Poikkeuksellisen kova materiaali ja moitteettomasti sujuva toiminta.<br data-start=\"420\" data-end=\"423\" \/>\u2022 Poikkeuksellisen kest\u00e4v\u00e4.<\/p>","protected":false},"excerpt":{"rendered":"<h4>Ammattimaiset kynsinauhasakset EKSKLUSIIVISESTI<\/h4>\n<p>Kynsiteknikkojen ammattimainen valinta \u2013 korkeinta laatua <span class=\"hover:entity-accent entity-underline inline cursor-pointer align-baseline\"><span class=\"whitespace-normal\">STALEX PRO<\/span><\/span> Kynsinauhasakset Exclusive 20 tyyppi 1. Tarkkaan ja turvalliseen ty\u00f6skentelyyn suunnitellut, kapeat k\u00e4rjet, ergonominen kahvan muoto ja mikroskoopilla k\u00e4sin teroitetut ter\u00e4t. Korkealaatuinen ruostumaton ter\u00e4s takaa kest\u00e4vyyden, sujuvan toiminnan ja desinfiointi- ja sterilointimahdollisuuden ammattik\u00e4ytt\u00f6\u00f6n.<\/p>","protected":false},"featured_media":16350,"comment_status":"open","ping_status":"closed","template":"","meta":[],"product_brand":[591],"product_cat":[288,256],"product_tag":[],"class_list":{"0":"post-16346","1":"product","2":"type-product","3":"status-publish","4":"has-post-thumbnail","6":"product_brand-staleks","7":"product_cat-instrumentai","8":"product_cat-zirklutes","10":"first","11":"instock","12":"sale","13":"shipping-taxable","14":"purchasable","15":"product-type-simple"},"_links":{"self":[{"href":"https:\/\/geliai.lt\/fi\/wp-json\/wp\/v2\/product\/16346","targetHints":{"allow":["GET"]}}],"collection":[{"href":"https:\/\/geliai.lt\/fi\/wp-json\/wp\/v2\/product"}],"about":[{"href":"https:\/\/geliai.lt\/fi\/wp-json\/wp\/v2\/types\/product"}],"replies":[{"embeddable":true,"href":"https:\/\/geliai.lt\/fi\/wp-json\/wp\/v2\/comments?post=16346"}],"version-history":[{"count":2,"href":"https:\/\/geliai.lt\/fi\/wp-json\/wp\/v2\/product\/16346\/revisions"}],"predecessor-version":[{"id":16355,"href":"https:\/\/geliai.lt\/fi\/wp-json\/wp\/v2\/product\/16346\/revisions\/16355"}],"wp:featuredmedia":[{"embeddable":true,"href":"https:\/\/geliai.lt\/fi\/wp-json\/wp\/v2\/media\/16350"}],"wp:attachment":[{"href":"https:\/\/geliai.lt\/fi\/wp-json\/wp\/v2\/media?parent=16346"}],"wp:term":[{"taxonomy":"product_brand","embeddable":true,"href":"https:\/\/geliai.lt\/fi\/wp-json\/wp\/v2\/product_brand?post=16346"},{"taxonomy":"product_cat","embeddable":true,"href":"https:\/\/geliai.lt\/fi\/wp-json\/wp\/v2\/product_cat?post=16346"},{"taxonomy":"product_tag","embeddable":true,"href":"https:\/\/geliai.lt\/fi\/wp-json\/wp\/v2\/product_tag?post=16346"}],"curies":[{"name":"wp","href":"https:\/\/api.w.org\/{rel}","templated":true}]}}