{"id":14699,"date":"2026-02-16T10:58:36","date_gmt":"2026-02-16T08:58:36","guid":{"rendered":"https:\/\/geliai.lt\/?post_type=product&#038;p=14699"},"modified":"2026-02-23T18:36:57","modified_gmt":"2026-02-23T16:36:57","slug":"pantone-kolekcija","status":"publish","type":"product","link":"https:\/\/geliai.lt\/fi\/parduotuve\/kolekcijos\/pantone-kolekcija\/","title":{"rendered":"PANTONE-kokoelma"},"content":{"rendered":"","protected":false},"excerpt":{"rendered":"<p data-path-to-node=\"5\"><b data-path-to-node=\"5\" data-index-in-node=\"0\">PANTONE-kokoelma<\/b><\/p>\n<p data-path-to-node=\"6\">T\u00e4m\u00e4 on sarja moderneimpia ja muodikkaimpia v\u00e4rej\u00e4, jotka on luotu kauden uusimpien trendien mukaan. Jokaiselle PANTONE-kokoelman ty\u00f6kalulle on ominaista eritt\u00e4in tarkka pigmentin siirto ja virheet\u00f6n peitto, joiden avulla mestari voi luoda tyylikk\u00e4it\u00e4 ja ammattimaisia kuvia. Ostamalla koko kokoelman kerralla s\u00e4\u00e4st\u00e4t 10% ja varmistat, ett\u00e4 studiollasi on aina t\u00e4m\u00e4n kauden suosituimmat v\u00e4rit. Monarxin laatu takaa pitk\u00e4aikaisen s\u00e4ilymisen ja miellytt\u00e4v\u00e4n ty\u00f6n jokaisessa vaiheessa.<\/p>","protected":false},"featured_media":14700,"comment_status":"open","ping_status":"closed","template":"","meta":[],"product_brand":[290],"product_cat":[593,580],"product_tag":[],"class_list":{"0":"post-14699","1":"product","2":"type-product","3":"status-publish","4":"has-post-thumbnail","6":"product_brand-monarx-nails","7":"product_cat-kolekcijos","8":"product_cat-nagu-prieziura","10":"first","11":"instock","12":"sale","13":"featured","14":"shipping-taxable","15":"purchasable","16":"product-type-woosb"},"_links":{"self":[{"href":"https:\/\/geliai.lt\/fi\/wp-json\/wp\/v2\/product\/14699","targetHints":{"allow":["GET"]}}],"collection":[{"href":"https:\/\/geliai.lt\/fi\/wp-json\/wp\/v2\/product"}],"about":[{"href":"https:\/\/geliai.lt\/fi\/wp-json\/wp\/v2\/types\/product"}],"replies":[{"embeddable":true,"href":"https:\/\/geliai.lt\/fi\/wp-json\/wp\/v2\/comments?post=14699"}],"version-history":[{"count":2,"href":"https:\/\/geliai.lt\/fi\/wp-json\/wp\/v2\/product\/14699\/revisions"}],"predecessor-version":[{"id":14702,"href":"https:\/\/geliai.lt\/fi\/wp-json\/wp\/v2\/product\/14699\/revisions\/14702"}],"wp:featuredmedia":[{"embeddable":true,"href":"https:\/\/geliai.lt\/fi\/wp-json\/wp\/v2\/media\/14700"}],"wp:attachment":[{"href":"https:\/\/geliai.lt\/fi\/wp-json\/wp\/v2\/media?parent=14699"}],"wp:term":[{"taxonomy":"product_brand","embeddable":true,"href":"https:\/\/geliai.lt\/fi\/wp-json\/wp\/v2\/product_brand?post=14699"},{"taxonomy":"product_cat","embeddable":true,"href":"https:\/\/geliai.lt\/fi\/wp-json\/wp\/v2\/product_cat?post=14699"},{"taxonomy":"product_tag","embeddable":true,"href":"https:\/\/geliai.lt\/fi\/wp-json\/wp\/v2\/product_tag?post=14699"}],"curies":[{"name":"wp","href":"https:\/\/api.w.org\/{rel}","templated":true}]}}