{"id":14696,"date":"2026-02-16T10:48:22","date_gmt":"2026-02-16T08:48:22","guid":{"rendered":"https:\/\/geliai.lt\/?post_type=product&#038;p=14696"},"modified":"2026-02-23T18:37:11","modified_gmt":"2026-02-23T16:37:11","slug":"puunkerays-2","status":"publish","type":"product","link":"https:\/\/geliai.lt\/fi\/parduotuve\/kolekcijos\/wood-kolekcija\/","title":{"rendered":"WOOD-mallisto"},"content":{"rendered":"","protected":false},"excerpt":{"rendered":"<p data-path-to-node=\"5\"><b data-path-to-node=\"5\" data-index-in-node=\"0\">WOOD-mallisto<\/b><\/p>\n<p data-path-to-node=\"6\">T\u00e4m\u00e4 sarja on saanut inspiraationsa luonnon s\u00e4vyist\u00e4 ja luonnollisesta estetiikasta, ja se on suunniteltu luomaan herk\u00e4n ja tyylikk\u00e4\u00e4n manikyyrin. Jokaiselle WOOD-malliston tuotteelle on ominaista eritt\u00e4in runsas pigmentti ja tasainen peitto, mik\u00e4 takaa pitk\u00e4kestoisen ja ammattimaisen tuloksen. Ostamalla koko malliston yhdess\u00e4 s\u00e4\u00e4st\u00e4t 10% ja t\u00e4ydenn\u00e4t ty\u00f6tilaasi rauhallisilla, maanl\u00e4heisill\u00e4 s\u00e4vyill\u00e4, jotka pysyv\u00e4t suosittuina kaikkina vuodenaikoina. Monarxin laatu takaa nopean ty\u00f6n ja virheett\u00f6m\u00e4n ulkon\u00e4\u00f6n.<\/p>","protected":false},"featured_media":14697,"comment_status":"open","ping_status":"closed","template":"","meta":[],"product_brand":[290],"product_cat":[593,580],"product_tag":[],"class_list":{"0":"post-14696","1":"product","2":"type-product","3":"status-publish","4":"has-post-thumbnail","6":"product_brand-monarx-nails","7":"product_cat-kolekcijos","8":"product_cat-nagu-prieziura","10":"first","11":"instock","12":"sale","13":"featured","14":"shipping-taxable","15":"purchasable","16":"product-type-woosb"},"_links":{"self":[{"href":"https:\/\/geliai.lt\/fi\/wp-json\/wp\/v2\/product\/14696","targetHints":{"allow":["GET"]}}],"collection":[{"href":"https:\/\/geliai.lt\/fi\/wp-json\/wp\/v2\/product"}],"about":[{"href":"https:\/\/geliai.lt\/fi\/wp-json\/wp\/v2\/types\/product"}],"replies":[{"embeddable":true,"href":"https:\/\/geliai.lt\/fi\/wp-json\/wp\/v2\/comments?post=14696"}],"version-history":[{"count":1,"href":"https:\/\/geliai.lt\/fi\/wp-json\/wp\/v2\/product\/14696\/revisions"}],"predecessor-version":[{"id":14698,"href":"https:\/\/geliai.lt\/fi\/wp-json\/wp\/v2\/product\/14696\/revisions\/14698"}],"wp:featuredmedia":[{"embeddable":true,"href":"https:\/\/geliai.lt\/fi\/wp-json\/wp\/v2\/media\/14697"}],"wp:attachment":[{"href":"https:\/\/geliai.lt\/fi\/wp-json\/wp\/v2\/media?parent=14696"}],"wp:term":[{"taxonomy":"product_brand","embeddable":true,"href":"https:\/\/geliai.lt\/fi\/wp-json\/wp\/v2\/product_brand?post=14696"},{"taxonomy":"product_cat","embeddable":true,"href":"https:\/\/geliai.lt\/fi\/wp-json\/wp\/v2\/product_cat?post=14696"},{"taxonomy":"product_tag","embeddable":true,"href":"https:\/\/geliai.lt\/fi\/wp-json\/wp\/v2\/product_tag?post=14696"}],"curies":[{"name":"wp","href":"https:\/\/api.w.org\/{rel}","templated":true}]}}