{"id":14682,"date":"2026-02-16T09:56:02","date_gmt":"2026-02-16T07:56:02","guid":{"rendered":"https:\/\/geliai.lt\/?post_type=product&#038;p=14682"},"modified":"2026-02-23T18:38:05","modified_gmt":"2026-02-23T16:38:05","slug":"vogue-kolekcija","status":"publish","type":"product","link":"https:\/\/geliai.lt\/fi\/parduotuve\/kolekcijos\/vogue-kolekcija\/","title":{"rendered":"VOGUE-mallisto"},"content":{"rendered":"","protected":false},"excerpt":{"rendered":"<p data-path-to-node=\"5\"><b data-path-to-node=\"5\" data-index-in-node=\"0\">VOGUE-mallisto<\/b><\/p>\n<p data-path-to-node=\"6\">T\u00e4m\u00e4 on ylellisyytt\u00e4 ja eleganssia huokuva tuotesarja, joka on luotu huippuluokan manikyristeille. Jokaiselle VOGUE-malliston tuotteelle on ominaista eritt\u00e4in kevyt peittokyky ja moitteeton kest\u00e4vyys, joiden avulla saavutat tyylikk\u00e4\u00e4n ja modernin lopputuloksen. Ostamalla koko malliston kerralla s\u00e4\u00e4st\u00e4t 10% ja t\u00e4ydenn\u00e4t ty\u00f6paikkaasi yhten\u00e4isell\u00e4 ja ammattimaisella s\u00e4vyvalikoimalla. Monarx-laatu varmistaa, ett\u00e4 jokainen ty\u00f6 valmistuu nopeasti ja laadukkaasti.<\/p>","protected":false},"featured_media":14685,"comment_status":"open","ping_status":"closed","template":"","meta":[],"product_brand":[290],"product_cat":[593,580],"product_tag":[],"class_list":{"0":"post-14682","1":"product","2":"type-product","3":"status-publish","4":"has-post-thumbnail","6":"product_brand-monarx-nails","7":"product_cat-kolekcijos","8":"product_cat-nagu-prieziura","10":"first","11":"instock","12":"sale","13":"featured","14":"shipping-taxable","15":"purchasable","16":"product-type-woosb"},"_links":{"self":[{"href":"https:\/\/geliai.lt\/fi\/wp-json\/wp\/v2\/product\/14682","targetHints":{"allow":["GET"]}}],"collection":[{"href":"https:\/\/geliai.lt\/fi\/wp-json\/wp\/v2\/product"}],"about":[{"href":"https:\/\/geliai.lt\/fi\/wp-json\/wp\/v2\/types\/product"}],"replies":[{"embeddable":true,"href":"https:\/\/geliai.lt\/fi\/wp-json\/wp\/v2\/comments?post=14682"}],"version-history":[{"count":1,"href":"https:\/\/geliai.lt\/fi\/wp-json\/wp\/v2\/product\/14682\/revisions"}],"predecessor-version":[{"id":14684,"href":"https:\/\/geliai.lt\/fi\/wp-json\/wp\/v2\/product\/14682\/revisions\/14684"}],"wp:featuredmedia":[{"embeddable":true,"href":"https:\/\/geliai.lt\/fi\/wp-json\/wp\/v2\/media\/14685"}],"wp:attachment":[{"href":"https:\/\/geliai.lt\/fi\/wp-json\/wp\/v2\/media?parent=14682"}],"wp:term":[{"taxonomy":"product_brand","embeddable":true,"href":"https:\/\/geliai.lt\/fi\/wp-json\/wp\/v2\/product_brand?post=14682"},{"taxonomy":"product_cat","embeddable":true,"href":"https:\/\/geliai.lt\/fi\/wp-json\/wp\/v2\/product_cat?post=14682"},{"taxonomy":"product_tag","embeddable":true,"href":"https:\/\/geliai.lt\/fi\/wp-json\/wp\/v2\/product_tag?post=14682"}],"curies":[{"name":"wp","href":"https:\/\/api.w.org\/{rel}","templated":true}]}}