{"id":14679,"date":"2026-02-16T09:34:45","date_gmt":"2026-02-16T07:34:45","guid":{"rendered":"https:\/\/geliai.lt\/?post_type=product&#038;p=14679"},"modified":"2026-02-23T18:38:25","modified_gmt":"2026-02-23T16:38:25","slug":"meteor-cat-kolekcija","status":"publish","type":"product","link":"https:\/\/geliai.lt\/fi\/parduotuve\/kolekcijos\/meteor-cat-kolekcija\/","title":{"rendered":"METEOR CAT -mallisto"},"content":{"rendered":"","protected":false},"excerpt":{"rendered":"<p data-path-to-node=\"5\"><b data-path-to-node=\"5\" data-index-in-node=\"0\">METEOR-kokoelma<\/b><\/p>\n<p data-path-to-node=\"6\">T\u00e4m\u00e4 on ammattilaistuotesarja, joka on luotu niille, jotka etsiv\u00e4t poikkeuksellista vaikutusta ja korkeinta laatua. Jokaisella ty\u00f6kalulla t\u00e4ss\u00e4 kokoelmassa on ainutlaatuinen koostumus, jonka avulla saavutat t\u00e4ydellisen tuloksen nopeammin ja helpommin. Ostamalla koko METEOR-setin kerralla s\u00e4\u00e4st\u00e4t 10% ja saat t\u00e4yden valikoiman yhteensopivia ty\u00f6kaluja. Luotu k\u00e4sity\u00f6l\u00e4isille, jotka arvostavat luotettavuutta ja moderneja ratkaisuja.<\/p>","protected":false},"featured_media":14686,"comment_status":"open","ping_status":"closed","template":"","meta":[],"product_brand":[290],"product_cat":[593,580],"product_tag":[],"class_list":{"0":"post-14679","1":"product","2":"type-product","3":"status-publish","4":"has-post-thumbnail","6":"product_brand-monarx-nails","7":"product_cat-kolekcijos","8":"product_cat-nagu-prieziura","10":"first","11":"instock","12":"sale","13":"featured","14":"shipping-taxable","15":"purchasable","16":"product-type-woosb"},"_links":{"self":[{"href":"https:\/\/geliai.lt\/fi\/wp-json\/wp\/v2\/product\/14679","targetHints":{"allow":["GET"]}}],"collection":[{"href":"https:\/\/geliai.lt\/fi\/wp-json\/wp\/v2\/product"}],"about":[{"href":"https:\/\/geliai.lt\/fi\/wp-json\/wp\/v2\/types\/product"}],"replies":[{"embeddable":true,"href":"https:\/\/geliai.lt\/fi\/wp-json\/wp\/v2\/comments?post=14679"}],"version-history":[{"count":2,"href":"https:\/\/geliai.lt\/fi\/wp-json\/wp\/v2\/product\/14679\/revisions"}],"predecessor-version":[{"id":14688,"href":"https:\/\/geliai.lt\/fi\/wp-json\/wp\/v2\/product\/14679\/revisions\/14688"}],"wp:featuredmedia":[{"embeddable":true,"href":"https:\/\/geliai.lt\/fi\/wp-json\/wp\/v2\/media\/14686"}],"wp:attachment":[{"href":"https:\/\/geliai.lt\/fi\/wp-json\/wp\/v2\/media?parent=14679"}],"wp:term":[{"taxonomy":"product_brand","embeddable":true,"href":"https:\/\/geliai.lt\/fi\/wp-json\/wp\/v2\/product_brand?post=14679"},{"taxonomy":"product_cat","embeddable":true,"href":"https:\/\/geliai.lt\/fi\/wp-json\/wp\/v2\/product_cat?post=14679"},{"taxonomy":"product_tag","embeddable":true,"href":"https:\/\/geliai.lt\/fi\/wp-json\/wp\/v2\/product_tag?post=14679"}],"curies":[{"name":"wp","href":"https:\/\/api.w.org\/{rel}","templated":true}]}}