{"id":12993,"date":"2026-01-22T21:38:34","date_gmt":"2026-01-22T19:38:34","guid":{"rendered":"https:\/\/geliai.lt\/?post_type=product&#038;p=12993"},"modified":"2026-02-23T18:41:58","modified_gmt":"2026-02-23T16:41:58","slug":"paallyslakan-vari-5","status":"publish","type":"product","link":"https:\/\/geliai.lt\/fi\/parduotuve\/bazes-ir-topai\/virsutinis-sluoksnis-spalva-5\/","title":{"rendered":"P\u00e4\u00e4llyslakka \u2013 V\u00c4RI 5"},"content":{"rendered":"<ul>\n<li>\n<p data-path-to-node=\"1,0,0\"><b data-path-to-node=\"1,0,0\" data-index-in-node=\"0\">Huipputurvallisuus<\/b> \u2013 turvallinen \u201eHema-Free\u201c-koostumus ilman haitallisia monomeerej\u00e4 minimoi allergisten reaktioiden todenn\u00e4k\u00f6isyyden ja varmistaa miellytt\u00e4v\u00e4n ty\u00f6skentelyn.<\/p>\n<\/li>\n<li>\n<p data-path-to-node=\"1,1,0\"><b data-path-to-node=\"1,1,0\" data-index-in-node=\"0\">Poikkeuksellinen pigmentti<\/b> \u2013 p\u00e4\u00e4llyslakka on t\u00e4ytel\u00e4inen ja siin\u00e4 on ihanteellinen yhdistelm\u00e4 joustavuutta ja kest\u00e4vyytt\u00e4, mik\u00e4 antaa kynsille virheett\u00f6m\u00e4n ulkon\u00e4\u00f6n.<\/p>\n<\/li>\n<li>\n<p data-path-to-node=\"1,2,0\"><b data-path-to-node=\"1,2,0\" data-index-in-node=\"0\">Nopeaa ja tehokasta ty\u00f6t\u00e4<\/b> \u2013 tuotteessa ei ole dispersiokerrosta (tahmeaa kerrosta), joten se ei vaadi lis\u00e4puhdistusta ja nopeuttaa manikyyriprosessia.<\/p>\n<\/li>\n<\/ul>","protected":false},"excerpt":{"rendered":"<h3>P\u00e4\u00e4llyslakka \u2013 V\u00c4RI 5<\/h3>\n<p data-path-to-node=\"2\">Pid\u00e4tk\u00f6 siisteist\u00e4 ja eleganteista kynsist\u00e4 ilman kirkkaita yksityiskohtia tai v\u00e4rikk\u00e4it\u00e4 aksentteja? Pid\u00e4tk\u00f6 yksinkertaisuudesta ja asiallisesta ilmeest\u00e4, joka sopii mihin tahansa tilanteeseen? Esittelemme kokoelman tarttumattomia v\u00e4rillisi\u00e4 p\u00e4\u00e4llyslakkoja, jotka on luotu erityisesti t\u00e4llaisiin tarpeisiin. N\u00e4it\u00e4 p\u00e4\u00e4llyslakkoja suositellaan erityisesti baby boomer -sukupolven kynsiin, ranskalaiseen manikyyriin ja h\u00e4\u00e4tyyliin, jotka vaativat herkk\u00e4\u00e4 ja esteettist\u00e4 viimeistely\u00e4.<\/p>\n<p data-path-to-node=\"3\">Uudessa mallistossa on noin 20%-peittokykyisi\u00e4 v\u00e4rillisi\u00e4 lakkeja, jotka korostavat kynsiesi luonnollista kauneutta ja antavat manikyyrillesi ajatonta eleganssia. Uskomme, ett\u00e4 yksinkertaisuus on suurin voima. Valitse hienovarainen s\u00e4vy, joka toimii t\u00e4ydellisen\u00e4 pohjana yksinkertaisille taide-elementeille tai pehment\u00e4\u00e4 eritt\u00e4in kirkkaita v\u00e4rej\u00e4. Voit valita kahdeksasta eri s\u00e4vyst\u00e4, jotka antavat manikyyrillesi ylellisen kermaisen viimeistelyn.<\/p>","protected":false},"featured_media":14803,"comment_status":"open","ping_status":"closed","template":"","meta":[],"product_brand":[290],"product_cat":[179,580,350],"product_tag":[],"class_list":{"0":"post-12993","1":"product","2":"type-product","3":"status-publish","4":"has-post-thumbnail","6":"product_brand-monarx-nails","7":"product_cat-bazes-ir-topai","8":"product_cat-nagu-prieziura","9":"product_cat-spalvoti-topai","11":"first","12":"instock","13":"shipping-taxable","14":"purchasable","15":"product-type-simple"},"_links":{"self":[{"href":"https:\/\/geliai.lt\/fi\/wp-json\/wp\/v2\/product\/12993","targetHints":{"allow":["GET"]}}],"collection":[{"href":"https:\/\/geliai.lt\/fi\/wp-json\/wp\/v2\/product"}],"about":[{"href":"https:\/\/geliai.lt\/fi\/wp-json\/wp\/v2\/types\/product"}],"replies":[{"embeddable":true,"href":"https:\/\/geliai.lt\/fi\/wp-json\/wp\/v2\/comments?post=12993"}],"version-history":[{"count":3,"href":"https:\/\/geliai.lt\/fi\/wp-json\/wp\/v2\/product\/12993\/revisions"}],"predecessor-version":[{"id":14805,"href":"https:\/\/geliai.lt\/fi\/wp-json\/wp\/v2\/product\/12993\/revisions\/14805"}],"wp:featuredmedia":[{"embeddable":true,"href":"https:\/\/geliai.lt\/fi\/wp-json\/wp\/v2\/media\/14803"}],"wp:attachment":[{"href":"https:\/\/geliai.lt\/fi\/wp-json\/wp\/v2\/media?parent=12993"}],"wp:term":[{"taxonomy":"product_brand","embeddable":true,"href":"https:\/\/geliai.lt\/fi\/wp-json\/wp\/v2\/product_brand?post=12993"},{"taxonomy":"product_cat","embeddable":true,"href":"https:\/\/geliai.lt\/fi\/wp-json\/wp\/v2\/product_cat?post=12993"},{"taxonomy":"product_tag","embeddable":true,"href":"https:\/\/geliai.lt\/fi\/wp-json\/wp\/v2\/product_tag?post=12993"}],"curies":[{"name":"wp","href":"https:\/\/api.w.org\/{rel}","templated":true}]}}