{"id":12961,"date":"2026-01-22T20:10:14","date_gmt":"2026-01-22T18:10:14","guid":{"rendered":"https:\/\/geliai.lt\/?post_type=product&#038;p=12961"},"modified":"2026-04-22T09:06:16","modified_gmt":"2026-04-22T06:06:16","slug":"timanttihuippu","status":"publish","type":"product","link":"https:\/\/geliai.lt\/fi\/parduotuve\/bazes-ir-topai\/diamond-top\/","title":{"rendered":"Timanttip\u00e4\u00e4llys \u2013 p\u00e4\u00e4llimm\u00e4inen kerros"},"content":{"rendered":"<ul>\n<li>\n<p data-path-to-node=\"1,0,0\"><b data-path-to-node=\"1,0,0\" data-index-in-node=\"0\">Timantin loisto<\/b> \u2013 P\u00e4\u00e4llyslakka antaa kynsille eritt\u00e4in intensiivisen ja pitk\u00e4kestoisen kiillon, joka ei haalistu ja s\u00e4ilytt\u00e4\u00e4 &quot;m\u00e4r\u00e4n vaikutuksen&quot; koko k\u00e4ytt\u00f6kerran ajan.<\/p>\n<\/li>\n<li>\n<p data-path-to-node=\"1,1,0\"><b data-path-to-node=\"1,1,0\" data-index-in-node=\"0\">Korkein turvallisuus<\/b> \u2013 Hema- ja TPO-vapaa koostumus, joka ei sis\u00e4ll\u00e4 haitallisia monomeerej\u00e4, varmistaa turvallisen k\u00e4yt\u00f6n ja minimoi allergisten reaktioiden todenn\u00e4k\u00f6isyyden.<\/p>\n<\/li>\n<li>\n<p data-path-to-node=\"1,2,0\"><b data-path-to-node=\"1,2,0\" data-index-in-node=\"0\">Maksimaalinen suoja<\/b> \u2013 kerros on eritt\u00e4in kest\u00e4v\u00e4 naarmuja ja mekaanisia vaurioita vastaan, mik\u00e4 varmistaa manikyyrin kest\u00e4vyyden ilman lohkeilua tai hankausta.<\/p>\n<\/li>\n<\/ul>","protected":false},"excerpt":{"rendered":"<h3>Timanttihuippu<\/h3>\n<p data-path-to-node=\"2\"><span class=\"\">Diamond Top on ammattimainen tarttumaton p\u00e4\u00e4llyslakka.,<\/span><span class=\"\"> antaa manikyyrille ylellisen helmi\u00e4ishohdon.<\/span><span class=\"\"> T\u00e4m\u00e4 monipuolinen toppi ei muuta p\u00e4\u00e4v\u00e4ri\u00e4,<\/span><span class=\"\"> Suojaa ihanteellisesti kynsi\u00e4 halkeilulta ja varmistaa manikyyrin maksimaalisen kest\u00e4vyyden.<\/span><span class=\"\"> T\u00e4ydellinen k\u00e4ytett\u00e4v\u00e4ksi geelilakkojen kanssa,<\/span><span class=\"\"> geeli\u00e4 tai akryyli\u00e4.<\/span><\/p>","protected":false},"featured_media":12963,"comment_status":"open","ping_status":"closed","template":"","meta":[],"product_brand":[290],"product_cat":[179,580,222],"product_tag":[],"class_list":{"0":"post-12961","1":"product","2":"type-product","3":"status-publish","4":"has-post-thumbnail","6":"product_brand-monarx-nails","7":"product_cat-bazes-ir-topai","8":"product_cat-nagu-prieziura","9":"product_cat-topai-su-efektu","11":"first","12":"instock","13":"sale","14":"shipping-taxable","15":"purchasable","16":"product-type-simple"},"_links":{"self":[{"href":"https:\/\/geliai.lt\/fi\/wp-json\/wp\/v2\/product\/12961","targetHints":{"allow":["GET"]}}],"collection":[{"href":"https:\/\/geliai.lt\/fi\/wp-json\/wp\/v2\/product"}],"about":[{"href":"https:\/\/geliai.lt\/fi\/wp-json\/wp\/v2\/types\/product"}],"replies":[{"embeddable":true,"href":"https:\/\/geliai.lt\/fi\/wp-json\/wp\/v2\/comments?post=12961"}],"version-history":[{"count":5,"href":"https:\/\/geliai.lt\/fi\/wp-json\/wp\/v2\/product\/12961\/revisions"}],"predecessor-version":[{"id":14818,"href":"https:\/\/geliai.lt\/fi\/wp-json\/wp\/v2\/product\/12961\/revisions\/14818"}],"wp:featuredmedia":[{"embeddable":true,"href":"https:\/\/geliai.lt\/fi\/wp-json\/wp\/v2\/media\/12963"}],"wp:attachment":[{"href":"https:\/\/geliai.lt\/fi\/wp-json\/wp\/v2\/media?parent=12961"}],"wp:term":[{"taxonomy":"product_brand","embeddable":true,"href":"https:\/\/geliai.lt\/fi\/wp-json\/wp\/v2\/product_brand?post=12961"},{"taxonomy":"product_cat","embeddable":true,"href":"https:\/\/geliai.lt\/fi\/wp-json\/wp\/v2\/product_cat?post=12961"},{"taxonomy":"product_tag","embeddable":true,"href":"https:\/\/geliai.lt\/fi\/wp-json\/wp\/v2\/product_tag?post=12961"}],"curies":[{"name":"wp","href":"https:\/\/api.w.org\/{rel}","templated":true}]}}