{"id":12949,"date":"2026-01-22T18:35:19","date_gmt":"2026-01-22T16:35:19","guid":{"rendered":"https:\/\/geliai.lt\/?post_type=product&#038;p=12949"},"modified":"2026-04-23T20:28:06","modified_gmt":"2026-04-23T17:28:06","slug":"shine-gel-5","status":"publish","type":"product","link":"https:\/\/geliai.lt\/fi\/parduotuve\/gelio-sistema\/shine-gel-5\/","title":{"rendered":"Shine Gel 5 &#8211; gelis nag\u0173 priauginimui"},"content":{"rendered":"<ul>\n<li>\n<p data-path-to-node=\"1,0,0\"><b data-path-to-node=\"1,0,0\" data-index-in-node=\"0\">Huipputurvallisuus<\/b> \u2013 turvallinen hema- ja TPO-vapaa koostumus ilman haitallisia monomeerej\u00e4 varmistaa turvallisen k\u00e4yt\u00f6n ja minimoi allergisten reaktioiden todenn\u00e4k\u00f6isyyden.<\/p>\n<\/li>\n<li>\n<p data-path-to-node=\"1,1,0\"><b data-path-to-node=\"1,1,0\" data-index-in-node=\"0\">Nopea ja ylellinen vaikutus<\/b> \u2013 t\u00e4m\u00e4 glitter-kynsilakka ei vaadi ylim\u00e4\u00e4r\u00e4ist\u00e4 v\u00e4rikerrosta, ja erityiset hiukkaset luovat v\u00e4litt\u00f6m\u00e4sti ylellisen, timantin kaltaisen hehkun.<\/p>\n<\/li>\n<li>\n<p data-path-to-node=\"1,2,0\"><b data-path-to-node=\"1,2,0\" data-index-in-node=\"0\">Ihanteellinen hallinta<\/b> \u2013 keskipaksu, itsetasoittuva koostumus varmistaa t\u00e4ydellisen peitt\u00e4vyyden ja mahdollistaa k\u00e4sity\u00f6l\u00e4isen ty\u00f6skentelyn \u00e4\u00e4rimm\u00e4isen tarkasti ja tehokkaasti.<\/p>\n<\/li>\n<\/ul>","protected":false},"excerpt":{"rendered":"<h3>Shine Gel 5 glitter-kynsilakka \u2013 s\u00e4ihkyvi\u00e4 uutisia salonkiisi!<\/h3>\n<p>T\u00e4m\u00e4 glitter-kynsigeeli on todellinen l\u00f6yt\u00f6 kynsiartisteille, jotka haluavat luoda vaikuttavia tuloksia nopeasti. Glitter-geelien k\u00e4ytt\u00f6 lyhent\u00e4\u00e4 toimenpideaikaa merkitt\u00e4v\u00e4sti, sill\u00e4 muotoilet kynnen yhdell\u00e4 kertaa ja annat sille henke\u00e4salpaavan ilmeen.<\/p>\n<p>\u012esivaizduokite klien\u010di\u0173 d\u017eiaugsm\u0105, kai j\u0173 nagai ry\u0161kiai su\u017evilga pagav\u0119 \u0161viesos spindul\u012f! Tai puikus b\u016bdas pasi\u016blyti i\u0161skirtin\u012f maniki\u016br\u0105, kuris akimirksniu patraukia ak\u012f. Nag\u0173 gelis su blizgu\u010diais Shine Gel 5 pasi\u017eymi vidutiniu tir\u0161tumu, tod\u0117l su juo dirbti yra itin paprasta.<\/p>","protected":false},"featured_media":14830,"comment_status":"open","ping_status":"closed","template":"","meta":[],"product_brand":[290],"product_cat":[180,580,351],"product_tag":[],"class_list":{"0":"post-12949","1":"product","2":"type-product","3":"status-publish","4":"has-post-thumbnail","6":"product_brand-monarx-nails","7":"product_cat-gelio-sistema","8":"product_cat-nagu-prieziura","9":"product_cat-shine-geliai","11":"first","12":"instock","13":"shipping-taxable","14":"purchasable","15":"product-type-simple"},"_links":{"self":[{"href":"https:\/\/geliai.lt\/fi\/wp-json\/wp\/v2\/product\/12949","targetHints":{"allow":["GET"]}}],"collection":[{"href":"https:\/\/geliai.lt\/fi\/wp-json\/wp\/v2\/product"}],"about":[{"href":"https:\/\/geliai.lt\/fi\/wp-json\/wp\/v2\/types\/product"}],"replies":[{"embeddable":true,"href":"https:\/\/geliai.lt\/fi\/wp-json\/wp\/v2\/comments?post=12949"}],"version-history":[{"count":5,"href":"https:\/\/geliai.lt\/fi\/wp-json\/wp\/v2\/product\/12949\/revisions"}],"predecessor-version":[{"id":14829,"href":"https:\/\/geliai.lt\/fi\/wp-json\/wp\/v2\/product\/12949\/revisions\/14829"}],"wp:featuredmedia":[{"embeddable":true,"href":"https:\/\/geliai.lt\/fi\/wp-json\/wp\/v2\/media\/14830"}],"wp:attachment":[{"href":"https:\/\/geliai.lt\/fi\/wp-json\/wp\/v2\/media?parent=12949"}],"wp:term":[{"taxonomy":"product_brand","embeddable":true,"href":"https:\/\/geliai.lt\/fi\/wp-json\/wp\/v2\/product_brand?post=12949"},{"taxonomy":"product_cat","embeddable":true,"href":"https:\/\/geliai.lt\/fi\/wp-json\/wp\/v2\/product_cat?post=12949"},{"taxonomy":"product_tag","embeddable":true,"href":"https:\/\/geliai.lt\/fi\/wp-json\/wp\/v2\/product_tag?post=12949"}],"curies":[{"name":"wp","href":"https:\/\/api.w.org\/{rel}","templated":true}]}}