{"id":12724,"date":"2025-11-24T16:04:59","date_gmt":"2025-11-24T14:04:59","guid":{"rendered":"https:\/\/geliai.lt\/?post_type=product&#038;p=12724"},"modified":"2026-04-01T10:18:16","modified_gmt":"2026-04-01T07:18:16","slug":"vogue-020-gelinis-nagu-lakas","status":"publish","type":"product","link":"https:\/\/geliai.lt\/fi\/parduotuve\/geliniai-lakai\/vogue-020-gelinis-nagu-lakas\/","title":{"rendered":"VOGUE 020 &#8211; Gelinis nag\u0173 lakas"},"content":{"rendered":"<ul>\n<li>\n<p data-path-to-node=\"1,0,0\"><b data-path-to-node=\"1,0,0\" data-index-in-node=\"0\">Huipputurvallisuus<\/b> \u2013 Hema- ja TPO-vapaa koostumus, joka ei sis\u00e4ll\u00e4 haitallisia monomeerej\u00e4, varmistaa turvallisen ty\u00f6skentelyn ja minimoi allergisten reaktioiden todenn\u00e4k\u00f6isyyden.<\/p>\n<\/li>\n<li>\n<p data-path-to-node=\"1,1,0\"><b data-path-to-node=\"1,1,0\" data-index-in-node=\"0\">Korkea pigmentti<\/b> \u2013 laaja v\u00e4rivalikoima sis\u00e4lt\u00e4\u00e4 t\u00e4ytel\u00e4isi\u00e4 s\u00e4vyj\u00e4, jotka peitt\u00e4v\u00e4t kynnen tasaisesti ja mahdollistavat ammattimaisen lopputuloksen saavuttamisen vain yhdell\u00e4 kerroksella.<\/p>\n<\/li>\n<li>\n<p data-path-to-node=\"1,2,0\"><b data-path-to-node=\"1,2,0\" data-index-in-node=\"0\">Pitk\u00e4aikainen vaikutus<\/b> \u2013 innovatiivinen koostumus varmistaa manikyyrin virheett\u00f6m\u00e4n pysyvyyden, vastustuskyvyn ja antaa sinun nauttia t\u00e4ydellisest\u00e4 tyylist\u00e4 pitk\u00e4\u00e4n.<\/p>\n<\/li>\n<\/ul>","protected":false},"excerpt":{"rendered":"<p data-start=\"52\" data-end=\"106\">Rakkaat muodin yst\u00e4v\u00e4t!<br data-start=\"133\" data-end=\"136\" \/>Esittelemme teille uusimman hybridi-kynsilakkojen kokoelman, joka on luotu moderneille naisille, jotka haluavat aina pysy\u00e4 ajan tasalla uusimmista kauneus- ja muotitrendeist\u00e4!<\/p>\n<p data-start=\"306\" data-end=\"423\">VOGUE-mallisto on yhdistelm\u00e4 eleganssia, kest\u00e4vyytt\u00e4 ja intensiivisi\u00e4 v\u00e4rej\u00e4, jotka korostavat yksil\u00f6llist\u00e4 tyyli\u00e4si.<\/p>","protected":false},"featured_media":14852,"comment_status":"open","ping_status":"closed","template":"","meta":[],"product_brand":[290],"product_cat":[178,580,348],"product_tag":[],"class_list":{"0":"post-12724","1":"product","2":"type-product","3":"status-publish","4":"has-post-thumbnail","6":"product_brand-monarx-nails","7":"product_cat-geliniai-lakai","8":"product_cat-nagu-prieziura","9":"product_cat-vogue-collection","11":"first","12":"instock","13":"shipping-taxable","14":"purchasable","15":"product-type-simple"},"_links":{"self":[{"href":"https:\/\/geliai.lt\/fi\/wp-json\/wp\/v2\/product\/12724","targetHints":{"allow":["GET"]}}],"collection":[{"href":"https:\/\/geliai.lt\/fi\/wp-json\/wp\/v2\/product"}],"about":[{"href":"https:\/\/geliai.lt\/fi\/wp-json\/wp\/v2\/types\/product"}],"replies":[{"embeddable":true,"href":"https:\/\/geliai.lt\/fi\/wp-json\/wp\/v2\/comments?post=12724"}],"version-history":[{"count":9,"href":"https:\/\/geliai.lt\/fi\/wp-json\/wp\/v2\/product\/12724\/revisions"}],"predecessor-version":[{"id":14853,"href":"https:\/\/geliai.lt\/fi\/wp-json\/wp\/v2\/product\/12724\/revisions\/14853"}],"wp:featuredmedia":[{"embeddable":true,"href":"https:\/\/geliai.lt\/fi\/wp-json\/wp\/v2\/media\/14852"}],"wp:attachment":[{"href":"https:\/\/geliai.lt\/fi\/wp-json\/wp\/v2\/media?parent=12724"}],"wp:term":[{"taxonomy":"product_brand","embeddable":true,"href":"https:\/\/geliai.lt\/fi\/wp-json\/wp\/v2\/product_brand?post=12724"},{"taxonomy":"product_cat","embeddable":true,"href":"https:\/\/geliai.lt\/fi\/wp-json\/wp\/v2\/product_cat?post=12724"},{"taxonomy":"product_tag","embeddable":true,"href":"https:\/\/geliai.lt\/fi\/wp-json\/wp\/v2\/product_tag?post=12724"}],"curies":[{"name":"wp","href":"https:\/\/api.w.org\/{rel}","templated":true}]}}