{"id":12709,"date":"2025-11-24T15:19:45","date_gmt":"2025-11-24T13:19:45","guid":{"rendered":"https:\/\/geliai.lt\/?post_type=product&#038;p=12709"},"modified":"2026-04-12T09:54:23","modified_gmt":"2026-04-12T06:54:23","slug":"pantone-015-geelikynsilakka","status":"publish","type":"product","link":"https:\/\/geliai.lt\/fi\/parduotuve\/geliniai-lakai\/pantone-015-gelinis-nagu-lakas\/","title":{"rendered":"PANTONE 015 \u2013 Geelikynsilakka"},"content":{"rendered":"<ul>\n<li>\n<p data-path-to-node=\"1,0,0\"><b data-path-to-node=\"1,0,0\" data-index-in-node=\"0\">Huipputurvallisuus<\/b> \u2013 turvallinen hema- ja TPO-vapaa koostumus ilman haitallisia monomeerej\u00e4 varmistaa turvallisen k\u00e4yt\u00f6n ja minimoi allergisten reaktioiden todenn\u00e4k\u00f6isyyden.<\/p>\n<\/li>\n<li>\n<p data-path-to-node=\"1,1,0\"><b data-path-to-node=\"1,1,0\" data-index-in-node=\"0\">Poikkeuksellinen kyll\u00e4isyys<\/b> \u2013 Pantone-kokoelman s\u00e4vyll\u00e4 on poikkeuksellisen kirkas ja syv\u00e4 s\u00e4vy, se peitt\u00e4\u00e4 kynnen tasaisesti ja s\u00e4ilytt\u00e4\u00e4 alkuper\u00e4isen v\u00e4rin intensiteetin ja kiillon.<\/p>\n<\/li>\n<li>\n<p data-path-to-node=\"1,2,0\"><b data-path-to-node=\"1,2,0\" data-index-in-node=\"0\">Luova monipuolisuus<\/b> \u2013 Monarxin koostumus sopii erinomaisesti paitsi t\u00e4ydelliseen peitt\u00e4vyyteen, my\u00f6s ombre-efekteihin tai koristeluun, varmistaen pitk\u00e4kestoisen pidon ilman kimmoisuutta.<\/p>\n<\/li>\n<\/ul>","protected":false},"excerpt":{"rendered":"<p>Hybridilakka WINTERBERRY 015, joka perustuu suosittuihin Pantone 2025\/2026 -s\u00e4vyihin, on loistava valinta niille, jotka haluavat erottua manikyyrill\u00e4\u00e4n. N\u00e4m\u00e4 v\u00e4ris\u00e4vyt on luotu uusimpien muotitrendien mukaan ja antavat kynsille ainutlaatuisen vieh\u00e4tyksen.<\/p>","protected":false},"featured_media":14866,"comment_status":"open","ping_status":"closed","template":"","meta":[],"product_brand":[290],"product_cat":[178,580,349],"product_tag":[],"class_list":{"0":"post-12709","1":"product","2":"type-product","3":"status-publish","4":"has-post-thumbnail","6":"product_brand-monarx-nails","7":"product_cat-geliniai-lakai","8":"product_cat-nagu-prieziura","9":"product_cat-pantone-collection","11":"first","12":"instock","13":"shipping-taxable","14":"purchasable","15":"product-type-simple"},"_links":{"self":[{"href":"https:\/\/geliai.lt\/fi\/wp-json\/wp\/v2\/product\/12709","targetHints":{"allow":["GET"]}}],"collection":[{"href":"https:\/\/geliai.lt\/fi\/wp-json\/wp\/v2\/product"}],"about":[{"href":"https:\/\/geliai.lt\/fi\/wp-json\/wp\/v2\/types\/product"}],"replies":[{"embeddable":true,"href":"https:\/\/geliai.lt\/fi\/wp-json\/wp\/v2\/comments?post=12709"}],"version-history":[{"count":3,"href":"https:\/\/geliai.lt\/fi\/wp-json\/wp\/v2\/product\/12709\/revisions"}],"predecessor-version":[{"id":14868,"href":"https:\/\/geliai.lt\/fi\/wp-json\/wp\/v2\/product\/12709\/revisions\/14868"}],"wp:featuredmedia":[{"embeddable":true,"href":"https:\/\/geliai.lt\/fi\/wp-json\/wp\/v2\/media\/14866"}],"wp:attachment":[{"href":"https:\/\/geliai.lt\/fi\/wp-json\/wp\/v2\/media?parent=12709"}],"wp:term":[{"taxonomy":"product_brand","embeddable":true,"href":"https:\/\/geliai.lt\/fi\/wp-json\/wp\/v2\/product_brand?post=12709"},{"taxonomy":"product_cat","embeddable":true,"href":"https:\/\/geliai.lt\/fi\/wp-json\/wp\/v2\/product_cat?post=12709"},{"taxonomy":"product_tag","embeddable":true,"href":"https:\/\/geliai.lt\/fi\/wp-json\/wp\/v2\/product_tag?post=12709"}],"curies":[{"name":"wp","href":"https:\/\/api.w.org\/{rel}","templated":true}]}}