{"id":12664,"date":"2025-11-19T17:09:54","date_gmt":"2025-11-19T15:09:54","guid":{"rendered":"https:\/\/geliai.lt\/?post_type=product&#038;p=12664"},"modified":"2026-05-12T22:04:49","modified_gmt":"2026-05-12T19:04:49","slug":"wood-4","status":"publish","type":"product","link":"https:\/\/geliai.lt\/fi\/parduotuve\/geliniai-lakai\/wood-4\/","title":{"rendered":"WOOD 4 &#8211; Gelinis nag\u0173 lakas"},"content":{"rendered":"<ul>\n<li>\n<p data-path-to-node=\"1,0,0\"><b data-path-to-node=\"1,0,0\" data-index-in-node=\"0\">Huipputurvallisuus<\/b> \u2013 turvallinen hema- ja TPO-vapaa koostumus ilman haitallisia monomeerej\u00e4 varmistaa turvallisen k\u00e4yt\u00f6n ja minimoi allergisten reaktioiden todenn\u00e4k\u00f6isyyden.<\/p>\n<\/li>\n<li>\n<p data-path-to-node=\"1,1,0\"><b data-path-to-node=\"1,1,0\" data-index-in-node=\"0\">Hienovarainen eleganssi<\/b> \u2013 maanl\u00e4heisen, kahvin ja suklaan luonnolliset s\u00e4vyt antavat manikyyrille modernin ylellisyyden tunteen ja sopivat ihanteellisesti sek\u00e4 arkityyliin ett\u00e4 ombre-meikkiin.<\/p>\n<\/li>\n<li>\n<p data-path-to-node=\"1,2,0\"><b data-path-to-node=\"1,2,0\" data-index-in-node=\"0\">Ammattimainen kest\u00e4vyys<\/b> \u2013 Monarxin erityinen koostumus takaa poikkeuksellisen kest\u00e4vyyden naarmuja ja kimmoisuutta vastaan, mik\u00e4 takaa moitteettoman v\u00e4rikyll\u00e4isyyden pitk\u00e4ksi aikaa.<\/p>\n<\/li>\n<\/ul>","protected":false},"excerpt":{"rendered":"<h3 data-start=\"158\" data-end=\"223\"><strong data-start=\"162\" data-end=\"223\">Puumallisto \u2013 tyylikkyytt\u00e4 ja luonnollisuutta samassa<\/strong><\/h3>\n<p data-start=\"225\" data-end=\"453\">Ruskeas\u00e4vyiset hybridi-kiillotusaineet <em data-start=\"258\" data-end=\"266\">MonarX<\/em> Wood-malliston manikyyri on ihanteellinen valinta naisille, jotka arvostavat hienovaraista kauneutta, l\u00e4mp\u00f6\u00e4 ja luonnollista ilmett\u00e4. Maanl\u00e4heiset s\u00e4vyt luovat hienostuneen, rauhallisen ja samalla eksklusiivisen manikyyrin.<\/p>","protected":false},"featured_media":14882,"comment_status":"open","ping_status":"closed","template":"","meta":[],"product_brand":[290],"product_cat":[178,580,347],"product_tag":[],"class_list":{"0":"post-12664","1":"product","2":"type-product","3":"status-publish","4":"has-post-thumbnail","6":"product_brand-monarx-nails","7":"product_cat-geliniai-lakai","8":"product_cat-nagu-prieziura","9":"product_cat-wood-collection","11":"first","12":"instock","13":"shipping-taxable","14":"purchasable","15":"product-type-simple"},"_links":{"self":[{"href":"https:\/\/geliai.lt\/fi\/wp-json\/wp\/v2\/product\/12664","targetHints":{"allow":["GET"]}}],"collection":[{"href":"https:\/\/geliai.lt\/fi\/wp-json\/wp\/v2\/product"}],"about":[{"href":"https:\/\/geliai.lt\/fi\/wp-json\/wp\/v2\/types\/product"}],"replies":[{"embeddable":true,"href":"https:\/\/geliai.lt\/fi\/wp-json\/wp\/v2\/comments?post=12664"}],"version-history":[{"count":3,"href":"https:\/\/geliai.lt\/fi\/wp-json\/wp\/v2\/product\/12664\/revisions"}],"predecessor-version":[{"id":14884,"href":"https:\/\/geliai.lt\/fi\/wp-json\/wp\/v2\/product\/12664\/revisions\/14884"}],"wp:featuredmedia":[{"embeddable":true,"href":"https:\/\/geliai.lt\/fi\/wp-json\/wp\/v2\/media\/14882"}],"wp:attachment":[{"href":"https:\/\/geliai.lt\/fi\/wp-json\/wp\/v2\/media?parent=12664"}],"wp:term":[{"taxonomy":"product_brand","embeddable":true,"href":"https:\/\/geliai.lt\/fi\/wp-json\/wp\/v2\/product_brand?post=12664"},{"taxonomy":"product_cat","embeddable":true,"href":"https:\/\/geliai.lt\/fi\/wp-json\/wp\/v2\/product_cat?post=12664"},{"taxonomy":"product_tag","embeddable":true,"href":"https:\/\/geliai.lt\/fi\/wp-json\/wp\/v2\/product_tag?post=12664"}],"curies":[{"name":"wp","href":"https:\/\/api.w.org\/{rel}","templated":true}]}}