{"id":12639,"date":"2025-11-19T14:14:32","date_gmt":"2025-11-19T12:14:32","guid":{"rendered":"https:\/\/geliai.lt\/?post_type=product&#038;p=12639"},"modified":"2026-04-10T20:46:01","modified_gmt":"2026-04-10T17:46:01","slug":"punapukuinen-nainen-008","status":"publish","type":"product","link":"https:\/\/geliai.lt\/fi\/parduotuve\/geliniai-lakai\/lady-in-red-008\/","title":{"rendered":"LADY IN RED 008 \u2013 Geelilakka"},"content":{"rendered":"<ul>\n<li>\n<p data-path-to-node=\"2,0,0\"><b data-path-to-node=\"2,0,0\" data-index-in-node=\"0\">Huipputurvallisuus<\/b> \u2013 turvallinen hema- ja TPO-vapaa koostumus ilman haitallisia monomeerej\u00e4 varmistaa turvallisen k\u00e4yt\u00f6n ja minimoi allergisten reaktioiden todenn\u00e4k\u00f6isyyden.<\/p>\n<\/li>\n<li>\n<p data-path-to-node=\"2,1,0\"><b data-path-to-node=\"2,1,0\" data-index-in-node=\"0\">Klassinen estetiikka<\/b> \u2013 Intensiiviset punaiset s\u00e4vyt ovat eritt\u00e4in pigmenttisi\u00e4, mik\u00e4 varmistaa tasaisen peiton ja v\u00e4risyvyyden sek\u00e4 kiilt\u00e4viss\u00e4 ett\u00e4 mattapintaisissa versioissa.<\/p>\n<\/li>\n<li>\n<p data-path-to-node=\"2,2,0\"><b data-path-to-node=\"2,2,0\" data-index-in-node=\"0\">Ammatillinen vastarinta<\/b> \u2013 Monarxin erityinen koostumus takaa helpon levityksen ja pitk\u00e4aikaisen stabiilisuuden ilman naarmuja, kolhuja tai v\u00e4rinmuutoksia.<\/p>\n<\/li>\n<\/ul>","protected":false},"excerpt":{"rendered":"<h5>Lady in Red \u2013 eleganssia ensimm\u00e4isest\u00e4 k\u00e4ytt\u00f6kerrasta l\u00e4htien<\/h5>\n<p>Punainen on v\u00e4ri, joka ei koskaan mene pois muodista. Jos haluat ainutlaatuisen ilmeen, joka antaa sinulle itseluottamusta, punainen hybridikyll\u00e4ste on ehdoton hankinta tyyliarsenaalissasi.<\/p>","protected":false},"featured_media":14903,"comment_status":"open","ping_status":"closed","template":"","meta":[],"product_brand":[290],"product_cat":[178,346,580],"product_tag":[],"class_list":{"0":"post-12639","1":"product","2":"type-product","3":"status-publish","4":"has-post-thumbnail","6":"product_brand-monarx-nails","7":"product_cat-geliniai-lakai","8":"product_cat-lady-in-red-collection","9":"product_cat-nagu-prieziura","11":"first","12":"instock","13":"shipping-taxable","14":"purchasable","15":"product-type-simple"},"_links":{"self":[{"href":"https:\/\/geliai.lt\/fi\/wp-json\/wp\/v2\/product\/12639","targetHints":{"allow":["GET"]}}],"collection":[{"href":"https:\/\/geliai.lt\/fi\/wp-json\/wp\/v2\/product"}],"about":[{"href":"https:\/\/geliai.lt\/fi\/wp-json\/wp\/v2\/types\/product"}],"replies":[{"embeddable":true,"href":"https:\/\/geliai.lt\/fi\/wp-json\/wp\/v2\/comments?post=12639"}],"version-history":[{"count":3,"href":"https:\/\/geliai.lt\/fi\/wp-json\/wp\/v2\/product\/12639\/revisions"}],"predecessor-version":[{"id":14905,"href":"https:\/\/geliai.lt\/fi\/wp-json\/wp\/v2\/product\/12639\/revisions\/14905"}],"wp:featuredmedia":[{"embeddable":true,"href":"https:\/\/geliai.lt\/fi\/wp-json\/wp\/v2\/media\/14903"}],"wp:attachment":[{"href":"https:\/\/geliai.lt\/fi\/wp-json\/wp\/v2\/media?parent=12639"}],"wp:term":[{"taxonomy":"product_brand","embeddable":true,"href":"https:\/\/geliai.lt\/fi\/wp-json\/wp\/v2\/product_brand?post=12639"},{"taxonomy":"product_cat","embeddable":true,"href":"https:\/\/geliai.lt\/fi\/wp-json\/wp\/v2\/product_cat?post=12639"},{"taxonomy":"product_tag","embeddable":true,"href":"https:\/\/geliai.lt\/fi\/wp-json\/wp\/v2\/product_tag?post=12639"}],"curies":[{"name":"wp","href":"https:\/\/api.w.org\/{rel}","templated":true}]}}