{"id":12593,"date":"2025-11-19T09:48:11","date_gmt":"2025-11-19T07:48:11","guid":{"rendered":"https:\/\/geliai.lt\/?post_type=product&#038;p=12593"},"modified":"2026-03-15T12:46:51","modified_gmt":"2026-03-15T10:46:51","slug":"heijastava-kissa-05","status":"publish","type":"product","link":"https:\/\/geliai.lt\/fi\/parduotuve\/cat-eye-collection\/reflective-cat-05\/","title":{"rendered":"HEIJASTAVA KISSA 05 \u2013 Geelikynsilakka"},"content":{"rendered":"<ul>\n<li>\n<p data-path-to-node=\"1,0,0\"><b data-path-to-node=\"1,0,0\" data-index-in-node=\"0\">Huipputurvallisuus<\/b> \u2013 Hema- ja TPO-vapaa koostumus ilman haitallisia monomeerej\u00e4 varmistaa turvallisen ty\u00f6skentelyn ja minimoi allergioiden riskin sek\u00e4 mestarille ett\u00e4 asiakkaalle.<\/p>\n<\/li>\n<li>\n<p data-path-to-node=\"1,1,0\"><b data-path-to-node=\"1,1,0\" data-index-in-node=\"0\">Magneettinen heijastava vaikutus<\/b> \u2013 koostumuksen pienet metallihiukkaset reagoivat magneettiin ja luovat moniv\u00e4risi\u00e4, kuvioituja heijastuksia, jotka antavat kynsille ainutlaatuisen juhlavan aksentin.<\/p>\n<\/li>\n<li>\n<p data-path-to-node=\"1,2,0\"><b data-path-to-node=\"1,2,0\" data-index-in-node=\"0\">Tarkka levitys<\/b> \u2013 korkealaatuinen sivellin ja optimaalinen koostumus mahdollistavat kiillon tasaisen levityksen valumatta, mik\u00e4 takaa kest\u00e4v\u00e4n ja lohkeilemattoman pinnan jopa 4 viikoksi.<\/p>\n<\/li>\n<\/ul>","protected":false},"excerpt":{"rendered":"<h5>HEIJASTAVA KATSA 05<\/h5>\n<p>MONARX NAILS esittelee uuden, trendikk\u00e4\u00e4n kristallihybridi-lakkasarjan, REFLECTIVE CATin.<br \/>\nGeelilakkojen vaikuttavat s\u00e4vyt v\u00e4litt\u00e4v\u00e4t jokaisen muotitietoisen ihmisen hyv\u00e4n mielen. Magneettiset lakat muuttavat tavallisen manikyyrin taianomaiseksi.<\/p>","protected":false},"featured_media":14938,"comment_status":"open","ping_status":"closed","template":"","meta":[],"product_brand":[290],"product_cat":[342,178,580,344],"product_tag":[],"class_list":{"0":"post-12593","1":"product","2":"type-product","3":"status-publish","4":"has-post-thumbnail","6":"product_brand-monarx-nails","7":"product_cat-cat-eye-collection","8":"product_cat-geliniai-lakai","9":"product_cat-nagu-prieziura","10":"product_cat-reflective-cat","12":"first","13":"instock","14":"shipping-taxable","15":"purchasable","16":"product-type-simple"},"_links":{"self":[{"href":"https:\/\/geliai.lt\/fi\/wp-json\/wp\/v2\/product\/12593","targetHints":{"allow":["GET"]}}],"collection":[{"href":"https:\/\/geliai.lt\/fi\/wp-json\/wp\/v2\/product"}],"about":[{"href":"https:\/\/geliai.lt\/fi\/wp-json\/wp\/v2\/types\/product"}],"replies":[{"embeddable":true,"href":"https:\/\/geliai.lt\/fi\/wp-json\/wp\/v2\/comments?post=12593"}],"version-history":[{"count":3,"href":"https:\/\/geliai.lt\/fi\/wp-json\/wp\/v2\/product\/12593\/revisions"}],"predecessor-version":[{"id":14940,"href":"https:\/\/geliai.lt\/fi\/wp-json\/wp\/v2\/product\/12593\/revisions\/14940"}],"wp:featuredmedia":[{"embeddable":true,"href":"https:\/\/geliai.lt\/fi\/wp-json\/wp\/v2\/media\/14938"}],"wp:attachment":[{"href":"https:\/\/geliai.lt\/fi\/wp-json\/wp\/v2\/media?parent=12593"}],"wp:term":[{"taxonomy":"product_brand","embeddable":true,"href":"https:\/\/geliai.lt\/fi\/wp-json\/wp\/v2\/product_brand?post=12593"},{"taxonomy":"product_cat","embeddable":true,"href":"https:\/\/geliai.lt\/fi\/wp-json\/wp\/v2\/product_cat?post=12593"},{"taxonomy":"product_tag","embeddable":true,"href":"https:\/\/geliai.lt\/fi\/wp-json\/wp\/v2\/product_tag?post=12593"}],"curies":[{"name":"wp","href":"https:\/\/api.w.org\/{rel}","templated":true}]}}