{"id":12571,"date":"2025-11-18T21:10:04","date_gmt":"2025-11-18T19:10:04","guid":{"rendered":"https:\/\/geliai.lt\/?post_type=product&#038;p=12571"},"modified":"2026-03-19T12:23:55","modified_gmt":"2026-03-19T10:23:55","slug":"meteorikissa-04","status":"publish","type":"product","link":"https:\/\/geliai.lt\/fi\/parduotuve\/cat-eye-collection\/meteor-cat-04\/","title":{"rendered":"METEOR CAT 04 \u2013 Geelilakka"},"content":{"rendered":"<ul>\n<li>\n<p data-path-to-node=\"1,0,0\"><b data-path-to-node=\"1,0,0\" data-index-in-node=\"0\">Huipputurvallisuus<\/b> \u2013 Hema- ja TPO-vapaa koostumus, joka ei sis\u00e4ll\u00e4 haitallisia monomeerej\u00e4, varmistaa turvallisen k\u00e4yt\u00f6n ja minimoi allergisten reaktioiden todenn\u00e4k\u00f6isyyden.<\/p>\n<\/li>\n<li>\n<p data-path-to-node=\"1,1,0\"><b data-path-to-node=\"1,1,0\" data-index-in-node=\"0\">Lasertarkkuussovellus<\/b> \u2013 laserleikattu sivellin joustavilla harjaksilla ja helposti levittyv\u00e4ll\u00e4 koostumuksella mahdollistaa ammattimaisen tuloksen, joka kest\u00e4\u00e4 jopa 4 viikkoa.<\/p>\n<\/li>\n<li>\n<p data-path-to-node=\"1,2,0\"><b data-path-to-node=\"1,2,0\" data-index-in-node=\"0\">Nopeaa ja tehokasta ty\u00f6t\u00e4<\/b> \u2013 kiillotusaine kovettuu vain 30\u201360 sekunnissa, ja magneettisen kissansilm\u00e4p\u00f6lyn avulla voit luoda v\u00e4litt\u00f6m\u00e4sti ainutlaatuisia kuvioita magneetin avulla.<\/p>\n<\/li>\n<\/ul>","protected":false},"excerpt":{"rendered":"<h3 data-start=\"180\" data-end=\"239\">METEOR-KISSA 04<\/h3>\n<p data-start=\"240\" data-end=\"405\">Magneettisten hybridikiillotusaineiden kokoelmamme <em data-start=\"284\" data-end=\"296\">METEOR CAT<\/em> \u2013 n\u00e4m\u00e4 ovat 5 ainutlaatuista s\u00e4vy\u00e4, jotka luovat moniulotteisen, hypnoottisen vaikutelman vain muutamassa sekunnissa.<\/p>\n<p data-start=\"407\" data-end=\"578\">Koostumuksen magneettisten hiukkasten ansiosta magneetilla voidaan luoda ainutlaatuisia kuvioita, jotka antavat manikyyrille syvyytt\u00e4 ja ainutlaatuisen luonteen.<\/p>","protected":false},"featured_media":14955,"comment_status":"open","ping_status":"closed","template":"","meta":[],"product_brand":[290],"product_cat":[342,178,343,580],"product_tag":[],"class_list":{"0":"post-12571","1":"product","2":"type-product","3":"status-publish","4":"has-post-thumbnail","6":"product_brand-monarx-nails","7":"product_cat-cat-eye-collection","8":"product_cat-geliniai-lakai","9":"product_cat-meteor-cat","10":"product_cat-nagu-prieziura","12":"first","13":"instock","14":"shipping-taxable","15":"purchasable","16":"product-type-simple"},"_links":{"self":[{"href":"https:\/\/geliai.lt\/fi\/wp-json\/wp\/v2\/product\/12571","targetHints":{"allow":["GET"]}}],"collection":[{"href":"https:\/\/geliai.lt\/fi\/wp-json\/wp\/v2\/product"}],"about":[{"href":"https:\/\/geliai.lt\/fi\/wp-json\/wp\/v2\/types\/product"}],"replies":[{"embeddable":true,"href":"https:\/\/geliai.lt\/fi\/wp-json\/wp\/v2\/comments?post=12571"}],"version-history":[{"count":4,"href":"https:\/\/geliai.lt\/fi\/wp-json\/wp\/v2\/product\/12571\/revisions"}],"predecessor-version":[{"id":14956,"href":"https:\/\/geliai.lt\/fi\/wp-json\/wp\/v2\/product\/12571\/revisions\/14956"}],"wp:featuredmedia":[{"embeddable":true,"href":"https:\/\/geliai.lt\/fi\/wp-json\/wp\/v2\/media\/14955"}],"wp:attachment":[{"href":"https:\/\/geliai.lt\/fi\/wp-json\/wp\/v2\/media?parent=12571"}],"wp:term":[{"taxonomy":"product_brand","embeddable":true,"href":"https:\/\/geliai.lt\/fi\/wp-json\/wp\/v2\/product_brand?post=12571"},{"taxonomy":"product_cat","embeddable":true,"href":"https:\/\/geliai.lt\/fi\/wp-json\/wp\/v2\/product_cat?post=12571"},{"taxonomy":"product_tag","embeddable":true,"href":"https:\/\/geliai.lt\/fi\/wp-json\/wp\/v2\/product_tag?post=12571"}],"curies":[{"name":"wp","href":"https:\/\/api.w.org\/{rel}","templated":true}]}}