{"id":12438,"date":"2025-10-29T11:15:08","date_gmt":"2025-10-29T09:15:08","guid":{"rendered":"https:\/\/geliai.lt\/?post_type=product&#038;p=12438"},"modified":"2026-02-17T10:33:40","modified_gmt":"2026-02-17T08:33:40","slug":"muodot-180-karkeus-pituudeltaan-16-mm-tai-6-mm","status":"publish","type":"product","link":"https:\/\/geliai.lt\/fi\/parduotuve\/antgaliai\/formos-180-grit-l-16-mm-o-6-mm\/","title":{"rendered":"Silikonik\u00e4rki ter\u00e4v\u00e4, lieri\u00f6m\u00e4inen, karkeus 180, pituus 16 mm, \u00d8 6 mm"},"content":{"rendered":"<p><strong data-start=\"774\" data-end=\"798\">Tekniset tiedot:<\/strong><br data-start=\"798\" data-end=\"801\" \/>Muoto: ter\u00e4v\u00e4 sylinteri<br data-start=\"824\" data-end=\"827\" \/>V\u00e4ri: harmaa<br data-start=\"840\" data-end=\"843\" \/>Koko: P 16 mm \u00d8 6 mm<br data-start=\"864\" data-end=\"867\" \/>Karkeus: 180<br data-start=\"876\" data-end=\"879\" \/>Tyyppi: kiillotukseen\/hiontaa varten<br data-start=\"911\" data-end=\"914\" data-is-only-node=\"\" \/>Koodi: HSP-146.180.060 <br data-start=\"936\" data-end=\"939\" \/>K\u00e4ytt\u00f6: vahamanikyyriin, luonnonkynsien kiillottamiseen, ihon kiillotukseen<br data-start=\"1013\" data-end=\"1016\" \/>Ominaisuudet: ei siirr\u00e4 l\u00e4mp\u00f6\u00e4, kiillottaa ihoa hell\u00e4varaisesti, suojaa kynsi\u00e4 ja kynsinauhoja<\/p>","protected":false},"excerpt":{"rendered":"<h3 data-start=\"284\" data-end=\"362\"><strong data-start=\"288\" data-end=\"362\">Silikonik\u00e4rki ter\u00e4v\u00e4, lieri\u00f6m\u00e4inen, karkeus 180, pituus 16 mm, \u00d8 6 mm<\/strong><\/h3>\n<p data-start=\"364\" data-end=\"772\">Tutustu ammattimaiseen manikyyrity\u00f6kaluun \u2013 ter\u00e4v\u00e4ll\u00e4 sylinterim\u00e4isell\u00e4 silikonik\u00e4rkell\u00e4, karkeudella 180. T\u00e4m\u00e4 k\u00e4rki sopii erinomaisesti vahamanikyyreihin, luonnonkynsien kiillotukseen ja ihon kiillotukseen manikyyrin aikana. Sen ter\u00e4v\u00e4 sylinterim\u00e4inen muoto varmistaa tarkan ty\u00f6n my\u00f6s vaikeasti tavoitettavissa paikoissa. K\u00e4rki hioo ja kiillottaa pintaa hell\u00e4varaisesti, ei siirr\u00e4 l\u00e4mp\u00f6\u00e4 ja suojaa kynsi\u00e4 ja ihoa vaurioilta.<\/p>","protected":false},"featured_media":15000,"comment_status":"open","ping_status":"closed","template":"","meta":[],"product_brand":[294],"product_cat":[258,288,317],"product_tag":[],"class_list":{"0":"post-12438","1":"product","2":"type-product","3":"status-publish","4":"has-post-thumbnail","6":"product_brand-head-the-beauty-tools","7":"product_cat-antgaliai","8":"product_cat-instrumentai","9":"product_cat-silikoniniai-antgaliai","11":"first","12":"instock","13":"shipping-taxable","14":"purchasable","15":"product-type-simple"},"_links":{"self":[{"href":"https:\/\/geliai.lt\/fi\/wp-json\/wp\/v2\/product\/12438","targetHints":{"allow":["GET"]}}],"collection":[{"href":"https:\/\/geliai.lt\/fi\/wp-json\/wp\/v2\/product"}],"about":[{"href":"https:\/\/geliai.lt\/fi\/wp-json\/wp\/v2\/types\/product"}],"replies":[{"embeddable":true,"href":"https:\/\/geliai.lt\/fi\/wp-json\/wp\/v2\/comments?post=12438"}],"version-history":[{"count":3,"href":"https:\/\/geliai.lt\/fi\/wp-json\/wp\/v2\/product\/12438\/revisions"}],"predecessor-version":[{"id":15001,"href":"https:\/\/geliai.lt\/fi\/wp-json\/wp\/v2\/product\/12438\/revisions\/15001"}],"wp:featuredmedia":[{"embeddable":true,"href":"https:\/\/geliai.lt\/fi\/wp-json\/wp\/v2\/media\/15000"}],"wp:attachment":[{"href":"https:\/\/geliai.lt\/fi\/wp-json\/wp\/v2\/media?parent=12438"}],"wp:term":[{"taxonomy":"product_brand","embeddable":true,"href":"https:\/\/geliai.lt\/fi\/wp-json\/wp\/v2\/product_brand?post=12438"},{"taxonomy":"product_cat","embeddable":true,"href":"https:\/\/geliai.lt\/fi\/wp-json\/wp\/v2\/product_cat?post=12438"},{"taxonomy":"product_tag","embeddable":true,"href":"https:\/\/geliai.lt\/fi\/wp-json\/wp\/v2\/product_tag?post=12438"}],"curies":[{"name":"wp","href":"https:\/\/api.w.org\/{rel}","templated":true}]}}