{"id":12337,"date":"2025-10-20T15:15:51","date_gmt":"2025-10-20T12:15:51","guid":{"rendered":"https:\/\/geliai.lt\/?post_type=product&#038;p=12337"},"modified":"2026-02-26T17:57:08","modified_gmt":"2026-02-26T15:57:08","slug":"anua-heartleaf-77-kirkas-tyyny","status":"publish","type":"product","link":"https:\/\/geliai.lt\/fi\/parduotuve\/drekinimas-ir-raminimas\/anua-heartleaf-77-clear-pad\/","title":{"rendered":"ANUA Heartleaf 77 Clear Pad -kasvotyynyt"},"content":{"rendered":"","protected":false},"excerpt":{"rendered":"<h5>Anua Heartleaf 77 kirkas tyyny<\/h5>\n<p>Rauhoittavat tyynyt on kastettu Anua Heartleaf 77% Soothing -kasvovedess\u00e4. Tuote sis\u00e4lt\u00e4\u00e4 houttuynia cordata -uutetta ja muita ravitsevia ainesosia, jotka rauhoittavat iho-ongelmia, s\u00e4\u00e4telev\u00e4t ihon \u00f6ljy- ja kosteustasoja sek\u00e4 suojaavat ihoa. N\u00e4ill\u00e4 tyynyill\u00e4 on kosteuttavia, tulehdusta ehk\u00e4isevi\u00e4 ja rauhoittavia ominaisuuksia, ja niit\u00e4 suositellaan erityisesti ongelmalliselle ja\/tai \u00e4rtyneelle iholle. M\u00e4\u00e4r\u00e4: 70 kpl kertak\u00e4ytt\u00f6isi\u00e4 tyynyj\u00e4 pakkauksessa.<\/p>","protected":false},"featured_media":15030,"comment_status":"open","ping_status":"closed","template":"","meta":[],"product_brand":[339],"product_cat":[322,570],"product_tag":[],"class_list":{"0":"post-12337","1":"product","2":"type-product","3":"status-publish","4":"has-post-thumbnail","6":"product_brand-anua","7":"product_cat-drekinimas-ir-raminimas","8":"product_cat-veido-prieziura","10":"first","11":"instock","12":"shipping-taxable","13":"purchasable","14":"product-type-simple"},"_links":{"self":[{"href":"https:\/\/geliai.lt\/fi\/wp-json\/wp\/v2\/product\/12337","targetHints":{"allow":["GET"]}}],"collection":[{"href":"https:\/\/geliai.lt\/fi\/wp-json\/wp\/v2\/product"}],"about":[{"href":"https:\/\/geliai.lt\/fi\/wp-json\/wp\/v2\/types\/product"}],"replies":[{"embeddable":true,"href":"https:\/\/geliai.lt\/fi\/wp-json\/wp\/v2\/comments?post=12337"}],"version-history":[{"count":3,"href":"https:\/\/geliai.lt\/fi\/wp-json\/wp\/v2\/product\/12337\/revisions"}],"predecessor-version":[{"id":15031,"href":"https:\/\/geliai.lt\/fi\/wp-json\/wp\/v2\/product\/12337\/revisions\/15031"}],"wp:featuredmedia":[{"embeddable":true,"href":"https:\/\/geliai.lt\/fi\/wp-json\/wp\/v2\/media\/15030"}],"wp:attachment":[{"href":"https:\/\/geliai.lt\/fi\/wp-json\/wp\/v2\/media?parent=12337"}],"wp:term":[{"taxonomy":"product_brand","embeddable":true,"href":"https:\/\/geliai.lt\/fi\/wp-json\/wp\/v2\/product_brand?post=12337"},{"taxonomy":"product_cat","embeddable":true,"href":"https:\/\/geliai.lt\/fi\/wp-json\/wp\/v2\/product_cat?post=12337"},{"taxonomy":"product_tag","embeddable":true,"href":"https:\/\/geliai.lt\/fi\/wp-json\/wp\/v2\/product_tag?post=12337"}],"curies":[{"name":"wp","href":"https:\/\/api.w.org\/{rel}","templated":true}]}}