{"id":12311,"date":"2025-10-20T14:34:51","date_gmt":"2025-10-20T11:34:51","guid":{"rendered":"https:\/\/geliai.lt\/?post_type=product&#038;p=12311"},"modified":"2026-04-29T13:14:16","modified_gmt":"2026-04-29T10:14:16","slug":"heimish-dailism-smudge-stop","status":"publish","type":"product","link":"https:\/\/geliai.lt\/fi\/parduotuve\/akys\/heimish-dailism-smudge-stop\/","title":{"rendered":"Heimish Dailism Smudge Stop -ripsiv\u00e4ri"},"content":{"rendered":"","protected":false},"excerpt":{"rendered":"<h6>Heimish Dailism Smudge Stop -ripsiv\u00e4ri<\/h6>\n<p>T\u00e4m\u00e4 on vedenkest\u00e4v\u00e4 ripsiv\u00e4ri, joka antaa upean volyymin ja ilmeikk\u00e4\u00e4n lopputuloksen. Harja on suunniteltu korkealaatuisilla harjaksilla, jotka erottelevat, peitt\u00e4v\u00e4t ja taivuttavat jokaisen ripsen. Jo yksi kerros riitt\u00e4\u00e4 saamaan ripsesi erottumaan. Ripsiv\u00e4ri on helppo poistaa haalealla vedell\u00e4, eik\u00e4 se \u00e4rsyt\u00e4 herkk\u00e4\u00e4 silm\u00e4nymp\u00e4rysihoa. Tilavuus: 9 g<\/p>","protected":false},"featured_media":15039,"comment_status":"open","ping_status":"closed","template":"","meta":[],"product_brand":[338],"product_cat":[329,330,328],"product_tag":[],"class_list":{"0":"post-12311","1":"product","2":"type-product","3":"status-publish","4":"has-post-thumbnail","6":"product_brand-heimish","7":"product_cat-akys","8":"product_cat-blakstienu-tusai","9":"product_cat-makiazas","11":"first","12":"outofstock","13":"sale","14":"shipping-taxable","15":"purchasable","16":"product-type-simple"},"_links":{"self":[{"href":"https:\/\/geliai.lt\/fi\/wp-json\/wp\/v2\/product\/12311","targetHints":{"allow":["GET"]}}],"collection":[{"href":"https:\/\/geliai.lt\/fi\/wp-json\/wp\/v2\/product"}],"about":[{"href":"https:\/\/geliai.lt\/fi\/wp-json\/wp\/v2\/types\/product"}],"replies":[{"embeddable":true,"href":"https:\/\/geliai.lt\/fi\/wp-json\/wp\/v2\/comments?post=12311"}],"version-history":[{"count":3,"href":"https:\/\/geliai.lt\/fi\/wp-json\/wp\/v2\/product\/12311\/revisions"}],"predecessor-version":[{"id":15040,"href":"https:\/\/geliai.lt\/fi\/wp-json\/wp\/v2\/product\/12311\/revisions\/15040"}],"wp:featuredmedia":[{"embeddable":true,"href":"https:\/\/geliai.lt\/fi\/wp-json\/wp\/v2\/media\/15039"}],"wp:attachment":[{"href":"https:\/\/geliai.lt\/fi\/wp-json\/wp\/v2\/media?parent=12311"}],"wp:term":[{"taxonomy":"product_brand","embeddable":true,"href":"https:\/\/geliai.lt\/fi\/wp-json\/wp\/v2\/product_brand?post=12311"},{"taxonomy":"product_cat","embeddable":true,"href":"https:\/\/geliai.lt\/fi\/wp-json\/wp\/v2\/product_cat?post=12311"},{"taxonomy":"product_tag","embeddable":true,"href":"https:\/\/geliai.lt\/fi\/wp-json\/wp\/v2\/product_tag?post=12311"}],"curies":[{"name":"wp","href":"https:\/\/api.w.org\/{rel}","templated":true}]}}