{"id":12252,"date":"2025-10-20T12:52:47","date_gmt":"2025-10-20T09:52:47","guid":{"rendered":"https:\/\/geliai.lt\/?post_type=product&#038;p=12252"},"modified":"2026-02-26T17:51:10","modified_gmt":"2026-02-26T15:51:10","slug":"biodance-hydro-cera-ei-aitoa","status":"publish","type":"product","link":"https:\/\/geliai.lt\/fi\/parduotuve\/veido-kaukes\/biodance-hydro-cera-nol-real\/","title":{"rendered":"BIODANCE Hydro Cera-nol Real Deep Mask -kasvonaamio"},"content":{"rendered":"","protected":false},"excerpt":{"rendered":"<h6>BIODANCE Hydro Cera-nol Real syv\u00e4naamio<\/h6>\n<p>Tehokkaasti kosteuttava ja rauhoittava kasvonaamio, joka sis\u00e4lt\u00e4\u00e4 D-pantenolia, oligohyaluronihappoa ja keramideja. N\u00e4ill\u00e4 aineilla on kosteuttavia, rauhoittavia ja ihon suojakerrosta vahvistavia ominaisuuksia. Koostumuksen sis\u00e4lt\u00e4m\u00e4 mineraalipitoinen j\u00e4\u00e4tikk\u00f6vesi parantaa aktiiviaineiden imeytymist\u00e4 ja muodostaa iholle kosteuttavan kalvon, joten iho pysyy kosteutettuna pitk\u00e4ksi aikaa ja saa terveen ja s\u00e4teilev\u00e4n ulkon\u00e4\u00f6n. M\u00e4\u00e4r\u00e4: 1 kpl tai 4 kpl.<\/p>","protected":false},"featured_media":15054,"comment_status":"open","ping_status":"closed","template":"","meta":[],"product_brand":[332],"product_cat":[320,570],"product_tag":[],"class_list":{"0":"post-12252","1":"product","2":"type-product","3":"status-publish","4":"has-post-thumbnail","6":"product_brand-biodance","7":"product_cat-veido-kaukes","8":"product_cat-veido-prieziura","10":"first","11":"instock","12":"sale","13":"shipping-taxable","14":"purchasable","15":"product-type-variable"},"_links":{"self":[{"href":"https:\/\/geliai.lt\/fi\/wp-json\/wp\/v2\/product\/12252","targetHints":{"allow":["GET"]}}],"collection":[{"href":"https:\/\/geliai.lt\/fi\/wp-json\/wp\/v2\/product"}],"about":[{"href":"https:\/\/geliai.lt\/fi\/wp-json\/wp\/v2\/types\/product"}],"replies":[{"embeddable":true,"href":"https:\/\/geliai.lt\/fi\/wp-json\/wp\/v2\/comments?post=12252"}],"version-history":[{"count":3,"href":"https:\/\/geliai.lt\/fi\/wp-json\/wp\/v2\/product\/12252\/revisions"}],"predecessor-version":[{"id":15055,"href":"https:\/\/geliai.lt\/fi\/wp-json\/wp\/v2\/product\/12252\/revisions\/15055"}],"wp:featuredmedia":[{"embeddable":true,"href":"https:\/\/geliai.lt\/fi\/wp-json\/wp\/v2\/media\/15054"}],"wp:attachment":[{"href":"https:\/\/geliai.lt\/fi\/wp-json\/wp\/v2\/media?parent=12252"}],"wp:term":[{"taxonomy":"product_brand","embeddable":true,"href":"https:\/\/geliai.lt\/fi\/wp-json\/wp\/v2\/product_brand?post=12252"},{"taxonomy":"product_cat","embeddable":true,"href":"https:\/\/geliai.lt\/fi\/wp-json\/wp\/v2\/product_cat?post=12252"},{"taxonomy":"product_tag","embeddable":true,"href":"https:\/\/geliai.lt\/fi\/wp-json\/wp\/v2\/product_tag?post=12252"}],"curies":[{"name":"wp","href":"https:\/\/api.w.org\/{rel}","templated":true}]}}