{"id":12245,"date":"2025-10-20T12:15:58","date_gmt":"2025-10-20T09:15:58","guid":{"rendered":"https:\/\/geliai.lt\/?post_type=product&#038;p=12245"},"modified":"2026-04-09T18:24:20","modified_gmt":"2026-04-09T15:24:20","slug":"biodance-bio-collagen-real","status":"publish","type":"product","link":"https:\/\/geliai.lt\/fi\/parduotuve\/veido-kaukes\/biodance-bio-collagen-real\/","title":{"rendered":"BIODANCE Bio-Collagen Real Deep Mask -kasvonaamio"},"content":{"rendered":"","protected":false},"excerpt":{"rendered":"<h6>BIODANCE Bio-Collagen Real Deep Mask<\/h6>\n<p>Syv\u00e4kosteuttava kasvonaamio oligohyaluronihapolla, joka kosteuttaa ihon syvi\u00e4 kerroksia tehden ihosta terveen ja ravitun. Koostumuksen eritt\u00e4in pienimolekyylipainoinen kollageeni auttaa torjumaan laajentuneita ihohuokosia ja v\u00e4hent\u00e4\u00e4 hienojen juonteiden ja ryppyjen n\u00e4kymist\u00e4. T\u00e4m\u00e4 naamio vahvistaa my\u00f6s ihon suojakerrosta koostumuksen kolmen erityyppisen probiootin ansiosta. M\u00e4\u00e4r\u00e4: 1 kpl tai 4 kpl.<\/p>","protected":false},"featured_media":15090,"comment_status":"open","ping_status":"closed","template":"","meta":[],"product_brand":[332],"product_cat":[320,570],"product_tag":[],"class_list":{"0":"post-12245","1":"product","2":"type-product","3":"status-publish","4":"has-post-thumbnail","6":"product_brand-biodance","7":"product_cat-veido-kaukes","8":"product_cat-veido-prieziura","10":"first","11":"instock","12":"sale","13":"shipping-taxable","14":"purchasable","15":"product-type-variable"},"_links":{"self":[{"href":"https:\/\/geliai.lt\/fi\/wp-json\/wp\/v2\/product\/12245","targetHints":{"allow":["GET"]}}],"collection":[{"href":"https:\/\/geliai.lt\/fi\/wp-json\/wp\/v2\/product"}],"about":[{"href":"https:\/\/geliai.lt\/fi\/wp-json\/wp\/v2\/types\/product"}],"replies":[{"embeddable":true,"href":"https:\/\/geliai.lt\/fi\/wp-json\/wp\/v2\/comments?post=12245"}],"version-history":[{"count":3,"href":"https:\/\/geliai.lt\/fi\/wp-json\/wp\/v2\/product\/12245\/revisions"}],"predecessor-version":[{"id":15091,"href":"https:\/\/geliai.lt\/fi\/wp-json\/wp\/v2\/product\/12245\/revisions\/15091"}],"wp:featuredmedia":[{"embeddable":true,"href":"https:\/\/geliai.lt\/fi\/wp-json\/wp\/v2\/media\/15090"}],"wp:attachment":[{"href":"https:\/\/geliai.lt\/fi\/wp-json\/wp\/v2\/media?parent=12245"}],"wp:term":[{"taxonomy":"product_brand","embeddable":true,"href":"https:\/\/geliai.lt\/fi\/wp-json\/wp\/v2\/product_brand?post=12245"},{"taxonomy":"product_cat","embeddable":true,"href":"https:\/\/geliai.lt\/fi\/wp-json\/wp\/v2\/product_cat?post=12245"},{"taxonomy":"product_tag","embeddable":true,"href":"https:\/\/geliai.lt\/fi\/wp-json\/wp\/v2\/product_tag?post=12245"}],"curies":[{"name":"wp","href":"https:\/\/api.w.org\/{rel}","templated":true}]}}