{"id":12039,"date":"2025-09-25T12:40:03","date_gmt":"2025-09-25T09:40:03","guid":{"rendered":"https:\/\/geliai.lt\/?post_type=product&#038;p=12039"},"modified":"2026-02-17T14:48:47","modified_gmt":"2026-02-17T12:48:47","slug":"rounded-cone-xl-24x10-320grit","status":"publish","type":"product","link":"https:\/\/geliai.lt\/fi\/parduotuve\/antgaliai\/rounded-cone-xl-24x10-320grit\/","title":{"rendered":"Silikonik\u00e4rkinen py\u00f6re\u00e4 kartio XL, karkeus 320, pituus 24 mm \u00d8 10 mm"},"content":{"rendered":"<p><strong data-start=\"975\" data-end=\"998\">Tekniset tiedot<\/strong><br data-start=\"998\" data-end=\"1001\" \/>Muoto: py\u00f6re\u00e4 kartio<br data-start=\"1021\" data-end=\"1024\" \/>V\u00e4ri: ruskea<br data-start=\"1036\" data-end=\"1039\" \/>Koko: P 24 mm \u00d8 10 mm<br data-start=\"1061\" data-end=\"1064\" \/>Karkeus: 320<br data-start=\"1073\" data-end=\"1076\" \/>Tyyppi: kiillotukseen<br data-start=\"1094\" data-end=\"1097\" \/>Kodas: HSP-171.320.100<br data-start=\"1119\" data-end=\"1122\" \/>K\u00e4ytt\u00f6: kynsien kiillotukseen, luonnollisten kynsien kiillotukseen, ihon kiillotukseen<br data-start=\"1195\" data-end=\"1198\" \/>Ominaisuudet: ei siirr\u00e4 l\u00e4mp\u00f6\u00e4, poistaa kynsinauhoja hell\u00e4varaisesti, suojaa kynsi\u00e4 ja ihoa<\/p>","protected":false},"excerpt":{"rendered":"<h5>Silikonik\u00e4rki py\u00f6re\u00e4 kartiomainen XL<\/h5>\n<p>Tutustu ammattimaiseen manikyyrity\u00f6kaluun \u2013 py\u00f6re\u00e4ll\u00e4 kartiolla varustettuun silikonik\u00e4rkeen, jonka karkeus on XL 320. T\u00e4m\u00e4 k\u00e4rki sopii erinomaisesti kynsien kiillottamiseen, luonnollisten kynsien hiomiseen ja ihon hiomiseen manikyyrin aikana. Sen kartiomuoto takaa mukavan pidon ja tasaisen paineen. K\u00e4rki ei siirr\u00e4 l\u00e4mp\u00f6\u00e4, poistaa kynsinauhoja hell\u00e4varaisesti ja suojaa kynsi\u00e4 ja ihoa, mik\u00e4 tekee ty\u00f6skentelyst\u00e4 nopeampaa, turvallisempaa ja nautinnollisempaa.<\/p>","protected":false},"featured_media":15133,"comment_status":"open","ping_status":"closed","template":"","meta":[],"product_brand":[294],"product_cat":[258,288,317],"product_tag":[],"class_list":{"0":"post-12039","1":"product","2":"type-product","3":"status-publish","4":"has-post-thumbnail","6":"product_brand-head-the-beauty-tools","7":"product_cat-antgaliai","8":"product_cat-instrumentai","9":"product_cat-silikoniniai-antgaliai","11":"first","12":"instock","13":"shipping-taxable","14":"purchasable","15":"product-type-simple"},"_links":{"self":[{"href":"https:\/\/geliai.lt\/fi\/wp-json\/wp\/v2\/product\/12039","targetHints":{"allow":["GET"]}}],"collection":[{"href":"https:\/\/geliai.lt\/fi\/wp-json\/wp\/v2\/product"}],"about":[{"href":"https:\/\/geliai.lt\/fi\/wp-json\/wp\/v2\/types\/product"}],"replies":[{"embeddable":true,"href":"https:\/\/geliai.lt\/fi\/wp-json\/wp\/v2\/comments?post=12039"}],"version-history":[{"count":3,"href":"https:\/\/geliai.lt\/fi\/wp-json\/wp\/v2\/product\/12039\/revisions"}],"predecessor-version":[{"id":15134,"href":"https:\/\/geliai.lt\/fi\/wp-json\/wp\/v2\/product\/12039\/revisions\/15134"}],"wp:featuredmedia":[{"embeddable":true,"href":"https:\/\/geliai.lt\/fi\/wp-json\/wp\/v2\/media\/15133"}],"wp:attachment":[{"href":"https:\/\/geliai.lt\/fi\/wp-json\/wp\/v2\/media?parent=12039"}],"wp:term":[{"taxonomy":"product_brand","embeddable":true,"href":"https:\/\/geliai.lt\/fi\/wp-json\/wp\/v2\/product_brand?post=12039"},{"taxonomy":"product_cat","embeddable":true,"href":"https:\/\/geliai.lt\/fi\/wp-json\/wp\/v2\/product_cat?post=12039"},{"taxonomy":"product_tag","embeddable":true,"href":"https:\/\/geliai.lt\/fi\/wp-json\/wp\/v2\/product_tag?post=12039"}],"curies":[{"name":"wp","href":"https:\/\/api.w.org\/{rel}","templated":true}]}}