{"id":12017,"date":"2025-09-25T12:22:30","date_gmt":"2025-09-25T09:22:30","guid":{"rendered":"https:\/\/geliai.lt\/?post_type=product&#038;p=12017"},"modified":"2026-02-17T14:50:42","modified_gmt":"2026-02-17T12:50:42","slug":"pyoristetty-kartio-m-20x8-180karkeus","status":"publish","type":"product","link":"https:\/\/geliai.lt\/fi\/parduotuve\/antgaliai\/rounded-cone-m-20x8-180grit\/","title":{"rendered":"Silikonik\u00e4rkinen py\u00f6re\u00e4 kartio, M, karkeus 180, pituus 20 mm, \u00d8 8 mm"},"content":{"rendered":"<p><strong data-start=\"944\" data-end=\"967\">Tekniset tiedot<\/strong><br data-start=\"967\" data-end=\"970\" \/>Muoto: py\u00f6re\u00e4 kartio<br data-start=\"990\" data-end=\"993\" \/>V\u00e4ri: harmaa<br data-start=\"1006\" data-end=\"1009\" \/>Koko: P 20 mm \u00d8 8 mm<br data-start=\"1030\" data-end=\"1033\" \/>Karkeus: 180<br data-start=\"1042\" data-end=\"1045\" \/>Tyyppi: kiillotukseen<br data-start=\"1063\" data-end=\"1066\" \/>Koodi: HSP-174.180.080<br data-start=\"1086\" data-end=\"1089\" \/>K\u00e4ytt\u00f6: kynsien kiillotukseen, luonnollisten kynsien kiillotukseen, ihon kiillotukseen<br data-start=\"1162\" data-end=\"1165\" \/>Ominaisuudet: ei siirr\u00e4 l\u00e4mp\u00f6\u00e4, poistaa kynsinauhoja hell\u00e4varaisesti, suojaa kynsi\u00e4 ja ihoa<\/p>","protected":false},"excerpt":{"rendered":"<h5>Silikonik\u00e4rki py\u00f6re\u00e4 kartio, M<\/h5>\n<p>Tutustu ammattimaiseen manikyyrity\u00f6kaluun \u2013 py\u00f6re\u00e4ll\u00e4 kartiolla varustettuun silikonik\u00e4rkeen, jonka karkeus on M 180. T\u00e4m\u00e4 k\u00e4rki sopii erinomaisesti kynsien kiillottamiseen, luonnollisten kynsien hiomiseen ja ihon hiomiseen manikyyrin aikana. Sen kartiomuoto takaa mukavan pidon ja tasaisen paineen. K\u00e4rki ei siirr\u00e4 l\u00e4mp\u00f6\u00e4, poistaa kynsinauhoja hell\u00e4varaisesti ja suojaa kynsi\u00e4 ja ihoa, mik\u00e4 tekee ty\u00f6skentelyst\u00e4 nopeampaa, turvallisempaa ja nautinnollisempaa.<\/p>","protected":false},"featured_media":15136,"comment_status":"open","ping_status":"closed","template":"","meta":[],"product_brand":[294],"product_cat":[258,288,317],"product_tag":[],"class_list":{"0":"post-12017","1":"product","2":"type-product","3":"status-publish","4":"has-post-thumbnail","6":"product_brand-head-the-beauty-tools","7":"product_cat-antgaliai","8":"product_cat-instrumentai","9":"product_cat-silikoniniai-antgaliai","11":"first","12":"instock","13":"shipping-taxable","14":"purchasable","15":"product-type-simple"},"_links":{"self":[{"href":"https:\/\/geliai.lt\/fi\/wp-json\/wp\/v2\/product\/12017","targetHints":{"allow":["GET"]}}],"collection":[{"href":"https:\/\/geliai.lt\/fi\/wp-json\/wp\/v2\/product"}],"about":[{"href":"https:\/\/geliai.lt\/fi\/wp-json\/wp\/v2\/types\/product"}],"replies":[{"embeddable":true,"href":"https:\/\/geliai.lt\/fi\/wp-json\/wp\/v2\/comments?post=12017"}],"version-history":[{"count":3,"href":"https:\/\/geliai.lt\/fi\/wp-json\/wp\/v2\/product\/12017\/revisions"}],"predecessor-version":[{"id":15137,"href":"https:\/\/geliai.lt\/fi\/wp-json\/wp\/v2\/product\/12017\/revisions\/15137"}],"wp:featuredmedia":[{"embeddable":true,"href":"https:\/\/geliai.lt\/fi\/wp-json\/wp\/v2\/media\/15136"}],"wp:attachment":[{"href":"https:\/\/geliai.lt\/fi\/wp-json\/wp\/v2\/media?parent=12017"}],"wp:term":[{"taxonomy":"product_brand","embeddable":true,"href":"https:\/\/geliai.lt\/fi\/wp-json\/wp\/v2\/product_brand?post=12017"},{"taxonomy":"product_cat","embeddable":true,"href":"https:\/\/geliai.lt\/fi\/wp-json\/wp\/v2\/product_cat?post=12017"},{"taxonomy":"product_tag","embeddable":true,"href":"https:\/\/geliai.lt\/fi\/wp-json\/wp\/v2\/product_tag?post=12017"}],"curies":[{"name":"wp","href":"https:\/\/api.w.org\/{rel}","templated":true}]}}