{"id":11874,"date":"2025-09-10T16:13:02","date_gmt":"2025-09-10T13:13:02","guid":{"rendered":"https:\/\/geliai.lt\/?post_type=product&#038;p=11874"},"modified":"2026-02-17T15:18:50","modified_gmt":"2026-02-17T13:18:50","slug":"nitriilikasineet-290","status":"publish","type":"product","link":"https:\/\/geliai.lt\/fi\/parduotuve\/higiena\/nitrilo-pirstines-290\/","title":{"rendered":"Kid-Man kertak\u00e4ytt\u00f6iset nitriilik\u00e4sineet 290 mm, 100 kpl (XS\u2013XL)"},"content":{"rendered":"<ul>\n<li>\n<p data-path-to-node=\"1,0,0\"><b data-path-to-node=\"1,0,0\" data-index-in-node=\"0\">Sertifioitu suojaus<\/b> \u2013 Luokan III puuterittomat l\u00e4\u00e4ketieteelliset nitriilik\u00e4sineet, jotka ovat standardien EN455, EN374 ja ASTM D6978 sek\u00e4 EU-asetusten 2017\/745 ja 2016\/425 mukaisia, tarjoavat tehokkaan suojan kemikaaleja ja tartuntatauteja vastaan.<\/p>\n<\/li>\n<li>\n<p data-path-to-node=\"1,1,0\"><b data-path-to-node=\"1,1,0\" data-index-in-node=\"0\">Ammattimainen johtaminen<\/b> \u2013 k\u00e4sineiden teksturoitu pinta varmistaa vakaan otteen liukkailla ty\u00f6kaluilla, kun taas joustava materiaali yll\u00e4pit\u00e4\u00e4 korkeaa aistiherkkyytt\u00e4 ja tarkkuutta ty\u00f6skennelt\u00e4ess\u00e4 laboratorioissa, kauneushoitoloissa tai l\u00e4\u00e4ketieteellisiss\u00e4 laitoksissa.<\/p>\n<\/li>\n<li>\n<p data-path-to-node=\"1,2,0\"><b data-path-to-node=\"1,2,0\" data-index-in-node=\"0\">Lis\u00e4\u00e4ntynyt mukavuus<\/b> \u2013 290 mm pitk\u00e4t k\u00e4sineet mukautuvat t\u00e4ydellisesti k\u00e4den muotoon ja sopivat ty\u00f6skentelyyn sytostaattien kanssa ja elintarviketeollisuudessa varmistaen hygienian ja mukavuuden pitkien toimenpiteiden aikana.<\/p>\n<\/li>\n<\/ul>","protected":false},"excerpt":{"rendered":"<h3>Kertak\u00e4ytt\u00f6iset nitriilik\u00e4sineet 290 mm, 100 kpl.<\/h3>\n<p data-start=\"272\" data-end=\"461\">Koe luotettava suoja ja mukavuus yhdess\u00e4 \u2013 korkealaatuiset, puuterittomat nitriilik\u00e4sineet, jotka on suunniteltu varmistamaan maksimaalinen turvallisuus ja mukavuus joka tilanteessa.<\/p>\n<p data-start=\"463\" data-end=\"661\">N\u00e4m\u00e4 joustavat, joustavat ja painamattomat k\u00e4sineet mukautuvat t\u00e4ydellisesti k\u00e4den muotoon, ja niiden teksturoitu pinta mahdollistaa turvallisen ty\u00f6skentelyn my\u00f6s liukkaiden ty\u00f6kalujen tai materiaalien kanssa.<\/p>","protected":false},"featured_media":15159,"comment_status":"open","ping_status":"closed","template":"","meta":[],"product_brand":[309],"product_cat":[311,191],"product_tag":[],"class_list":{"0":"post-11874","1":"product","2":"type-product","3":"status-publish","4":"has-post-thumbnail","6":"product_brand-kid-man","7":"product_cat-higiena","8":"product_cat-vienkartines-pirstines","10":"first","11":"instock","12":"shipping-taxable","13":"purchasable","14":"product-type-variable"},"_links":{"self":[{"href":"https:\/\/geliai.lt\/fi\/wp-json\/wp\/v2\/product\/11874","targetHints":{"allow":["GET"]}}],"collection":[{"href":"https:\/\/geliai.lt\/fi\/wp-json\/wp\/v2\/product"}],"about":[{"href":"https:\/\/geliai.lt\/fi\/wp-json\/wp\/v2\/types\/product"}],"replies":[{"embeddable":true,"href":"https:\/\/geliai.lt\/fi\/wp-json\/wp\/v2\/comments?post=11874"}],"version-history":[{"count":5,"href":"https:\/\/geliai.lt\/fi\/wp-json\/wp\/v2\/product\/11874\/revisions"}],"predecessor-version":[{"id":15160,"href":"https:\/\/geliai.lt\/fi\/wp-json\/wp\/v2\/product\/11874\/revisions\/15160"}],"wp:featuredmedia":[{"embeddable":true,"href":"https:\/\/geliai.lt\/fi\/wp-json\/wp\/v2\/media\/15159"}],"wp:attachment":[{"href":"https:\/\/geliai.lt\/fi\/wp-json\/wp\/v2\/media?parent=11874"}],"wp:term":[{"taxonomy":"product_brand","embeddable":true,"href":"https:\/\/geliai.lt\/fi\/wp-json\/wp\/v2\/product_brand?post=11874"},{"taxonomy":"product_cat","embeddable":true,"href":"https:\/\/geliai.lt\/fi\/wp-json\/wp\/v2\/product_cat?post=11874"},{"taxonomy":"product_tag","embeddable":true,"href":"https:\/\/geliai.lt\/fi\/wp-json\/wp\/v2\/product_tag?post=11874"}],"curies":[{"name":"wp","href":"https:\/\/api.w.org\/{rel}","templated":true}]}}