{"id":11853,"date":"2025-09-10T15:28:57","date_gmt":"2025-09-10T12:28:57","guid":{"rendered":"https:\/\/geliai.lt\/?post_type=product&#038;p=11853"},"modified":"2026-04-29T20:09:33","modified_gmt":"2026-04-29T17:09:33","slug":"vienkartines-nitrilo-pirstines","status":"publish","type":"product","link":"https:\/\/geliai.lt\/fi\/parduotuve\/higiena\/vienkartines-nitrilo-pirstines\/","title":{"rendered":"Kid-Man mustat nitriilikertak\u00e4ytt\u00f6k\u00e4sineet, 100 kpl (XS\u2013XL)"},"content":{"rendered":"<ul data-path-to-node=\"1\">\n<li>\n<p data-path-to-node=\"1,0,0\"><b data-path-to-node=\"1,0,0\" data-index-in-node=\"0\">Sertifioitu suojaus<\/b> \u2013 auk\u0161to lygio barjeras nuo chemini\u0173 med\u017eiag\u0173 ir mikroorganizm\u0173, u\u017etikrinantis patikim\u0105 rank\u0173 apsaug\u0105 medicinos specialistams bei kitiems profesionalams.<\/p>\n<\/li>\n<li>\n<p data-path-to-node=\"1,1,0\"><b data-path-to-node=\"1,1,0\" data-index-in-node=\"0\">Darbo tikslumas<\/b> \u2013 tekst\u016bruotas pavir\u0161ius garantuoja stabil\u0173 sukibim\u0105 su \u012frankiais, o bepudr\u0117 formul\u0117 u\u017etikrina komfort\u0105 ir suma\u017eina odos dirginimo rizik\u0105.<\/p>\n<\/li>\n<li>\n<p data-path-to-node=\"1,2,0\"><b data-path-to-node=\"1,2,0\" data-index-in-node=\"0\">Tekniset tiedot<\/b> \u2013 pakuot\u0119 sudaro 100 vienet\u0173 vienkartini\u0173 pir\u0161tini\u0173, galimi dyd\u017eiai nuo XS iki XL, pritaikyti efektyviam kasdieniam naudojimui.<\/p>\n<\/li>\n<\/ul>","protected":false},"excerpt":{"rendered":"<h5>Mustat kertak\u00e4ytt\u00f6iset nitriilik\u00e4sineet, 100 kpl.<\/h5>\n<p>Nesterilios juodos nitrilo pir\u0161tin\u0117s, elastingos, lanks\u010dios ir be pudros, su tekst\u016bruotu pavir\u0161iumi, kuris neslopina jautrumo. U\u017etikrina auk\u0161to lygio apsaug\u0105 nuo daugelio chemini\u0173 med\u017eiag\u0173, mikroorganizm\u0173 ir virus\u0173. Suderinamos su vandens ir alkoholio tirpalais bei geliais, tod\u0117l puikiai tinka medicinai, laboratorijoms ar kitoms sritims, kur reikalinga apsauga.<\/p>\n<p>\u0160ios pir\u0161tin\u0117s atitinka Europos reglamentus: Medicinos prietais\u0173 (2017\/745 ES) ir Asmenini\u0173 apsaugos priemoni\u0173 (2016\/425 ES). Jos priskiriamos III kategorijai ir i\u0161bandytos pagal standartus EN455, EN374, EN420, taip pat ASTM D6978 citostatini\u0173 med\u017eiag\u0173 prasiskverbimo testui.<\/p>","protected":false},"featured_media":16819,"comment_status":"open","ping_status":"closed","template":"","meta":[],"product_brand":[309],"product_cat":[311,191],"product_tag":[],"class_list":{"0":"post-11853","1":"product","2":"type-product","3":"status-publish","4":"has-post-thumbnail","6":"product_brand-kid-man","7":"product_cat-higiena","8":"product_cat-vienkartines-pirstines","10":"first","11":"instock","12":"shipping-taxable","13":"purchasable","14":"product-type-variable"},"_links":{"self":[{"href":"https:\/\/geliai.lt\/fi\/wp-json\/wp\/v2\/product\/11853","targetHints":{"allow":["GET"]}}],"collection":[{"href":"https:\/\/geliai.lt\/fi\/wp-json\/wp\/v2\/product"}],"about":[{"href":"https:\/\/geliai.lt\/fi\/wp-json\/wp\/v2\/types\/product"}],"replies":[{"embeddable":true,"href":"https:\/\/geliai.lt\/fi\/wp-json\/wp\/v2\/comments?post=11853"}],"version-history":[{"count":5,"href":"https:\/\/geliai.lt\/fi\/wp-json\/wp\/v2\/product\/11853\/revisions"}],"predecessor-version":[{"id":15167,"href":"https:\/\/geliai.lt\/fi\/wp-json\/wp\/v2\/product\/11853\/revisions\/15167"}],"wp:featuredmedia":[{"embeddable":true,"href":"https:\/\/geliai.lt\/fi\/wp-json\/wp\/v2\/media\/16819"}],"wp:attachment":[{"href":"https:\/\/geliai.lt\/fi\/wp-json\/wp\/v2\/media?parent=11853"}],"wp:term":[{"taxonomy":"product_brand","embeddable":true,"href":"https:\/\/geliai.lt\/fi\/wp-json\/wp\/v2\/product_brand?post=11853"},{"taxonomy":"product_cat","embeddable":true,"href":"https:\/\/geliai.lt\/fi\/wp-json\/wp\/v2\/product_cat?post=11853"},{"taxonomy":"product_tag","embeddable":true,"href":"https:\/\/geliai.lt\/fi\/wp-json\/wp\/v2\/product_tag?post=11853"}],"curies":[{"name":"wp","href":"https:\/\/api.w.org\/{rel}","templated":true}]}}