{"id":11810,"date":"2025-09-04T07:56:30","date_gmt":"2025-09-04T04:56:30","guid":{"rendered":"https:\/\/geliai.lt\/?post_type=product&#038;p=11810"},"modified":"2026-04-26T17:42:48","modified_gmt":"2026-04-26T14:42:48","slug":"modeling-gel-27-clear-gelis","status":"publish","type":"product","link":"https:\/\/geliai.lt\/fi\/parduotuve\/gelio-sistema\/modeling-gel-27-clear-gelis\/","title":{"rendered":"Modeling Gel Clear &#8211; gelis nag\u0173 priauginimui"},"content":{"rendered":"<ul>\n<li>\n<p data-path-to-node=\"2,0,0\"><b data-path-to-node=\"2,0,0\" data-index-in-node=\"0\">Itsetasaava kaava<\/b> - Geelill\u00e4 on \u201enestem\u00e4isen muistin\u201c ominaisuus: se muuttuu nestem\u00e4iseksi ja t\u00e4ysin sile\u00e4ksi, kun sit\u00e4 liikutetaan siveltimell\u00e4, ja j\u00e4\u00e4tyy paikalleen, kun se lakkaa muotoilemasta, joten se ei valu kynsinauhoihin ja sit\u00e4 on helpompi k\u00e4sitell\u00e4.<\/p>\n<\/li>\n<li>\n<p data-path-to-node=\"2,1,0\"><b data-path-to-node=\"2,1,0\" data-index-in-node=\"0\">Huipputurvallisuus<\/b> - Happo- ja allergeenivapaa, tuote sopii herkille asiakkaille, tarjoaa erinomaisen tarttuvuuden kynsilaattaan ja monik\u00e4ytt\u00f6isyyden.<\/p>\n<\/li>\n<li>\n<p data-path-to-node=\"2,2,0\"><b data-path-to-node=\"2,2,0\" data-index-in-node=\"0\">Kest\u00e4vyys ja kiilto<\/b> - Materiaalin kiilto on voimakas ja se kest\u00e4\u00e4 hyvin naarmuja ja muita mekaanisia vaurioita, joten manikyyrisi pysyy t\u00e4ydellisen\u00e4 pitk\u00e4\u00e4n.<\/p>\n<\/li>\n<\/ul>","protected":false},"excerpt":{"rendered":"<h3>Kirkas mallinnusgeeli (ilman HEMAa, ilman TPOa)<\/h3>\n<p>Monik\u00e4ytt\u00f6inen rakennusgeeli, jossa yhdistyv\u00e4t t\u00e4ydellisesti perus-, rakennus- ja kiiltotuotteen ominaisuudet. Se on ihanteellinen valinta niille, jotka haluavat kauniit ja vahvat kynnet aiheuttamatta allergioita tai ihoreaktioita.<\/p>\n<p>Miksi mallinnusgeelimme on yksinomainen?<\/p>\n<p>Turvallinen - ei mahdollisesti haitallisia ainesosia, turvallinen kynsille ja iholle.<br \/>\nHuippulaatu - jokainen tuote on suunniteltu laadun ja nopeuden kannalta.<br \/>\nLaaja v\u00e4rivalikoima - meill\u00e4 on useita eri s\u00e4vyj\u00e4 tarpeisiisi sopiviksi.<br \/>\nHelppok\u00e4ytt\u00f6inen - sopii erinomaisesti sek\u00e4 kokeneille ett\u00e4 aloitteleville kynsiteknikoille, sill\u00e4 se takaa pitk\u00e4kestoisen manikyyrin jopa 4 viikoksi.<\/p>","protected":false},"featured_media":15171,"comment_status":"open","ping_status":"closed","template":"","meta":[],"product_brand":[290],"product_cat":[180,277,580],"product_tag":[],"class_list":{"0":"post-11810","1":"product","2":"type-product","3":"status-publish","4":"has-post-thumbnail","6":"product_brand-monarx-nails","7":"product_cat-gelio-sistema","8":"product_cat-modeling-gel","9":"product_cat-nagu-prieziura","11":"first","12":"instock","13":"shipping-taxable","14":"purchasable","15":"product-type-variable"},"_links":{"self":[{"href":"https:\/\/geliai.lt\/fi\/wp-json\/wp\/v2\/product\/11810","targetHints":{"allow":["GET"]}}],"collection":[{"href":"https:\/\/geliai.lt\/fi\/wp-json\/wp\/v2\/product"}],"about":[{"href":"https:\/\/geliai.lt\/fi\/wp-json\/wp\/v2\/types\/product"}],"replies":[{"embeddable":true,"href":"https:\/\/geliai.lt\/fi\/wp-json\/wp\/v2\/comments?post=11810"}],"version-history":[{"count":3,"href":"https:\/\/geliai.lt\/fi\/wp-json\/wp\/v2\/product\/11810\/revisions"}],"predecessor-version":[{"id":15172,"href":"https:\/\/geliai.lt\/fi\/wp-json\/wp\/v2\/product\/11810\/revisions\/15172"}],"wp:featuredmedia":[{"embeddable":true,"href":"https:\/\/geliai.lt\/fi\/wp-json\/wp\/v2\/media\/15171"}],"wp:attachment":[{"href":"https:\/\/geliai.lt\/fi\/wp-json\/wp\/v2\/media?parent=11810"}],"wp:term":[{"taxonomy":"product_brand","embeddable":true,"href":"https:\/\/geliai.lt\/fi\/wp-json\/wp\/v2\/product_brand?post=11810"},{"taxonomy":"product_cat","embeddable":true,"href":"https:\/\/geliai.lt\/fi\/wp-json\/wp\/v2\/product_cat?post=11810"},{"taxonomy":"product_tag","embeddable":true,"href":"https:\/\/geliai.lt\/fi\/wp-json\/wp\/v2\/product_tag?post=11810"}],"curies":[{"name":"wp","href":"https:\/\/api.w.org\/{rel}","templated":true}]}}