{"id":11713,"date":"2025-09-03T14:02:24","date_gmt":"2025-09-03T11:02:24","guid":{"rendered":"https:\/\/geliai.lt\/?post_type=product&#038;p=11713"},"modified":"2026-04-06T21:25:48","modified_gmt":"2026-04-06T18:25:48","slug":"kumipohja-tonni-1-ei-hema-tpo","status":"publish","type":"product","link":"https:\/\/geliai.lt\/fi\/parduotuve\/bazes-ir-topai\/rubber-base-ton-1-no-hema-tpo\/","title":{"rendered":"Kuminen pohja TON 1 (ei hemaa\/tpoa)"},"content":{"rendered":"","protected":false},"excerpt":{"rendered":"<h5>Kumipohja TON 1 \u2013 vahva, itsest\u00e4\u00e4n tasoittuva pohja, joka sopii geelilakan tai luonnonkynsien vahvistamisen pohjaksi<\/h5>\n<h6>(ilman HEMAa, ilman TPO:ta)<\/h6>\n<p>\u2022 Keskipaksu koostumus mahdollistaa Rubber Basen mukavan levityksen ja tasaisen jakautumisen kynnelle.<br \/>\n\u2022 Muodostaa vahvan ja pitk\u00e4kestoisen pohjakerroksen, joka ei hilseile, lohkeile eik\u00e4 v\u00e4rj\u00e4ydy.<br \/>\n\u2022 Elastinen koostumus mukautuu luonnolliseen kynteen ja v\u00e4hent\u00e4\u00e4 halkeiluriski\u00e4.<br \/>\n\u2022 Sopii k\u00e4ytett\u00e4v\u00e4ksi sek\u00e4 geelilakan alla pohjustavana ett\u00e4 peitt\u00e4v\u00e4n\u00e4 kerroksena luonnollisemman ilmeen saavuttamiseksi.<br \/>\n\u2022 Geelilakkojen kanssa k\u00e4ytettyn\u00e4 \u2013 kest\u00e4\u00e4 jopa 4 viikkoa.<\/p>","protected":false},"featured_media":11714,"comment_status":"open","ping_status":"closed","template":"","meta":[],"product_brand":[290],"product_cat":[179,211,580],"product_tag":[],"class_list":{"0":"post-11713","1":"product","2":"type-product","3":"status-publish","4":"has-post-thumbnail","6":"product_brand-monarx-nails","7":"product_cat-bazes-ir-topai","8":"product_cat-komufliazo-bazes","9":"product_cat-nagu-prieziura","11":"first","12":"instock","13":"shipping-taxable","14":"purchasable","15":"product-type-variable"},"_links":{"self":[{"href":"https:\/\/geliai.lt\/fi\/wp-json\/wp\/v2\/product\/11713","targetHints":{"allow":["GET"]}}],"collection":[{"href":"https:\/\/geliai.lt\/fi\/wp-json\/wp\/v2\/product"}],"about":[{"href":"https:\/\/geliai.lt\/fi\/wp-json\/wp\/v2\/types\/product"}],"replies":[{"embeddable":true,"href":"https:\/\/geliai.lt\/fi\/wp-json\/wp\/v2\/comments?post=11713"}],"version-history":[{"count":2,"href":"https:\/\/geliai.lt\/fi\/wp-json\/wp\/v2\/product\/11713\/revisions"}],"predecessor-version":[{"id":15195,"href":"https:\/\/geliai.lt\/fi\/wp-json\/wp\/v2\/product\/11713\/revisions\/15195"}],"wp:featuredmedia":[{"embeddable":true,"href":"https:\/\/geliai.lt\/fi\/wp-json\/wp\/v2\/media\/11714"}],"wp:attachment":[{"href":"https:\/\/geliai.lt\/fi\/wp-json\/wp\/v2\/media?parent=11713"}],"wp:term":[{"taxonomy":"product_brand","embeddable":true,"href":"https:\/\/geliai.lt\/fi\/wp-json\/wp\/v2\/product_brand?post=11713"},{"taxonomy":"product_cat","embeddable":true,"href":"https:\/\/geliai.lt\/fi\/wp-json\/wp\/v2\/product_cat?post=11713"},{"taxonomy":"product_tag","embeddable":true,"href":"https:\/\/geliai.lt\/fi\/wp-json\/wp\/v2\/product_tag?post=11713"}],"curies":[{"name":"wp","href":"https:\/\/api.w.org\/{rel}","templated":true}]}}