{"id":11691,"date":"2025-09-03T12:45:28","date_gmt":"2025-09-03T09:45:28","guid":{"rendered":"https:\/\/geliai.lt\/?post_type=product&#038;p=11691"},"modified":"2026-02-26T19:50:09","modified_gmt":"2026-02-26T17:50:09","slug":"softglow-geeli-4-ilman-hema-tpota","status":"publish","type":"product","link":"https:\/\/geliai.lt\/fi\/parduotuve\/gelio-sistema\/softglow-gel-4-no-hema-tpo\/","title":{"rendered":"SoftGlow GEL 4 (ei hemaa\/tpoa)"},"content":{"rendered":"","protected":false},"excerpt":{"rendered":"<h5>SoftGlow GEL 4 \u2013 luonnollisen virheett\u00f6m\u00e4\u00e4n manikyyriin<\/h5>\n<h6>(ilman HEMAa, ilman TPO:ta)<\/h6>\n<p>Monarx SoftGlow Gel on hell\u00e4varainen, hapoton kynsien muotoilugeeli, jonka avulla voit luoda virheett\u00f6m\u00e4n manikyyrin ja luonnollisen kynsilookin.<br \/>\n\u2022 Keskipaksu SoftGlow-geeli varmistaa nopean ja k\u00e4tev\u00e4n levityksen \u2013 se ei valu, levittyy helposti ja tasaisesti.<br \/>\n\u2022 Perustus vaaditaan.<br \/>\n\u2022 Muodostaa kest\u00e4v\u00e4n ja pitk\u00e4ik\u00e4isen pinnoitteen, joka ei hilseile, lohkeile, v\u00e4rj\u00e4ydy ja on helppo poistaa.<br \/>\n\u2022 Pienempi l\u00e4mp\u00f6vaikutus lis\u00e4\u00e4 mukavuutta toimenpiteen aikana.<br \/>\n\u2022 Hell\u00e4varainen klassisten s\u00e4vyjen paletti mahdollistaa SoftGlow-geelien k\u00e4yt\u00f6n itsen\u00e4isen\u00e4 tuotteena \u2013 ne toimivat samanaikaisesti sek\u00e4 pohjana ett\u00e4 v\u00e4rikerroksena.<\/p>","protected":false},"featured_media":11692,"comment_status":"open","ping_status":"closed","template":"","meta":[],"product_brand":[290],"product_cat":[180,580,308],"product_tag":[],"class_list":{"0":"post-11691","1":"product","2":"type-product","3":"status-publish","4":"has-post-thumbnail","6":"product_brand-monarx-nails","7":"product_cat-gelio-sistema","8":"product_cat-nagu-prieziura","9":"product_cat-softglow-geliai","11":"first","12":"instock","13":"shipping-taxable","14":"purchasable","15":"product-type-variable"},"_links":{"self":[{"href":"https:\/\/geliai.lt\/fi\/wp-json\/wp\/v2\/product\/11691","targetHints":{"allow":["GET"]}}],"collection":[{"href":"https:\/\/geliai.lt\/fi\/wp-json\/wp\/v2\/product"}],"about":[{"href":"https:\/\/geliai.lt\/fi\/wp-json\/wp\/v2\/types\/product"}],"replies":[{"embeddable":true,"href":"https:\/\/geliai.lt\/fi\/wp-json\/wp\/v2\/comments?post=11691"}],"version-history":[{"count":4,"href":"https:\/\/geliai.lt\/fi\/wp-json\/wp\/v2\/product\/11691\/revisions"}],"predecessor-version":[{"id":15199,"href":"https:\/\/geliai.lt\/fi\/wp-json\/wp\/v2\/product\/11691\/revisions\/15199"}],"wp:featuredmedia":[{"embeddable":true,"href":"https:\/\/geliai.lt\/fi\/wp-json\/wp\/v2\/media\/11692"}],"wp:attachment":[{"href":"https:\/\/geliai.lt\/fi\/wp-json\/wp\/v2\/media?parent=11691"}],"wp:term":[{"taxonomy":"product_brand","embeddable":true,"href":"https:\/\/geliai.lt\/fi\/wp-json\/wp\/v2\/product_brand?post=11691"},{"taxonomy":"product_cat","embeddable":true,"href":"https:\/\/geliai.lt\/fi\/wp-json\/wp\/v2\/product_cat?post=11691"},{"taxonomy":"product_tag","embeddable":true,"href":"https:\/\/geliai.lt\/fi\/wp-json\/wp\/v2\/product_tag?post=11691"}],"curies":[{"name":"wp","href":"https:\/\/api.w.org\/{rel}","templated":true}]}}